{"id":13615,"date":"2022-01-10T10:44:44","date_gmt":"2022-01-10T10:44:44","guid":{"rendered":"http:\/\/rcomanche.com\/?page_id=13615"},"modified":"2022-01-10T10:44:44","modified_gmt":"2022-01-10T10:44:44","slug":"garantia","status":"publish","type":"page","link":"https:\/\/rcomanche.com\/ca\/garantia\/","title":{"rendered":"Garantia"},"content":{"rendered":"<p>&nbsp;&nbsp;&nbsp;&nbsp;&nbsp;&nbsp;&nbsp;&nbsp;&nbsp;&nbsp;&nbsp;&nbsp;&nbsp;&nbsp;&nbsp; Informaci\u00f3 sobre les garanties en la venda de b\u00e9ns de consum&nbsp;&nbsp;&nbsp;&nbsp;&nbsp;&nbsp;&nbsp;&nbsp;&nbsp;&nbsp;&nbsp;&nbsp;&nbsp;&nbsp;&nbsp;&nbsp;&nbsp;&nbsp;&nbsp;&nbsp;&nbsp;&nbsp;&nbsp;&nbsp;&nbsp;&nbsp;&nbsp;&nbsp;&nbsp;&nbsp;&nbsp;&nbsp;&nbsp;&nbsp;&nbsp;&nbsp;&nbsp;&nbsp;&nbsp;&nbsp;&nbsp;&nbsp;&nbsp;&nbsp;&nbsp;&nbsp;&nbsp;&nbsp;&nbsp;&nbsp;&nbsp;&nbsp;&nbsp;&nbsp;&nbsp;&nbsp;&nbsp;&nbsp;&nbsp;&nbsp;&nbsp;<\/p>\n\n\n\n<h1 class=\"wp-block-heading\">B\u00e9ns regulats per la llei<\/h1>\n\n\n\n<p>La Llei de garanties s&#039;aplica sobre els b\u00e9ns mobles de consum privat, \u00e9s a dir, els b\u00e9ns de consum: des d&#039;un electrodom\u00e8stic fins a un vehicle, passant per mobles, objectes de tota mena, fins i tot obres d&#039;art. Pel concepte propi queden eliminats els serveis i els b\u00e9ns immobles.<\/p>\n\n\n\n<p>La Llei exclou les compravendes entre particulars.<\/p>\n\n\n\n<p>Per als b\u00e9ns de consum nous, la garantia ser\u00e0 de dos anys, mentre que per als productes de segona m\u00e0, la garantia ser\u00e0 d&#039;un any. Durant els sis primers mesos de garantia d&#039;un producte nou es pressuposa que el dany ve de f\u00e0brica i el venedor ha d&#039;assumir totes les despeses de la reparaci\u00f3, tant peces, trasllat com hores de treball. El temps de la garantia queda suspens durant el temps que el producte o objecte estigui en reparaci\u00f3.<\/p>\n\n\n\n<h1 class=\"wp-block-heading\">Producte en bon estat<\/h1>\n\n\n\n<p>La llei considera que un consumidor ha de sentir-se satisfet amb el producte adquirit si compleix els requisits seg\u00fcents: que el producte s&#039;ajusti a la descripci\u00f3 donada pel venedor i que tingui les qualitats manifestades a trav\u00e9s d&#039;una demostraci\u00f3 o un model. Tamb\u00e9 ha de servir per al que est\u00e0 indicat tant al llibre d&#039;instruccions, com a les indicacions verbals que hagi pogut fer el venedor o en un v\u00eddeo demostratiu. Tamb\u00e9 serveix com a \u00fas habitual la publicitat, les indicacions que apareguin reflectides en una etiqueta, o un \u00fas que es desprengui de les pr\u00f2pies caracter\u00edstiques del producte. Fins i tot, si el consumidor ha sol\u00b7licitat un \u00fas especial i el venedor li ha assegurat que el b\u00e9 adquirit els ho oferir\u00e0, aix\u00ed ha de ser. A m\u00e9s a m\u00e9s, el producte que es compra ha de presentar la qualitat i el comportament adequat. Aix\u00ed, una olla de pressi\u00f3 ha de cuinar m\u00e9s de pressa que una marmita tradicional.<\/p>\n\n\n\n<h1 class=\"wp-block-heading\">Aplicaci\u00f3 de la Llei<\/h1>\n\n\n\n<p>La Llei obliga els venedors de b\u00e9ns de consum, d&#039;una banda, i els consumidors com a destinataris finals, de l&#039;altra. \u00c9s a dir, queden exclosos els contractes que es realitzen entre particulars, ja que nom\u00e9s preveu la compravenda entre un venedor professional i un consumidor.<\/p>\n\n\n\n<p>S&#039;aplicar\u00e0 sempre que es compri un b\u00e9 de consum, \u00e9s a dir, qualsevol objecte o producte de consum privat. En queden exclosos els b\u00e9ns adquirits en una venda judicial (subhasta de b\u00e9ns confiscats). Tampoc no estan sotmesos a aquesta llei la distribuci\u00f3 d&#039;aigua o gas no envasats per a la venda.<\/p>\n\n\n\n<h1 class=\"wp-block-heading\">Reclamaci\u00f3 en cas de fallada al producte<\/h1>\n\n\n\n<p>El primer responsable del producte \u00e9s el venedor. Tot i aix\u00f2, el consumidor pot acudir directament al fabricant oa l&#039;importador, si acudir al venedor li suposa una c\u00e0rrega. Per exemple, si durant unes vacances lluny de casa s&#039;ha adquirit una c\u00e0mera de fotos digital que no respon a all\u00f2 que s&#039;ha ofert a la botiga, per al consumidor resulta m\u00e9s f\u00e0cil acudir al fabricant o importador que a l&#039;establiment on el va comprar.<\/p>\n\n\n\n<p>En cas que el producte no respongui a les caracter\u00edstiques anunciades, el consumidor pot optar entre la reparaci\u00f3 del b\u00e9 o la substituci\u00f3, llevat que aix\u00f2 sigui impossible o desproporcionat. Si la reparaci\u00f3 o substituci\u00f3 no s\u00f3n possibles, o resulten desproporcionades, el consumidor pot optar per una rebaixa adequada al preu o per la resoluci\u00f3 del contracte, \u00e9s a dir, la devoluci\u00f3 del preu.<\/p>\n\n\n\n<p>El consumidor no pot exigir la substituci\u00f3 quan es tracti de b\u00e9ns de segona m\u00e0 o b\u00e9ns de substituci\u00f3 impossible. Per exemple, no es pot exigir substituci\u00f3 si el b\u00e9 ja no es fabrica o no en queden exist\u00e8ncies, si s&#039;adquireix un vehicle de segona m\u00e0 ni, per la impossibilitat que comporta, es pot substituir una obra d&#039;art, una antiguitat o un disseny de roba exclusiu. La substituci\u00f3 ser\u00e0 desproporcionada quan sigui un petit<\/p>\n\n\n\n<p>defecte de f\u00e0cil o senzilla reparaci\u00f3. La reparaci\u00f3 ser\u00e0 desproporcionada quan sigui antiecon\u00f2mica, \u00e9s a dir, m\u00e9s cara la reparaci\u00f3 que el valor del b\u00e9.<\/p>\n\n\n\n<h1 class=\"wp-block-heading\">Per\u00edodes de reclamaci\u00f3<\/h1>\n\n\n\n<p>El consumidor ha d&#039;acudir a denunciar la decisi\u00f3 en un termini de dos mesos des que la va detectar. En aquest sentit, si el problema ha aparegut en els sis mesos despr\u00e9s de la compra del producte, el venedor ha de fer efectiva la garantia, ja que en aquest per\u00edode de temps es d\u00f3na per fet que el problema ve de f\u00e0brica. Tot i aix\u00f2, si han passat aquests sis mesos, \u00e9s el consumidor qui ha de demostrar que la decisi\u00f3 ve d&#039;origen i que no ha estat provocada per un mal \u00fas del producte.<\/p>\n\n\n\n<p>La Llei estableix que durant els sis mesos posteriors al lliurament del b\u00e9 reparat el venedor respondr\u00e0 de les faltes que van motivar la reparaci\u00f3, i es presumir\u00e0 que es tracta de la mateixa falta quan es reprodueixin defectes del mateix origen que els inicialment reparats. Per poder fer efectiva aquesta garantia de la reparaci\u00f3 el consumidor ha de guardar el comprovant de la reparaci\u00f3 i del servei t\u00e8cnic que, al seu dia, va reparar el producte.<\/p>\n\n\n\n<h1 class=\"wp-block-heading\">Fallada despr\u00e9s de la reparaci\u00f3 o substituci\u00f3<\/h1>\n\n\n\n<p>La Llei recull aquestes possibilitats: Si el consumidor va triar la substituci\u00f3 d&#039;un producte amb error, per un altre d&#039;igual, pot sol\u00b7licitar al venedor la reparaci\u00f3, sempre que no sigui desproporcionada, la rebaixa en el preu o la devoluci\u00f3 dels diners. D&#039;altra banda, si davant d&#039;un error en un producte es va triar la reparaci\u00f3, el consumidor pot exigir un canvi, una rebaixa en el preu o la devoluci\u00f3 de tots els diners desemborsats.<\/p>\n\n\n\n<p>Per\u00f2 la llei no especifica ni la quantia ni el tipus de rebaixa en el preu que el venedor ha de fer al consumidor en cas que aquesta sigui l&#039;opci\u00f3 escollida. Aix\u00ed les dues parts que intervenen en la compravenda estan obligades a arribar a acords que satisfacin totes dues.<\/p>\n\n\n\n<h1 class=\"wp-block-heading\">Negaci\u00f3 a reparar, rebaixar preu o tornar els diners<\/h1>\n\n\n\n<p>Si estem dins dels sis primers mesos, cal exigir la reparaci\u00f3 i sol\u00b7licitar un Full de Reclamacions i insistir fins i tot fins a arribar a judici. Es presumeix que la manca existia. Per\u00f2 si els sis primers mesos ja han passat, estem a la inversa. \u00c9s el consumidor qui ha de provar que el producte es va adquirir amb la manca.<\/p>\n\n\n\n<p>En qualsevol cas, el consumidor haur\u00e0 de negociar i si no est\u00e0 d&#039;acord amb la rebaixa que li ofereix el venedor, pot acudir a un taxador per determinar el preu del producte despr\u00e9s de la reparaci\u00f3 i sol\u00b7licitar una rebaixa de preu en aquest sentit.<\/p>\n\n\n\n<h1 class=\"wp-block-heading\">Llibre d&#039;instruccions i mala instal\u00b7laci\u00f3<\/h1>\n\n\n\n<p>Si un consumidor fa un mal \u00fas d&#039;un producte, perqu\u00e8 el llibre d&#039;instruccions \u00e9s incorrecte, la llei de garanties protegeix el consumidor i en pot exigir la reparaci\u00f3 o la substituci\u00f3. De la mateixa manera, si la sent\u00e8ncia es produeix per una mala instal\u00b7laci\u00f3 provocada tant per les err\u00f2nies instruccions del manual, com pels t\u00e8cnics enviats pel venedor, tamb\u00e9 \u00e9s responsable.<\/p>\n\n\n\n<h1 class=\"wp-block-heading\">En cas de reparaci\u00f3 o trasllat a un servei t\u00e8cnic, qu\u00e8 ha de pagar el consumidor?<\/h1>\n\n\n\n<p>Res. Durant el per\u00edode en qu\u00e8 \u00e9s efectiva la garantia el venedor o el productor s&#039;ha de fer c\u00e0rrec del cost dels despla\u00e7aments, de les peces i del temps de la reparaci\u00f3. A m\u00e9s, mentre el producte romangui al servei t\u00e8cnic se susp\u00e8n el temps de garantia. \u00c9s a dir, no corre el rellotge. D&#039;altra banda, al marge d&#039;exigir l&#039;aplicaci\u00f3 de la garantia (la reparaci\u00f3, el canvi, la rebaixa de preu o la devoluci\u00f3 de diners), el consumidor en pot exigir una<\/p>\n\n\n\n<p>indemnitzaci\u00f3 pels danys o perjudicis derivats de l&#039;avaria i el temps de reparaci\u00f3, per exemple, si un usuari adquireix una nevera i es fa malb\u00e9 a la setmana de compra, a m\u00e9s de sol\u00b7licitar que es faci efectiva la garantia, aquest usuari pot exigir una indemnitzaci\u00f3 pels aliments que s&#039;han fet malb\u00e9 davant el mal funcionament de l&#039;electrodom\u00e8stic.<\/p>\n\n\n\n<h1 class=\"wp-block-heading\">Garantia comercial<\/h1>\n\n\n\n<p>La garantia comercial \u00e9s aquella que el fabricant, distribu\u00efdor o venedor donen, i que sempre ha de superar la que ofereix la llei, ja que aquesta s&#039;ent\u00e9n com a m\u00ednim exigible pel consumidor. Tamb\u00e9 \u00e9s una eina de <em>m\u00e0rqueting <\/em>de les empreses. Aix\u00f2 no obstant, aquesta garantia ha de complir certs requisits, com ara deixar clar a qu\u00e8 s&#039;aplica, l&#039;objecte o producte que t\u00e9 aquesta garantia i el nom i l&#039;adre\u00e7a de qui l&#039;ofereix.<\/p>","protected":false},"excerpt":{"rendered":"<p>&nbsp;&nbsp;&nbsp;&nbsp;&nbsp;&nbsp;&nbsp;&nbsp;&nbsp;&nbsp;&nbsp;&nbsp;&nbsp;&nbsp;&nbsp; Informaci\u00f3n sobre las garant\u00edas en la venta de bienes de consumo&nbsp;&nbsp;&nbsp;&nbsp;&nbsp;&nbsp;&nbsp;&nbsp;&nbsp;&nbsp;&nbsp;&nbsp;&nbsp;&nbsp;&nbsp;&nbsp;&nbsp;&nbsp;&nbsp;&nbsp;&nbsp;&nbsp;&nbsp;&nbsp;&nbsp;&nbsp;&nbsp;&nbsp;&nbsp;&nbsp;&nbsp;&nbsp;&nbsp;&nbsp;&nbsp;&nbsp;&nbsp;&nbsp;&nbsp;&nbsp;&nbsp;&nbsp;&nbsp;&nbsp;&nbsp;&nbsp;&nbsp;&nbsp;&nbsp;&nbsp;&nbsp;&nbsp;&nbsp;&nbsp;&nbsp;&nbsp;&nbsp;&nbsp;&nbsp;&nbsp;&nbsp; Bienes regulados por la ley La Ley de Garant\u00edas se aplica sobre los bienes muebles de consumo privado, es decir, los bienes de consumo: desde un electrodom\u00e9stico hasta un veh\u00edculo, pasando por muebles,&#8230;<\/p>","protected":false},"author":2,"featured_media":0,"parent":0,"menu_order":0,"comment_status":"closed","ping_status":"closed","template":"","meta":{"footnotes":""},"class_list":["post-13615","page","type-page","status-publish","hentry"],"_links":{"self":[{"href":"https:\/\/rcomanche.com\/ca\/wp-json\/wp\/v2\/pages\/13615","targetHints":{"allow":["GET"]}}],"collection":[{"href":"https:\/\/rcomanche.com\/ca\/wp-json\/wp\/v2\/pages"}],"about":[{"href":"https:\/\/rcomanche.com\/ca\/wp-json\/wp\/v2\/types\/page"}],"author":[{"embeddable":true,"href":"https:\/\/rcomanche.com\/ca\/wp-json\/wp\/v2\/users\/2"}],"replies":[{"embeddable":true,"href":"https:\/\/rcomanche.com\/ca\/wp-json\/wp\/v2\/comments?post=13615"}],"version-history":[{"count":0,"href":"https:\/\/rcomanche.com\/ca\/wp-json\/wp\/v2\/pages\/13615\/revisions"}],"wp:attachment":[{"href":"https:\/\/rcomanche.com\/ca\/wp-json\/wp\/v2\/media?parent=13615"}],"curies":[{"name":"wp","href":"https:\/\/api.w.org\/{rel}","templated":true}]}}