{"id":9044,"date":"2019-09-01T07:17:30","date_gmt":"2019-09-01T07:17:30","guid":{"rendered":"http:\/\/rcomanche.com\/?page_id=9044"},"modified":"2025-11-12T17:16:12","modified_gmt":"2025-11-12T16:16:12","slug":"remolcs-carrec","status":"publish","type":"page","link":"https:\/\/rcomanche.com\/ca\/remolques-carga\/remolques-cargo\/","title":{"rendered":"Remolques Cargo"},"content":{"rendered":"<p>Els remolcs C\u00c0RREC de COMANCHE estan pensats per a un \u00fas tant particular com professional.<\/p>\n<p>Remolcs de construcci\u00f3 robusta, \u00e0gil i molt manejable, que permeten el transport de tota mena d&#039;objectes i mercaderies: eines, llenya, bricolatge, maquin\u00e0ria\u2026<\/p>\n<p>No importa el pes ni la forma, \u00e9s un remolc dur que ho carrega tot.<\/p>","protected":false},"excerpt":{"rendered":"<p>Los remolques CARGO de COMANCHE est\u00e1n pensados para un uso tanto particular como profesional. Remolques de construcci\u00f3n robusta, \u00e1gil y muy manejable, que permiten el transporte de todo tipo de objetos y mercanc\u00edas: herramientas, le\u00f1a, bricolaje, maquinaria\u2026 No importa el peso ni la forma, es&#8230;<\/p>","protected":false},"author":2,"featured_media":9046,"parent":27,"menu_order":0,"comment_status":"closed","ping_status":"closed","template":"","meta":{"footnotes":""},"class_list":["post-9044","page","type-page","status-publish","has-post-thumbnail","hentry"],"_links":{"self":[{"href":"https:\/\/rcomanche.com\/ca\/wp-json\/wp\/v2\/pages\/9044","targetHints":{"allow":["GET"]}}],"collection":[{"href":"https:\/\/rcomanche.com\/ca\/wp-json\/wp\/v2\/pages"}],"about":[{"href":"https:\/\/rcomanche.com\/ca\/wp-json\/wp\/v2\/types\/page"}],"author":[{"embeddable":true,"href":"https:\/\/rcomanche.com\/ca\/wp-json\/wp\/v2\/users\/2"}],"replies":[{"embeddable":true,"href":"https:\/\/rcomanche.com\/ca\/wp-json\/wp\/v2\/comments?post=9044"}],"version-history":[{"count":1,"href":"https:\/\/rcomanche.com\/ca\/wp-json\/wp\/v2\/pages\/9044\/revisions"}],"predecessor-version":[{"id":35894,"href":"https:\/\/rcomanche.com\/ca\/wp-json\/wp\/v2\/pages\/9044\/revisions\/35894"}],"up":[{"embeddable":true,"href":"https:\/\/rcomanche.com\/ca\/wp-json\/wp\/v2\/pages\/27"}],"wp:featuredmedia":[{"embeddable":true,"href":"https:\/\/rcomanche.com\/ca\/wp-json\/wp\/v2\/media\/9046"}],"wp:attachment":[{"href":"https:\/\/rcomanche.com\/ca\/wp-json\/wp\/v2\/media?parent=9044"}],"curies":[{"name":"wp","href":"https:\/\/api.w.org\/{rel}","templated":true}]}}