{"id":9413,"date":"2019-09-16T04:17:28","date_gmt":"2019-09-16T04:17:28","guid":{"rendered":"http:\/\/rcomanche.com\/?page_id=9413"},"modified":"2022-01-07T16:06:46","modified_gmt":"2022-01-07T16:06:46","slug":"politica-de-privadesa","status":"publish","type":"page","link":"https:\/\/rcomanche.com\/ca\/politica-de-privacidad\/","title":{"rendered":"Pol\u00edtica de privadesa"},"content":{"rendered":"<h2>Pol\u00edtica de privadesa<\/h2>\n<p><strong>1. INFORMACI\u00d3 A L&#039;USUARI<\/strong><br \/>\n<strong>Qui \u00e9s el responsable del tractament de les teves dades personals?<\/strong><br \/>\nCOMPANYIA INDUSTRIAL REMOLQUES, SL \u00e9s el RESPONSABLE del tractament de les dades personals de l&#039;USUARI i us informa que aquestes dades seran tractades de conformitat amb el que disposa el Reglament (UE) 2016\/679, de 27 d&#039;abril (GDPR), i la Llei Org\u00e0nica 3\/2018, del 5 de desembre (LOPDGDD).<br \/>\n<strong>Per qu\u00e8 tractem les teves dades personals i per qu\u00e8 ho fem?<\/strong><br \/>\nSegons el formulari on haguem obtingut les vostres dades personals, les tractarem de manera confidencial per assolir les seg\u00fcents finalitats:<br \/>\nAl <strong>formulari Contacte <\/strong><\/p>\n<p>Donar resposta a les consultes o qualsevol tipus de petici\u00f3 que sigui realitzada per l&#039;usuari a trav\u00e9s de qualsevol<br \/>\nde les formes de contacte que es posen a la vostra disposici\u00f3 a la p\u00e0gina web del responsable.<br \/>\n(per l&#039;inter\u00e8s leg\u00edtim del responsable, art. 6.1.f GDPR)<br \/>\nRealitzar an\u00e0lisis estad\u00edstiques i estudis de mercat.<br \/>\n(per l&#039;inter\u00e8s leg\u00edtim del responsable, art. 6.1.f GDPR)<br \/>\n<strong>Durant quant de temps guardarem les teves dades personals?<\/strong><br \/>\nEs conservaran durant no m\u00e9s temps del necessari per mantenir la fi del tractament o hi hagi prescripcions legals que dictaminin la seva cust\u00f2dia i quan ja no sigui necessari, se suprimiran amb mesures de seguretat adequades per garantir l&#039;anonimitzaci\u00f3 de les dades o la destrucci\u00f3 total de els mateixos.<br \/>\n<strong>A qui facilitem les vostres dades personals?<\/strong><br \/>\nNo est\u00e0 prevista cap comunicaci\u00f3 de dades personals a tercers llevat, si fos necessari per al desenvolupament i execuci\u00f3 de les finalitats del tractament, als nostres prove\u00efdors de serveis relacionats amb comunicacions, amb els quals el RESPONSABLE t\u00e9 subscrits els contractes de confidencialitat i encarregat de tractament exigits per la normativa vigent de privadesa.<br \/>\n<strong>Quins s\u00f3n els teus drets?<\/strong><br \/>\n<strong>Els drets que assisteixen a l&#039;USUARI s\u00f3n:<\/strong><br \/>\nDret a retirar el consentiment en qualsevol moment.<br \/>\nDret d&#039;acc\u00e9s, rectificaci\u00f3, portabilitat i supressi\u00f3 de les vostres dades, i de limitaci\u00f3 o oposici\u00f3 al tractament.<\/p>\n<p>Dret a presentar una reclamaci\u00f3 davant de l&#039;autoritat de control (www.aepd.es) si considera que el tractament no s&#039;ajusta a la normativa vigent.<\/p>\n<p>Dades de contacte per exercir els seus drets:<br \/>\nCOMPANYIA INDUSTRIAL REMOLCS, SL. C\/ Sis, 9 \u2013 08794 Les Cabanyes (Barcelona). E-mail: info@rcomanche.com<\/p>\n<p><strong>2. CAR\u00c0CTER OBLIGATORI O FACULTATIU DE LA INFORMACI\u00d3 FACILITADA PER L&#039;USUARI<\/strong><br \/>\nEls USUARIS, mitjan\u00e7ant la marcaci\u00f3 de les caselles corresponents i l&#039;entrada de dades als camps, marcats amb un asterisc (*) al formulari de contacte o presentats en formularis de desc\u00e0rrega, accepten expressament i de forma lliure i inequ\u00edvoca, que les seves dades s\u00f3n necessaris per atendre la seva petici\u00f3, per part del prestador, i \u00e9s volunt\u00e0ria la inclusi\u00f3 de dades en els camps restants. L&#039;USUARI garanteix que les dades personals facilitades al RESPONSABLE s\u00f3n veraces i es fa responsable de comunicar-ne qualsevol modificaci\u00f3.<br \/>\nEl RESPONSABLE informa que totes les dades sol\u00b7licitades a trav\u00e9s del lloc web s\u00f3n obligat\u00f2ries, ja que s\u00f3n necess\u00e0ries per a la prestaci\u00f3 d&#039;un servei \u00f2ptim a l&#039;USUARI. En cas que no es facilitin totes les dades, no es garanteix que la informaci\u00f3 i els serveis facilitats siguin completament ajustats a les seves necessitats.<\/p>\n<p><strong>3. MESURES DE SEGURETAT<\/strong><br \/>\nQue de conformitat amb el que disposen les normatives vigents en protecci\u00f3 de dades personals, el RESPONSABLE est\u00e0 complint amb totes les disposicions de les normatives GDPR i LOPDGDD per al tractament de les dades personals de la seva responsabilitat, i manifestament amb els principis descrits a l&#039;article 5 del GDPR, pels quals s\u00f3n tractats de manera l\u00edcita, lleial i transparent en relaci\u00f3 amb l&#039;interessat i adequats, pertinents i limitats a all\u00f2 necessari en relaci\u00f3 amb els fins per als quals s\u00f3n tractats.<br \/>\nEl RESPONSABLE garanteix que ha implementat pol\u00edtiques t\u00e8cniques i organitzatives apropiades per aplicar les mesures de seguretat que estableixen el GDPR i la LOPDGDD per tal de protegir els drets i les llibertats dels USUARIS i els ha comunicat la informaci\u00f3 adequada perqu\u00e8 puguin exercir-los.<br \/>\nPer a m\u00e9s informaci\u00f3 sobre les garanties de privadesa, pots adre\u00e7ar-te al RESPONSABLE a trav\u00e9s de COMPA\u00d1IA INDUSTRIAL REMOLQUES, SL. C\/ Sis, 9 \u2013 08794 Les Cabanyes (Barcelona). E-mail: info@rcomanche.com<\/p>\n<p><span style=\"color: #ffffff;\"><strong>POL\u00cdTICA DE PRIVACITAT XARXES SOCIALS<\/strong><\/span><\/p>\n<p><strong>POL\u00cdTICA DE PRIVACITAT XARXES SOCIALS<\/strong><\/p>\n<p><strong>1. INFORMACI\u00d3 A L&#039;USUARI<\/strong><br \/>\n<strong>Qui \u00e9s el responsable del tractament de les teves dades personals?<\/strong><br \/>\nCOMPANYIA INDUSTRIAL REMOLQUES, SL, d&#039;ara endavant, RESPONSABLE, informa l&#039;USUARI que ha creat un perfil a les Xarxes Socials Facebook, Instagram, Twitter, LinkedIn, Youtube, Vimeo i Google+, que \u00e9s el responsable del tractament de les dades personals de l&#039;usuari que es dugui a terme en aquestes xarxes socials i us informa que aquestes dades seran tractades de conformitat amb el que disposa el Reglament (UE) 2016\/679, de 27 d&#039;abril (GDPR), i la Llei Org\u00e0nica 3\/2018 , de 5 de desembre (LOPDGDD), per la qual cosa se li facilita la informaci\u00f3 seg\u00fcent del tractament:<br \/>\n<strong>Per qu\u00e8 tractem les teves dades personals?<\/strong><br \/>\nFi del tractament: mantenir una relaci\u00f3 entre l&#039;USUARI i el RESPONSABLE que pot incloure les operacions seg\u00fcents:<br \/>\nTramitar sol\u00b7licituds i consultes plantejades al responsable<br \/>\nInformar sobre activitats i esdeveniments organitzats pel responsable<br \/>\nInformar sobre productes o serveis oferts pel responsable<br \/>\nInteractuar a trav\u00e9s dels perfils oficials<br \/>\n<strong>Per quin motiu podem tractar les dades personals?<\/strong><br \/>\nBase jur\u00eddica del tractament: article 6.1.a GDPR, l&#039;interessat ha donat el seu consentiment per al tractament de les seves dades personals per a un o diversos fins espec\u00edfics. L&#039;USUARI disposa d&#039;un perfil a la mateixa xarxa social i ha decidit unir-se a la xarxa social del RESPONSABLE mostrant aix\u00ed inter\u00e8s en la informaci\u00f3 que s&#039;hi publiqui, per tant, en el moment de sol\u00b7licitar seguir els nostres perfils oficials, ens facilita la seva consentiment per al tractament d&#039;aquelles dades personals publicades al perfil.<br \/>\nL&#039;USUARI pot accedir en tot moment a les pol\u00edtiques de privadesa de la pr\u00f2pia xarxa social, aix\u00ed com configurar el seu perfil per garantir-ne la privadesa.<br \/>\nEl RESPONSABLE hi t\u00e9 acc\u00e9s i tracta aquella informaci\u00f3 p\u00fablica de l&#039;USUARI, en especial, el nom de contacte. Aquestes dades nom\u00e9s s\u00f3n utilitzades dins de la pr\u00f2pia xarxa social i \u00fanicament s&#039;incorporaran a un fitxer del RESPONSABLE quan sigui necessari per tramitar la petici\u00f3 de l&#039;USUARI.<br \/>\n<strong>Durant quant de temps guardarem les teves dades personals?<\/strong><br \/>\nCriteris de conservaci\u00f3 de les dades: es conservaran mentre l&#039;USUARI no revoqui el consentiment prestat tal com s&#039;indica a aquesta pol\u00edtica de privadesa.<br \/>\n<strong>A qui facilitem les teves dades personals?<\/strong><br \/>\nComunicaci\u00f3 de les dades: la informaci\u00f3 facilitada per l&#039;USUARI a trav\u00e9s de les xarxes socials del RESPONSABLE, incloses les dades personals, pot ser publicada, sempre en funci\u00f3 dels serveis que l&#039;USUARI utilitzi, per la qual cosa podr\u00e0 quedar a disposici\u00f3 p\u00fablica d&#039;altres tercers usuaris de les xarxes socials. Des del perfil de cada xarxa social, l&#039;USUARI pot configurar quina informaci\u00f3 vol fer p\u00fablica en cada cas, veure els permisos que s&#039;han concedit, eliminar-los o desactivar-los, com qualsevol aplicaci\u00f3 d&#039;un tercer que ja no es vol utilitzar.<br \/>\nNo est\u00e0 prevista cap comunicaci\u00f3 de dades personals a tercers fora de la xarxa social excepte, si fos imprescindible per al desenvolupament i execuci\u00f3 de les finalitats del tractament, als nostres prove\u00efdors de serveis relacionats amb comunicacions, amb els quals el RESPONSABLE t\u00e9 subscrits els contractes de confidencialitat i encarregat de tractament exigits per la normativa vigent de privadesa.<\/p>\n<p><strong>Quins s\u00f3n els teus drets?<\/strong><br \/>\nDrets que assisteixen a l&#039;USUARI: nom\u00e9s es podran satisfer en relaci\u00f3 amb aquella informaci\u00f3 que es trobe sota el control del RESPONSABLE.<br \/>\nDret a retirar el consentiment en qualsevol moment<br \/>\nDret d&#039;acc\u00e9s, rectificaci\u00f3, portabilitat i supressi\u00f3 de les vostres dades, i de limitaci\u00f3 o oposici\u00f3 al tractament<br \/>\nDret a presentar una reclamaci\u00f3 davant de l&#039;autoritat de control (www.aepd.es) si considera que el tractament no s&#039;ajusta a la normativa vigent<br \/>\nDades de contacte per exercir els seus drets:<br \/>\nCOMPANYIA INDUSTRIAL REMOLCS, SL. C\/ Sis, 9 \u2013 08794 Les Cabanyes (Barcelona). E-mail: info@rcomanche.com<\/p>\n<p><strong>2. UTILITZACI\u00d3 DEL PERFIL<\/strong><br \/>\nEl RESPONSABLE realitzar\u00e0 les actuacions seg\u00fcents:<br \/>\nAcc\u00e9s a la informaci\u00f3 p\u00fablica del perfil<br \/>\nPublicaci\u00f3 al perfil de l&#039;USUARI de tota aquella informaci\u00f3 ja publicada a la xarxa social del RESPONSABLE<br \/>\nEnviar missatges personals i individuals a trav\u00e9s dels canals de la xarxa social<br \/>\nActualitzacions de l&#039;estat de la p\u00e0gina que es publicaran al perfil de l&#039;USUARI<br \/>\nL&#039;USUARI sempre pot controlar les connexions, eliminar els continguts que deixin d&#039;interessar-lo i restringir amb qui<br \/>\ncomparteix les connexions; per a aix\u00f2 haureu d&#039;accedir a la vostra configuraci\u00f3 de privadesa.<\/p>\n<p><strong>3. PUBLICACIONS<\/strong><br \/>\nL&#039;USUARI, un cop sigui seguidor o s&#039;hagi unit a la xarxa social del RESPONSABLE, podr\u00e0 publicar en aquests comentaris, enlla\u00e7os, imatges, fotografies o qualsevol altre tipus de contingut multim\u00e8dia suportat per aquesta. L&#039;USUARI, en tots els casos, ha de ser el titular del contingut publicat, gaudir dels drets d&#039;autor i de propietat intel\u00b7lectual o comptar amb el consentiment dels tercers afectats.<br \/>\nEs prohibeix expressament qualsevol publicaci\u00f3 a la xarxa social, ja siguin textos, gr\u00e0fics, fotografies, v\u00eddeos, etc. que atemptin o siguin susceptibles d&#039;atemptar contra la moral, l&#039;\u00e8tica, el bon gust o el dec\u00f2rum, i\/o que infringeixin, violin o trenquin els drets de propietat intel\u00b7lectual o industrial, el dret a la imatge o la Llei.<br \/>\nEn aquests casos, el RESPONSABLE es reserva el dret de retirar immediatament el contingut, sense comunicaci\u00f3 pr\u00e8via, podent sol\u00b7licitar el bloqueig permanent de l&#039;USUARI.<br \/>\nEl RESPONSABLE no es far\u00e0 responsable dels continguts que lliurement ha publicat un USUARI.<br \/>\nL&#039;USUARI ha de tenir present que les seves publicacions seran conegudes per altres usuaris, per la qual cosa ell mateix \u00e9s el principal<br \/>\nresponsable de la seva privadesa.<br \/>\nLes imatges que puguin publicar-se a la xarxa social no seran emmagatzemades en cap fitxer per part del RESPONSABLE, per\u00f2 s\u00ed<br \/>\nque romandran a la xarxa social.<\/p>\n<p><strong>4. DADES DE MENORS D&#039;EDAT O PERSONES AMB CAPACITATS ESPECIALS<\/strong><\/p>\n<p>L&#039;acc\u00e9s i el registre a trav\u00e9s de les xarxes socials del RESPONSABLE est\u00e0 prohibit a menors de 18 anys. Per la seva banda, si l&#039;USUARI t\u00e9 capacitats especials, cal la intervenci\u00f3 del titular de la seva p\u00e0tria potestat o tutela, o del seu representant legal mitjan\u00e7ant document v\u00e0lid que acrediti la representaci\u00f3.<br \/>\nEl RESPONSABLE queda exonerat expressament de qualsevol responsabilitat que es pugui derivar de l&#039;\u00fas de les xarxes socials per part de menors o persones amb capacitats especials. Les xarxes socials del RESPONSABLE no recullen conscientment cap informaci\u00f3 personal de menors d&#039;edat, per aix\u00f2, si l&#039;USUARI \u00e9s menor d&#039;edat, no s&#039;ha de registrar ni utilitzar les xarxes socials del RESPONSABLE ni proporcionar cap informaci\u00f3 personal.<\/p>","protected":false},"excerpt":{"rendered":"<p>Pol\u00edtica de privadesa 1. INFORMACI\u00d3 A L&#039;USUARI Qui \u00e9s el responsable del tractament de les teves dades personals? COMPANYIA INDUSTRIAL REMOLQUES, SL \u00e9s el RESPONSABLE del tractament de les dades personals de l&#039;USUARI i us informa que aquestes dades seran tractades de conformitat amb el\u2026<\/p>","protected":false},"author":2,"featured_media":0,"parent":0,"menu_order":0,"comment_status":"closed","ping_status":"closed","template":"","meta":{"footnotes":""},"class_list":["post-9413","page","type-page","status-publish","hentry"],"_links":{"self":[{"href":"https:\/\/rcomanche.com\/ca\/wp-json\/wp\/v2\/pages\/9413","targetHints":{"allow":["GET"]}}],"collection":[{"href":"https:\/\/rcomanche.com\/ca\/wp-json\/wp\/v2\/pages"}],"about":[{"href":"https:\/\/rcomanche.com\/ca\/wp-json\/wp\/v2\/types\/page"}],"author":[{"embeddable":true,"href":"https:\/\/rcomanche.com\/ca\/wp-json\/wp\/v2\/users\/2"}],"replies":[{"embeddable":true,"href":"https:\/\/rcomanche.com\/ca\/wp-json\/wp\/v2\/comments?post=9413"}],"version-history":[{"count":0,"href":"https:\/\/rcomanche.com\/ca\/wp-json\/wp\/v2\/pages\/9413\/revisions"}],"wp:attachment":[{"href":"https:\/\/rcomanche.com\/ca\/wp-json\/wp\/v2\/media?parent=9413"}],"curies":[{"name":"wp","href":"https:\/\/api.w.org\/{rel}","templated":true}]}}