{"id":9423,"date":"2019-09-16T04:51:44","date_gmt":"2019-09-16T04:51:44","guid":{"rendered":"http:\/\/rcomanche.com\/?page_id=9423"},"modified":"2022-01-07T14:41:00","modified_gmt":"2022-01-07T14:41:00","slug":"politica-de-cookies","status":"publish","type":"page","link":"https:\/\/rcomanche.com\/ca\/politica-de-cookies\/","title":{"rendered":"Pol\u00edtica de Cookies"},"content":{"rendered":"<h2>Pol\u00edtica de Cookies<\/h2>\n<p><strong>INFORMACI\u00d3 SOBRE COOKIES<\/strong><br \/>Conformi amb la Llei 34\/2002, d&#039;11 de juliol, de serveis de la societat de la informaci\u00f3 i de comer\u00e7 electr\u00f2nic (LSSI), en relaci\u00f3 amb el Reglament (UE) 2016\/679 del Parlament Europeu i del Consell, de 27 de abril de 2016, General de Protecci\u00f3 de Dades (GDPR) i la Llei Org\u00e0nica 3\/2018, de 5 de desembre, de Protecci\u00f3 de Dades i Garantia dels Drets Digitals (LOPDGDD), \u00e9s obligat obtenir el consentiment expr\u00e9s de l&#039;usuari de totes les p\u00e0gines web que usen cookies prescindibles, abans que aquest navegui per elles.<\/p>\n<p><br \/><strong>QU\u00c8 S\u00d3N LES COOKIES?<\/strong><br \/>Les cookies i altres tecnologies similars com ara local shared objects, flash cookies o p\u00edxels, s\u00f3n eines emprades pels servidors web per emmagatzemar i recuperar informaci\u00f3 sobre els seus visitants, aix\u00ed com per oferir un correcte funcionament del lloc. Mitjan\u00e7ant l\u00fas daquests dispositius es permet al servidor web recordar algunes dades concernents a lusuari, com les seves prefer\u00e8ncies per a la visualitzaci\u00f3 de les p\u00e0gines daquest servidor, nom i contrasenya, productes que m\u00e9s li interessen, etc.<br \/><strong>COOKIES AFECTADES PER LA NORMATIVA I COOKIES EXCEPTUADES<\/strong><br \/>Segons la directiva de la UE, les galetes que requereixen el consentiment informat per part de l&#039;usuari s\u00f3n les galetes d&#039;anal\u00edtica i les de publicitat i afiliaci\u00f3, quedant exceptuades les de car\u00e0cter t\u00e8cnic i les necess\u00e0ries per al funcionament del lloc web o la prestaci\u00f3 de serveis expressament sol\u00b7licitats per l&#039;usuari.<br \/><strong>TIPUS DE COOKIES<\/strong><br \/><strong>SEGONS LA FINALITAT<\/strong><br \/><strong>Galetes t\u00e8cniques i funcionals:<\/strong> s\u00f3n aquelles que permeten a l&#039;usuari la navegaci\u00f3 a trav\u00e9s d&#039;una p\u00e0gina web, plataforma o aplicaci\u00f3 i la utilitzaci\u00f3 de les diferents opcions o serveis que hi hagi.<br \/><strong>Cookies anal\u00edtiques:<\/strong> s\u00f3n aquelles que permeten al responsable de les mateixes el seguiment i an\u00e0lisi del comportament dels usuaris dels llocs web a qu\u00e8 estan vinculades. La informaci\u00f3 recollida mitjan\u00e7ant aquest tipus de cookies s&#039;utilitza en el mesurament de l&#039;activitat dels llocs web, aplicaci\u00f3 o plataforma i per a l&#039;elaboraci\u00f3 de perfils de navegaci\u00f3 dels usuaris d&#039;aquests llocs, aplicacions i plataformes, a fi d&#039;introduir millores a funci\u00f3 de lan\u00e0lisi de les dades d\u00fas que fan els usuaris del servei.<br \/><strong>Cookies publicit\u00e0ries:<\/strong> s\u00f3n aquelles que permeten la gesti\u00f3, de la manera m\u00e9s efica\u00e7 possible, dels espais publicitaris que, si escau, l&#039;editor hagi incl\u00f2s en una p\u00e0gina web, aplicaci\u00f3 o plataforma des de la qual presta el servei sol\u00b7licitat segons criteris com el contingut editat o la freq\u00fc\u00e8ncia en qu\u00e8 es mostren els anuncis.<br \/><strong>Cookies de publicitat comportamental:<\/strong> recullen informaci\u00f3 sobre les prefer\u00e8ncies i eleccions personals de l&#039;usuari (retargeting) per permetre la gesti\u00f3, de la manera m\u00e9s efica\u00e7 possible, dels espais publicitaris que, si escau, l&#039;editor hagi incl\u00f2s en una p\u00e0gina web, aplicaci\u00f3 o plataforma des de la qual presta el servei sol\u00b7licitat.<br \/><strong>Cookies socials:<\/strong> s\u00f3n establertes per les plataformes de xarxes socials en els serveis per permetre compartir contingut amb els seus amics i xarxes. Les plataformes de mitjans socials tenen la capacitat de rastrejar la seva activitat en l\u00ednia fora dels serveis. Aix\u00f2 pot afectar el contingut i els missatges que veieu en altres serveis que visiteu.<br \/><strong>Cookies d&#039;afiliats:<\/strong> permeten fer un seguiment de les visites procedents d&#039;altres webs, amb qu\u00e8 el lloc web estableix un contracte d&#039;afiliaci\u00f3 (empreses d&#039;afiliaci\u00f3).<br \/><strong>Cookies de seguretat:<\/strong> emmagatzemen informaci\u00f3 xifrada per evitar que les dades desades en elles siguin vulnerables a atacs maliciosos de tercers.\u00a0<\/p>\n<p>\u00a0<\/p>\n<p><strong>SEGONS LA PROPIETAT<\/strong><br \/><strong>Cookies pr\u00f2pies:<\/strong> s\u00f3n les que s&#039;envien a l&#039;equip terminal de l&#039;usuari des d&#039;un equip o domini gestionat pel mateix editor i des del qual es presta el servei sol\u00b7licitat per l&#039;usuari.<br \/><strong>Cookies de tercers:<\/strong> s\u00f3n les que s&#039;envien a l&#039;equip terminal de l&#039;usuari des d&#039;un equip o domini que<br \/>no \u00e9s gestionat per l&#039;editor, sin\u00f3 per una altra entitat que tracta les dades obtingudes a trav\u00e9s de les galetes.<\/p>\n<p><br \/><strong>SEGONS EL TERMINI DE CONSERVACI\u00d3<\/strong><br \/><strong>Cookies de sessi\u00f3:<\/strong> s\u00f3n un tipus de cookies dissenyades per demanar i emmagatzemar dades mentre l&#039;usuari accedeix a una p\u00e0gina web.<br \/><strong>Cookies persistents:<\/strong> s\u00f3n un tipus de cookies en qu\u00e8 les dades segueixen emmagatzemades al terminal i poden ser accedides i tractades durant un per\u00edode definit pel responsable de la galeta, i que pot anar d&#039;uns minuts a diversos anys.<\/p>\n<p>\u00a0<\/p>\n<p><strong>TRACTAMENT DE DADES PERSONALS<\/strong><br \/>COMPA\u00d1IA INDUSTRIAL REMOLQUES, SL \u00e9s el Responsable del tractament de les dades personals de l&#039;interessat i us informa que aquestes dades seran tractades de conformitat amb el que disposa el Reglament (UE) 2016\/679, de 27 d&#039;abril de 2016 (GDPR), per la qual cosa se us facilita la seg\u00fcent informaci\u00f3 del tractament:<br \/><strong>Fins del tractament:<\/strong> segons s&#039;especifica a l&#039;apartat de galetes que s&#039;utilitzen en aquest lloc web.<br \/><strong>Legitimaci\u00f3 del tractament:<\/strong> per consentiment de linteressat (art. 6.1 GDPR).<br \/><strong>Criteris de conservaci\u00f3 de les dades:<\/strong> segons s&#039;especifica a l&#039;apartat de cookies utilitzades a la web.<br \/><strong>Comunicaci\u00f3 de les dades:<\/strong> no es comunicaran les dades a tercers, excepte en cookies propietat de tercers o per<br \/>obligaci\u00f3 legal.<br \/>Drets que assisteixen a l&#039;interessat:<br \/>\u2013 Dret a retirar el consentiment en qualsevol moment.<br \/>- Dret d&#039;acc\u00e9s, rectificaci\u00f3, portabilitat i supressi\u00f3 de les dades, i de limitaci\u00f3 o oposici\u00f3 al tractament.<br \/>\u2013 Dret a presentar una reclamaci\u00f3 davant de l&#039;Autoritat de control (www.aepd.es) si considera que el tractament no<br \/>sajusta a la normativa vigent.<\/p>\n<p>\u00a0<\/p>\n<p>Dades de contacte per exercir els seus drets:<br \/>COMPANYIA INDUSTRIAL REMOLCS, SL. C\/ Sis, 9 \u2013 08794 Les Cabanyes (Barcelona). E-mail: info@rcomanche.com.<\/p>\n<p>\u00a0<\/p>\n<p><strong>COOKIES UTILITZADES EN AQUEST LLOC WEB<\/strong><\/p>\n<p>\u00a0<\/p>\n<p><strong>COOKIES CONTROLADES PER L&#039;EDITOR<\/strong><\/p>\n<p>\u00a0<\/p>\n<p><img fetchpriority=\"high\" decoding=\"async\" class=\"alignnone size-full wp-image-13579\" src=\"http:\/\/rcomanche.com\/wp-content\/uploads\/2022\/01\/Captura.jpg\" alt=\"\" width=\"582\" height=\"598\" \/><\/p>\n<p><img decoding=\"async\" class=\"alignnone size-full wp-image-13580\" src=\"http:\/\/rcomanche.com\/wp-content\/uploads\/2022\/01\/Captura1.jpg\" alt=\"\" width=\"592\" height=\"554\" \/><\/p>\n<p>\u00a0<\/p>\n<p>\u00a0<\/p>\n<p><img decoding=\"async\" class=\"alignnone size-full wp-image-13581\" src=\"http:\/\/rcomanche.com\/wp-content\/uploads\/2022\/01\/Captura-1.jpg\" alt=\"\" width=\"592\" height=\"196\" \/><\/p>\n<p>\u00a0<\/p>\n<p><img loading=\"lazy\" decoding=\"async\" class=\"alignnone size-full wp-image-13582\" src=\"http:\/\/rcomanche.com\/wp-content\/uploads\/2022\/01\/Captura1-1.jpg\" alt=\"\" width=\"607\" height=\"516\" \/><\/p>\n<p>\u00a0<\/p>\n<p>\u00a0<\/p>\n<p><img loading=\"lazy\" decoding=\"async\" class=\"alignnone size-full wp-image-13583\" src=\"http:\/\/rcomanche.com\/wp-content\/uploads\/2022\/01\/Captura-2.jpg\" alt=\"\" width=\"595\" height=\"259\" \/><\/p>\n<p>Des d&#039;aquest panell podreu configurar les cookies que el lloc web pot instal\u00b7lar al vostre navegador, excepte les cookies<br \/>t\u00e8cniques o funcionals que s\u00f3n necess\u00e0ries per a la navegaci\u00f3 i la utilitzaci\u00f3 de les diferents opcions o serveis que<br \/>s&#039;ofereixen.<\/p>\n<p><br \/>Panell de cookies<\/p>\n<p>\u00a0<\/p>\n<p><img loading=\"lazy\" decoding=\"async\" class=\"alignnone size-full wp-image-13584\" src=\"http:\/\/rcomanche.com\/wp-content\/uploads\/2022\/01\/Captura-3.jpg\" alt=\"\" width=\"596\" height=\"329\" \/><\/p>\n\n\n<p><\/p>","protected":false},"excerpt":{"rendered":"<p>Pol\u00edtica de Cookies INFORMACI\u00d3N SOBRE COOKIESConforme con la Ley 34\/2002, de 11 de julio, de servicios de la sociedad de la informaci\u00f3n y de comercio electr\u00f3nico (LSSI), en relaci\u00f3n con el Reglamento (UE) 2016\/679 del Parlamento Europeo y del Consejo, de 27 de abril de&#8230;<\/p>","protected":false},"author":2,"featured_media":0,"parent":0,"menu_order":0,"comment_status":"closed","ping_status":"closed","template":"","meta":{"footnotes":""},"class_list":["post-9423","page","type-page","status-publish","hentry"],"_links":{"self":[{"href":"https:\/\/rcomanche.com\/ca\/wp-json\/wp\/v2\/pages\/9423","targetHints":{"allow":["GET"]}}],"collection":[{"href":"https:\/\/rcomanche.com\/ca\/wp-json\/wp\/v2\/pages"}],"about":[{"href":"https:\/\/rcomanche.com\/ca\/wp-json\/wp\/v2\/types\/page"}],"author":[{"embeddable":true,"href":"https:\/\/rcomanche.com\/ca\/wp-json\/wp\/v2\/users\/2"}],"replies":[{"embeddable":true,"href":"https:\/\/rcomanche.com\/ca\/wp-json\/wp\/v2\/comments?post=9423"}],"version-history":[{"count":0,"href":"https:\/\/rcomanche.com\/ca\/wp-json\/wp\/v2\/pages\/9423\/revisions"}],"wp:attachment":[{"href":"https:\/\/rcomanche.com\/ca\/wp-json\/wp\/v2\/media?parent=9423"}],"curies":[{"name":"wp","href":"https:\/\/api.w.org\/{rel}","templated":true}]}}