{"id":6058,"date":"2018-06-27T10:29:00","date_gmt":"2018-06-27T10:29:00","guid":{"rendered":"http:\/\/rcomanche.com\/?page_id=6058"},"modified":"2022-01-07T13:19:05","modified_gmt":"2022-01-07T13:19:05","slug":"rechtlicher-hinweis","status":"publish","type":"page","link":"https:\/\/rcomanche.com\/de\/aviso-legal\/","title":{"rendered":"Rechtliche Warnung"},"content":{"rendered":"<h2>RECHTLICHER HINWEIS<\/h2>\n<h5><strong>GESETZ DER DIENSTLEISTUNGEN DER INFORMATIONSGESELLSCHAFT (LSSI)<\/strong><\/h5>\n<p>COMPA\u00d1IA INDUSTRIAL REMOLQUES, SL, verantwortlich f\u00fcr die Website, im Folgenden VERANTWORTLICH, stellt den Benutzern dieses Dokument zur Verf\u00fcgung, mit dem sie die im Gesetz 34\/2002 vom 11. Juli \u00fcber Transportdienste und die Informationsgesellschaft festgelegten Verpflichtungen erf\u00fcllen will Electronic Commerce (LSSICE), BOE Nr. 166, sowie Information aller Nutzer der Website \u00fcber die Nutzungsbedingungen.<br \/>\nJede Person, die auf diese Website zugreift, \u00fcbernimmt die Rolle des Benutzers und verpflichtet sich zur strikten Einhaltung und Einhaltung der hier dargelegten Bestimmungen sowie aller anderen m\u00f6glicherweise anwendbaren gesetzlichen Bestimmungen.<br \/>\nCOMPA\u00d1IA INDUSTRIAL REMOLQUES, SL beh\u00e4lt sich das Recht vor, jegliche Art von Informationen, die auf der Website erscheinen, zu \u00e4ndern, ohne dass eine Verpflichtung besteht, die Benutzer \u00fcber diese Verpflichtungen zu informieren, wobei die Ver\u00f6ffentlichung auf der COMPA\u00d1IA-Website als ausreichend angesehen wird.<\/p>\n<p><strong>1. IDENTIFIZIERUNGSDATEN<\/strong><br \/>\nDomainname: rcomanche.com<br \/>\nHandelsname: COMANCHE<br \/>\nFirmenname: COMPA\u00d1IA INDUSTRIAL REMOLQUES, SL<br \/>\nNIF: B08341885<br \/>\nEingetragener Sitz: C\/ Sis 9, 08794 Les Cabanyes (BARCELONA)<br \/>\nTelefon: 938921045<br \/>\nE-Mail: info@rcomanche.com<br \/>\n&#8230;&#8230;&#8230;&#8230;&#8230;&#8230;&#8230;&#8230;&#8230;&#8230;&#8230;&#8230;..<br \/>\n<strong>2. GEISTIGE UND GEWERBLICHE EIGENTUMSRECHTE<\/strong><br \/>\nDie Website, einschlie\u00dflich, aber nicht beschr\u00e4nkt auf ihre Programmierung, Bearbeitung, Zusammenstellung und andere f\u00fcr ihren Betrieb erforderliche Elemente, die Designs, Logos, Texte und\/oder Grafiken, sind Eigentum des VERANTWORTLICHEN oder verf\u00fcgen gegebenenfalls \u00fcber eine Lizenz oder ausdr\u00fcckliche Genehmigung der Autoren. Alle Inhalte der Website sind ordnungsgem\u00e4\u00df durch die Vorschriften zum geistigen und gewerblichen Eigentum gesch\u00fctzt und in den entsprechenden \u00f6ffentlichen Registern eingetragen.<br \/>\nUnabh\u00e4ngig vom Zweck, f\u00fcr den sie bestimmt waren, bedarf die vollst\u00e4ndige oder teilweise Vervielf\u00e4ltigung, Nutzung, Verwertung, Verbreitung und Vermarktung in jedem Fall der vorherigen schriftlichen Genehmigung des VERANTWORTLICHEN. Jede nicht zuvor genehmigte Nutzung gilt als schwerwiegende Verletzung der geistigen oder gewerblichen Eigentumsrechte des Autors.<br \/>\nDie Designs, Logos, Texte und\/oder Grafiken, die nicht der VERANTWORTLICHE sind und auf der Website erscheinen k\u00f6nnen, geh\u00f6ren ihren jeweiligen Eigent\u00fcmern und sie sind selbst f\u00fcr etwaige Kontroversen verantwortlich, die in Bezug auf sie entstehen k\u00f6nnen. Der VERANTWORTLICHE gestattet Dritten ausdr\u00fccklich, direkt auf die spezifischen Inhalte der Website umzuleiten und in jedem Fall auf die Hauptwebsite von rcomanche.com weiterzuleiten.<br \/>\nDer VERANTWORTLICHE erkennt die entsprechenden geistigen und gewerblichen Eigentumsrechte zugunsten ihrer Eigent\u00fcmer an, und ihre blo\u00dfe Erw\u00e4hnung oder ihr Erscheinen auf der Website impliziert nicht das Bestehen von Rechten oder Verantwortung gegen\u00fcber ihnen, noch impliziert dies eine Billigung, F\u00f6rderung oder Empfehlung durch ihn . .<br \/>\nUm etwaige Verletzungen von Rechten des geistigen oder gewerblichen Eigentums sowie von Inhalten der Website jeglicher Art zu bemerken, k\u00f6nnen Sie dies per E-Mail an info@rcomanche.com tun.<\/p>\n<p><strong>3. HAFTUNGSAUSSCHLUSS<\/strong><br \/>\nDer VERANTWORTLICHE ist von jeglicher Haftung befreit, die sich aus den auf seiner Website ver\u00f6ffentlichten Informationen ergibt, solange er keine tats\u00e4chliche Kenntnis davon hat, dass diese Informationen von einem Dritten manipuliert oder eingef\u00fchrt wurden, der nicht mit ihm in Verbindung steht, oder, sofern er Kenntnis davon hat, er gehandelt hat die Daten sorgf\u00e4ltig zu entfernen oder den Zugriff darauf zu verunm\u00f6glichen.<br \/>\n<strong>Verwendung von Cookies<\/strong><br \/>\nDiese Website kann technische Cookies (kleine Informationsdateien, die der Server an den Computer der Person sendet, die auf die Seite zugreift) verwenden, um bestimmte Funktionen auszuf\u00fchren, die f\u00fcr das ordnungsgem\u00e4\u00dfe Funktionieren und die Anzeige der Website als wesentlich erachtet werden. Die verwendeten Cookies sind in jedem Fall vor\u00fcbergehender Natur und dienen ausschlie\u00dflich dazu, die Navigation effizienter zu gestalten. Sie verschwinden, wenn die Sitzung des Benutzers endet. In keinem Fall stellen diese Cookies selbst personenbezogene Daten bereit und werden nicht zu deren Erhebung verwendet. Durch den Einsatz von Cookies ist es au\u00dferdem m\u00f6glich, dass der Server, auf dem sich die Website befindet, den vom Benutzer verwendeten Browser erkennt, um die Navigation zu erleichtern und z. B. zu erm\u00f6glichen,<br \/>\nZum Beispiel der Zugriff von Benutzern, die sich zuvor registriert haben, auf ausschlie\u00dflich f\u00fcr sie reservierte Bereiche, Dienste, Aktionen oder Wettbewerbe, ohne dass sie sich f\u00fcr jeden Besuch registrieren m\u00fcssen. Sie k\u00f6nnen auch zur Messung des Publikums, von Verkehrsparametern, zur Steuerung des Fortschritts und der Anzahl der Eintr\u00e4ge usw. verwendet werden. In diesen F\u00e4llen sind Cookies zwar technisch entbehrlich, aber f\u00fcr den Benutzer von Vorteil. Ohne die vorherige Zustimmung des Nutzers werden auf dieser Website keine entbehrlichen Cookies installiert.<br \/>\nDiese Website verwendet eigene Cookies und Cookies von Drittanbietern zu Analysezwecken und um Ihnen personalisierte Werbung anzuzeigen, die auf einem Profil basiert, das aus Ihren Surfgewohnheiten erstellt wird (z. B. besuchte Seiten). Jeder Benutzer, der die Website besucht, wird durch ein schwebendes Banner \u00fcber die Verwendung dieser Cookies informiert. Wenn Sie der Verwendung zustimmen, verschwindet das Banner. Sie k\u00f6nnen Ihre Einwilligung jedoch jederzeit widerrufen und weitere Informationen erhalten, indem Sie unsere Cookie-Richtlinie konsultieren. Der Benutzer hat die M\u00f6glichkeit, seinen Browser so zu konfigurieren, dass er beim Empfang von Cookies benachrichtigt wird und deren Installation auf seinem Computer verhindert. Weitere Informationen finden Sie in den Anweisungen Ihres Browsers.<\/p>\n<p><strong>Linkrichtlinie<\/strong><br \/>\nVon der Website werden Sie m\u00f6glicherweise zu Inhalten auf Websites Dritter weitergeleitet. Da der VERANTWORTLICHE die von Dritten auf ihren jeweiligen Websites eingestellten Inhalte nicht immer kontrollieren kann, \u00fcbernimmt er keinerlei Verantwortung f\u00fcr diese Inhalte. In jedem Fall wird es die sofortige Entfernung aller Inhalte veranlassen, die gegen nationale oder internationale Gesetze, die guten Sitten oder die \u00f6ffentliche Ordnung versto\u00dfen k\u00f6nnten, sowie die sofortige Entfernung der Weiterleitung auf die besagte Website und die \u00dcbermittlung der Inhalte an die zust\u00e4ndigen Beh\u00f6rden. in Frage.<br \/>\nDer VERANTWORTLICHE ist nicht verantwortlich f\u00fcr die Informationen und Inhalte, die beispielsweise in Foren, Chats, Blog-Generatoren, Kommentaren, sozialen Netzwerken oder anderen Mitteln gespeichert werden, die es Dritten erm\u00f6glichen, Inhalte unabh\u00e4ngig auf der Website zu ver\u00f6ffentlichen der VERANTWORTLICHE. Allerdings und in \u00dcbereinstimmung mit den Bestimmungen der Artikel 11 und 16 des LSSICE wird es allen Benutzern, Beh\u00f6rden und Sicherheitskr\u00e4ften zur Verf\u00fcgung gestellt, die aktiv an der Entfernung oder gegebenenfalls Sperrung aller Inhalte mitwirken, die Auswirkungen haben oder gegen die Inhalte versto\u00dfen k\u00f6nnten nationale oder internationale Gesetzgebung, die Rechte Dritter oder die guten Sitten und die \u00f6ffentliche Ordnung. Wenn der Benutzer der Meinung ist, dass es Inhalte auf der Website gibt, die f\u00fcr diese Klassifizierung anf\u00e4llig sein k\u00f6nnten, benachrichtigen Sie bitte umgehend den Website-Administrator.<br \/>\nDiese Website wurde \u00fcberpr\u00fcft und auf ordnungsgem\u00e4\u00dfe Funktion getestet. Grunds\u00e4tzlich kann der ordnungsgem\u00e4\u00dfe Betrieb 365 Tage im Jahr und 24 Stunden am Tag gew\u00e4hrleistet werden. Der VERANTWORTLICHE schlie\u00dft jedoch nicht aus, dass es zu bestimmten Programmierfehlern kommen kann oder dass Ursachen h\u00f6herer Gewalt vorliegen.<br \/>\nNaturkatastrophen, Streiks oder \u00e4hnliche Umst\u00e4nde, die den Zugriff auf die Website unm\u00f6glich machen.<\/p>\n<p><strong>IP-Adressen<\/strong><br \/>\nDie Website-Server erkennen m\u00f6glicherweise automatisch die vom Benutzer verwendete IP-Adresse und den Dom\u00e4nennamen. Eine IP-Adresse ist eine Nummer, die einem Computer automatisch zugewiesen wird, wenn er eine Verbindung zum Internet herstellt. Alle diese Informationen werden in einer ordnungsgem\u00e4\u00df registrierten Serveraktivit\u00e4tsdatei aufgezeichnet, die die anschlie\u00dfende Verarbeitung der Daten erm\u00f6glicht, um nur statistische Messungen zu erhalten, die es erm\u00f6glichen, die Anzahl der Seitenaufrufe, die Anzahl der Besuche auf den Webservern und die Reihenfolge der Besuche zu ermitteln , der Zugangspunkt usw.<\/p>\n<p><strong>4. ANWENDBARES RECHT UND GERICHTSSTAND<\/strong><br \/>\nF\u00fcr die L\u00f6sung aller Streitigkeiten oder Probleme im Zusammenhang mit dieser Website oder den auf ihr durchgef\u00fchrten Aktivit\u00e4ten gilt die spanische Gesetzgebung, der sich die Parteien ausdr\u00fccklich unterwerfen, wobei f\u00fcr die L\u00f6sung aller Konflikte, die sich aus oder im Zusammenhang mit ihrer Nutzung ergeben, die Gerichte zust\u00e4ndig sind des Wohnsitzes des NUTZERs oder des Ortes der Erf\u00fcllung der Verpflichtung.<\/p>","protected":false},"excerpt":{"rendered":"<p>RECHTLICHER HINWEIS GESETZ DER DIENSTLEISTUNGEN DER INFORMATIONSGESELLSCHAFT (LSSI) COMPA\u00d1IA INDUSTRIAL REMOLQUES, SL, verantwortlich f\u00fcr die Website, im Folgenden VERANTWORTLICH genannt, stellt dieses Dokument den Benutzern zur Verf\u00fcgung, mit denen es beabsichtigt, den in der\u2026 vorgesehenen Verpflichtungen nachzukommen.<\/p>","protected":false},"author":6,"featured_media":0,"parent":0,"menu_order":0,"comment_status":"closed","ping_status":"closed","template":"","meta":{"footnotes":""},"class_list":["post-6058","page","type-page","status-publish","hentry"],"_links":{"self":[{"href":"https:\/\/rcomanche.com\/de\/wp-json\/wp\/v2\/pages\/6058","targetHints":{"allow":["GET"]}}],"collection":[{"href":"https:\/\/rcomanche.com\/de\/wp-json\/wp\/v2\/pages"}],"about":[{"href":"https:\/\/rcomanche.com\/de\/wp-json\/wp\/v2\/types\/page"}],"author":[{"embeddable":true,"href":"https:\/\/rcomanche.com\/de\/wp-json\/wp\/v2\/users\/6"}],"replies":[{"embeddable":true,"href":"https:\/\/rcomanche.com\/de\/wp-json\/wp\/v2\/comments?post=6058"}],"version-history":[{"count":0,"href":"https:\/\/rcomanche.com\/de\/wp-json\/wp\/v2\/pages\/6058\/revisions"}],"wp:attachment":[{"href":"https:\/\/rcomanche.com\/de\/wp-json\/wp\/v2\/media?parent=6058"}],"curies":[{"name":"wp","href":"https:\/\/api.w.org\/{rel}","templated":true}]}}