{"id":9027,"date":"2019-09-01T06:33:05","date_gmt":"2019-09-01T06:33:05","guid":{"rendered":"http:\/\/rcomanche.com\/?page_id=9027"},"modified":"2025-11-12T17:31:14","modified_gmt":"2025-11-12T16:31:14","slug":"leichte-lastenanhanger","status":"publish","type":"page","link":"https:\/\/rcomanche.com\/de\/remolques-carga\/remolques-carga-ligera\/","title":{"rendered":"Leichte Anh\u00e4nger"},"content":{"rendered":"<p>COMANCHE LIGHT LOAD-Anh\u00e4nger sind sowohl f\u00fcr den privaten als auch f\u00fcr den professionellen Einsatz konzipiert. Leichte Lastenanh\u00e4nger sind robust, wendig und sehr handlich konstruiert und erm\u00f6glichen den Transport aller Arten von Gegenst\u00e4nden und G\u00fctern: Werkzeuge, Brennholz, Heimwerkerbedarf, Maschinen ...<\/p>\n<p>Unabh\u00e4ngig von Gewicht oder Form ist es ein robuster Anh\u00e4nger, der alles tr\u00e4gt.<\/p>","protected":false},"excerpt":{"rendered":"<p>Los remolques CARGA LIGERA de COMANCHE est\u00e1n pensados para un uso tanto particular como profesional.\u00a0Los remolques carga ligera son de construcci\u00f3n robusta, \u00e1gil y muy manejable, que permiten el transporte de todo tipo de objetos y mercanc\u00edas: herramientas, le\u00f1a, bricolaje, maquinaria\u2026 No importa el peso&#8230;<\/p>","protected":false},"author":2,"featured_media":9007,"parent":27,"menu_order":0,"comment_status":"closed","ping_status":"closed","template":"","meta":{"footnotes":""},"class_list":["post-9027","page","type-page","status-publish","has-post-thumbnail","hentry"],"_links":{"self":[{"href":"https:\/\/rcomanche.com\/de\/wp-json\/wp\/v2\/pages\/9027","targetHints":{"allow":["GET"]}}],"collection":[{"href":"https:\/\/rcomanche.com\/de\/wp-json\/wp\/v2\/pages"}],"about":[{"href":"https:\/\/rcomanche.com\/de\/wp-json\/wp\/v2\/types\/page"}],"author":[{"embeddable":true,"href":"https:\/\/rcomanche.com\/de\/wp-json\/wp\/v2\/users\/2"}],"replies":[{"embeddable":true,"href":"https:\/\/rcomanche.com\/de\/wp-json\/wp\/v2\/comments?post=9027"}],"version-history":[{"count":1,"href":"https:\/\/rcomanche.com\/de\/wp-json\/wp\/v2\/pages\/9027\/revisions"}],"predecessor-version":[{"id":35892,"href":"https:\/\/rcomanche.com\/de\/wp-json\/wp\/v2\/pages\/9027\/revisions\/35892"}],"up":[{"embeddable":true,"href":"https:\/\/rcomanche.com\/de\/wp-json\/wp\/v2\/pages\/27"}],"wp:featuredmedia":[{"embeddable":true,"href":"https:\/\/rcomanche.com\/de\/wp-json\/wp\/v2\/media\/9007"}],"wp:attachment":[{"href":"https:\/\/rcomanche.com\/de\/wp-json\/wp\/v2\/media?parent=9027"}],"curies":[{"name":"wp","href":"https:\/\/api.w.org\/{rel}","templated":true}]}}