{"id":9072,"date":"2019-09-01T09:59:26","date_gmt":"2019-09-01T09:59:26","guid":{"rendered":"http:\/\/rcomanche.com\/?page_id=9072"},"modified":"2025-11-12T17:14:39","modified_gmt":"2025-11-12T16:14:39","slug":"hundeanhanger","status":"publish","type":"page","link":"https:\/\/rcomanche.com\/de\/remolques-carga\/remolques-para-perros\/","title":{"rendered":"Hundeanh\u00e4nger"},"content":{"rendered":"<p>COMANCHE DOG-Anh\u00e4nger sind sowohl f\u00fcr den privaten als auch f\u00fcr den professionellen Einsatz konzipiert.<\/p>\n<p>Anh\u00e4nger mit robuster, wendiger und sehr handlicher Konstruktion. Sie erm\u00f6glichen den Transport von Jagd- oder Haushunden.<\/p>\n<p>Unabh\u00e4ngig von Gewicht oder Form ist es ein robuster Anh\u00e4nger, der alles tr\u00e4gt.<\/p>","protected":false},"excerpt":{"rendered":"<p>Los remolques para PERROS de COMANCHE est\u00e1n pensados para un uso tanto particular como profesional. Remolques de construcci\u00f3n robusta, \u00e1gil y muy manejables. Permiten el transporte de perros de caza o dom\u00e9sticos. No importa el peso ni la forma, es un remolque duro que lo&#8230;<\/p>","protected":false},"author":2,"featured_media":9073,"parent":27,"menu_order":0,"comment_status":"closed","ping_status":"closed","template":"","meta":{"footnotes":""},"class_list":["post-9072","page","type-page","status-publish","has-post-thumbnail","hentry"],"_links":{"self":[{"href":"https:\/\/rcomanche.com\/de\/wp-json\/wp\/v2\/pages\/9072","targetHints":{"allow":["GET"]}}],"collection":[{"href":"https:\/\/rcomanche.com\/de\/wp-json\/wp\/v2\/pages"}],"about":[{"href":"https:\/\/rcomanche.com\/de\/wp-json\/wp\/v2\/types\/page"}],"author":[{"embeddable":true,"href":"https:\/\/rcomanche.com\/de\/wp-json\/wp\/v2\/users\/2"}],"replies":[{"embeddable":true,"href":"https:\/\/rcomanche.com\/de\/wp-json\/wp\/v2\/comments?post=9072"}],"version-history":[{"count":2,"href":"https:\/\/rcomanche.com\/de\/wp-json\/wp\/v2\/pages\/9072\/revisions"}],"predecessor-version":[{"id":35911,"href":"https:\/\/rcomanche.com\/de\/wp-json\/wp\/v2\/pages\/9072\/revisions\/35911"}],"up":[{"embeddable":true,"href":"https:\/\/rcomanche.com\/de\/wp-json\/wp\/v2\/pages\/27"}],"wp:featuredmedia":[{"embeddable":true,"href":"https:\/\/rcomanche.com\/de\/wp-json\/wp\/v2\/media\/9073"}],"wp:attachment":[{"href":"https:\/\/rcomanche.com\/de\/wp-json\/wp\/v2\/media?parent=9072"}],"curies":[{"name":"wp","href":"https:\/\/api.w.org\/{rel}","templated":true}]}}