{"id":9252,"date":"2019-09-08T14:08:15","date_gmt":"2019-09-08T14:08:15","guid":{"rendered":"http:\/\/rcomanche.com\/?page_id=9252"},"modified":"2025-11-12T17:13:59","modified_gmt":"2025-11-12T16:13:59","slug":"motorradanhanger-2","status":"publish","type":"page","link":"https:\/\/rcomanche.com\/de\/remolques-moto\/remolques-motos\/","title":{"rendered":"Motorradanh\u00e4nger"},"content":{"rendered":"<p>COMANCHE MOTORRAD-Anh\u00e4nger.<\/p>\n<p>Machen Sie alleine oder in Begleitung keinen Transportfehler.<\/p>\n<p>COMANCHE bietet Ihnen Anh\u00e4nger, damit der Transfer keine Zwischenf\u00e4lle hat und Sie sicher reisen.<\/p>\n<p>F\u00fcr welches Motorradmodell auch immer, wir haben den passenden Anh\u00e4nger daf\u00fcr.<\/p>","protected":false},"excerpt":{"rendered":"<p>Remolques MOTOS de COMANCHE. Solo o acompa\u00f1ado, en el transporte no te equivoques. COMANCHE te ofrece los remolques para que el traslado no tenga incidencias y circules con seguridad. Sea el modelo de moto que sea, tenemos un remolque adecuado a ella.<\/p>","protected":false},"author":2,"featured_media":9253,"parent":29,"menu_order":0,"comment_status":"closed","ping_status":"closed","template":"","meta":{"footnotes":""},"class_list":["post-9252","page","type-page","status-publish","has-post-thumbnail","hentry"],"_links":{"self":[{"href":"https:\/\/rcomanche.com\/de\/wp-json\/wp\/v2\/pages\/9252","targetHints":{"allow":["GET"]}}],"collection":[{"href":"https:\/\/rcomanche.com\/de\/wp-json\/wp\/v2\/pages"}],"about":[{"href":"https:\/\/rcomanche.com\/de\/wp-json\/wp\/v2\/types\/page"}],"author":[{"embeddable":true,"href":"https:\/\/rcomanche.com\/de\/wp-json\/wp\/v2\/users\/2"}],"replies":[{"embeddable":true,"href":"https:\/\/rcomanche.com\/de\/wp-json\/wp\/v2\/comments?post=9252"}],"version-history":[{"count":1,"href":"https:\/\/rcomanche.com\/de\/wp-json\/wp\/v2\/pages\/9252\/revisions"}],"predecessor-version":[{"id":35915,"href":"https:\/\/rcomanche.com\/de\/wp-json\/wp\/v2\/pages\/9252\/revisions\/35915"}],"up":[{"embeddable":true,"href":"https:\/\/rcomanche.com\/de\/wp-json\/wp\/v2\/pages\/29"}],"wp:featuredmedia":[{"embeddable":true,"href":"https:\/\/rcomanche.com\/de\/wp-json\/wp\/v2\/media\/9253"}],"wp:attachment":[{"href":"https:\/\/rcomanche.com\/de\/wp-json\/wp\/v2\/media?parent=9252"}],"curies":[{"name":"wp","href":"https:\/\/api.w.org\/{rel}","templated":true}]}}