{"id":9423,"date":"2019-09-16T04:51:44","date_gmt":"2019-09-16T04:51:44","guid":{"rendered":"http:\/\/rcomanche.com\/?page_id=9423"},"modified":"2022-01-07T14:41:00","modified_gmt":"2022-01-07T14:41:00","slug":"cookie-richtlinie","status":"publish","type":"page","link":"https:\/\/rcomanche.com\/de\/politica-de-cookies\/","title":{"rendered":"Cookie-Richtlinie"},"content":{"rendered":"<h2>Cookie-Richtlinie<\/h2>\n<p><strong>INFORMATIONEN ZU COOKIES<\/strong><br \/>Gem\u00e4\u00df Gesetz 34\/2002 vom 11. Juli \u00fcber Dienste der Informationsgesellschaft und elektronischen Handel (LSSI) in Bezug auf die Verordnung (EU) 2016\/679 des Europ\u00e4ischen Parlaments und des Rates vom 27. April 2016, Datenschutz-Grundverordnung (DSGVO) und dem Organgesetz 3\/2018 vom 5. Dezember zum Datenschutz und zur Gew\u00e4hrleistung digitaler Rechte (LOPDGDD) ist es zwingend erforderlich, die ausdr\u00fcckliche Zustimmung des Benutzers aller Webseiten einzuholen, die entbehrliche Cookies verwenden, bevor Sie darauf navigieren ihnen.<\/p>\n<p><br \/><strong>WAS SIND COOKIES?<\/strong><br \/>Cookies und andere \u00e4hnliche Technologien, wie etwa Local Shared Objects, Flash-Cookies oder Pixel, sind Tools, die von Webservern verwendet werden, um Informationen \u00fcber ihre Besucher zu speichern und abzurufen sowie um das ordnungsgem\u00e4\u00dfe Funktionieren der Website sicherzustellen. Durch die Verwendung dieser Ger\u00e4te kann sich der Webserver einige Daten \u00fcber den Benutzer merken, z. B. seine Pr\u00e4ferenzen f\u00fcr die Anzeige der Seiten dieses Servers, seinen Namen und sein Passwort, Produkte, die ihn am meisten interessieren usw.<br \/><strong>VON DEN VORSCHRIFTEN BETROFFENE COOKIES UND AUSGENOMMENE COOKIES<\/strong><br \/>Gem\u00e4\u00df der EU-Richtlinie handelt es sich bei den Cookies, die eine informierte Einwilligung des Nutzers erfordern, um analytische Cookies sowie Werbe- und Affiliate-Cookies, mit Ausnahme derjenigen, die technischer Natur sind und f\u00fcr den Betrieb der Website oder die Bereitstellung ausdr\u00fccklich angeforderter Dienste erforderlich sind durch den Benutzer.<br \/><strong>ARTEN VON COOKIES<\/strong><br \/><strong>NACH DEM ZWECK<\/strong><br \/><strong>Technische und funktionale Cookies:<\/strong> sind solche, die es dem Benutzer erm\u00f6glichen, durch eine Webseite, Plattform oder Anwendung zu navigieren und die verschiedenen darin vorhandenen Optionen oder Dienste zu nutzen.<br \/><strong>Analytische Cookies:<\/strong> Dabei handelt es sich um solche, die es dem Verantwortlichen erm\u00f6glichen, das Verhalten der Nutzer der Websites, mit denen sie verlinkt sind, zu \u00fcberwachen und zu analysieren. Die durch diese Art von Cookies gesammelten Informationen werden verwendet, um die Aktivit\u00e4t der Websites, Anwendungen oder Plattformen zu messen und Navigationsprofile der Benutzer dieser Websites, Anwendungen und Plattformen zu erstellen, um auf der Grundlage der Analyse der Nutzungsdaten Verbesserungen einzuf\u00fchren von Nutzern des Dienstes erstellt.<br \/><strong>Werbe-Cookies:<\/strong> sind solche, die eine m\u00f6glichst effiziente Verwaltung der Werbefl\u00e4chen erm\u00f6glichen, die der Herausgeber gegebenenfalls in eine Webseite, Anwendung oder Plattform eingef\u00fcgt hat, von der aus der angeforderte Dienst auf der Grundlage von Kriterien wie dem bearbeiteten Inhalt bereitgestellt wird oder die H\u00e4ufigkeit, mit der die Anzeigen geschaltet werden.<br \/><strong>Verhaltensbezogene Werbe-Cookies:<\/strong> Sie sammeln Informationen \u00fcber die pers\u00f6nlichen Pr\u00e4ferenzen und Entscheidungen des Benutzers (Retargeting), um eine m\u00f6glichst effiziente Verwaltung der Werbefl\u00e4chen zu erm\u00f6glichen, die der Herausgeber gegebenenfalls in eine Webseite, Anwendung oder Plattform eingebunden hat, von der aus er sie bereitstellt der angeforderte Dienst.<br \/><strong>Soziale Cookies:<\/strong> werden von Social-Media-Plattformen auf den Diensten eingerichtet, um Ihnen das Teilen von Inhalten mit Ihren Freunden und Netzwerken zu erm\u00f6glichen. Social-Media-Plattformen haben die M\u00f6glichkeit, Ihre Online-Aktivit\u00e4ten au\u00dferhalb der Dienste zu verfolgen. Dies kann Auswirkungen auf die Inhalte und Nachrichten haben, die Sie auf anderen von Ihnen besuchten Diensten sehen.<br \/><strong>Affiliate-Cookies:<\/strong> Sie erm\u00f6glichen es Ihnen, Besuche von anderen Websites zu verfolgen, mit denen die Website einen Partnerschaftsvertrag abschlie\u00dft (Partnerunternehmen).<br \/><strong>Sicherheitscookies:<\/strong> Sie speichern verschl\u00fcsselte Informationen, um zu verhindern, dass die darin gespeicherten Daten b\u00f6swilligen Angriffen Dritter ausgesetzt sind.\u00a0<\/p>\n<p>\u00a0<\/p>\n<p><strong>NACH DEM EIGENTUM<\/strong><br \/><strong>Eigene Cookies:<\/strong> sind solche, die von einem Computer oder einer Dom\u00e4ne, die vom Herausgeber selbst verwaltet wird und von dem aus der vom Benutzer angeforderte Dienst bereitgestellt wird, an das Endger\u00e4t des Benutzers gesendet werden.<br \/><strong>Cookies von Drittanbietern:<\/strong> sind solche, die von einem Computer oder einer Dom\u00e4ne an das Endger\u00e4t des Benutzers gesendet werden<br \/>Sie wird nicht vom Herausgeber verwaltet, sondern von einer anderen Stelle, die die durch Cookies erhaltenen Daten verarbeitet.<\/p>\n<p><br \/><strong>NACH KONSERVIERUNGSZEITRAUM<\/strong><br \/><strong>Sitzungscookies:<\/strong> Hierbei handelt es sich um eine Art von Cookies, die dazu dienen, Daten zu sammeln und zu speichern, w\u00e4hrend der Benutzer auf eine Webseite zugreift.<br \/><strong>Dauerhafte Cookies:<\/strong> Hierbei handelt es sich um eine Art von Cookies, bei denen die Daten weiterhin im Endger\u00e4t gespeichert bleiben und f\u00fcr einen vom Cookie-Verantwortlichen festgelegten Zeitraum, der von einigen Minuten bis zu mehreren Jahren reichen kann, abgerufen und verarbeitet werden k\u00f6nnen.<\/p>\n<p>\u00a0<\/p>\n<p><strong>VERARBEITUNG PERSONENBEZOGENER DATEN<\/strong><br \/>COMPA\u00d1IA INDUSTRIAL REMOLQUES, SL ist f\u00fcr die Verarbeitung der personenbezogenen Daten des Interessenten verantwortlich und informiert Sie dar\u00fcber, dass diese Daten gem\u00e4\u00df den Bestimmungen der Verordnung (EU) 2016\/679 vom 27. April 2016 (DSGVO) verarbeitet werden. Daher werden Ihnen die folgenden Behandlungsinformationen zur Verf\u00fcgung gestellt:<br \/><strong>Behandlungszwecke:<\/strong> wie im Abschnitt \u201eCookies\u201c auf dieser Website angegeben.<br \/><strong>Legitimation der Behandlung:<\/strong> mit Einwilligung des Interessenten (Art. 6 Abs. 1 DSGVO).<br \/><strong>Kriterien f\u00fcr die Datenerhaltung:<\/strong> wie im Abschnitt \u00fcber die auf der Website verwendeten Cookies angegeben.<br \/><strong>Datenkommunikation:<\/strong> Die Daten werden nicht an Dritte weitergegeben, au\u00dfer in Cookies, die Dritten geh\u00f6ren oder von<br \/>gesetzliche Verpflichtung.<br \/>Rechte, die den Interessenten unterst\u00fctzen:<br \/>\u2013 Recht, die Einwilligung jederzeit zu widerrufen.<br \/>\u2013 Recht auf Zugang, Berichtigung, \u00dcbertragbarkeit und L\u00f6schung Ihrer Daten sowie Einschr\u00e4nkung oder Widerspruch gegen deren Verarbeitung.<br \/>\u2013 Recht, eine Beschwerde bei der Kontrollbeh\u00f6rde (www.aepd.es) einzureichen, wenn Sie der Meinung sind, dass die Behandlung nicht der Fall ist<br \/>entspricht den aktuellen Vorschriften.<\/p>\n<p>\u00a0<\/p>\n<p>Kontaktinformationen zur Aus\u00fcbung Ihrer Rechte:<br \/>COMPA\u00d1IA INDUSTRIAL REMOLQUES, SL. C\/ Sis, 9 \u2013 08794 Les Cabanyes (Barcelona). E-Mail: info@rcomanche.com.<\/p>\n<p>\u00a0<\/p>\n<p><strong>AUF DIESER WEBSITE VERWENDETE COOKIES<\/strong><\/p>\n<p>\u00a0<\/p>\n<p><strong>Vom Herausgeber kontrollierte Cookies<\/strong><\/p>\n<p>\u00a0<\/p>\n<p><img fetchpriority=\"high\" decoding=\"async\" class=\"alignnone size-full wp-image-13579\" src=\"http:\/\/rcomanche.com\/wp-content\/uploads\/2022\/01\/Captura.jpg\" alt=\"\" width=\"582\" height=\"598\" \/><\/p>\n<p><img decoding=\"async\" class=\"alignnone size-full wp-image-13580\" src=\"http:\/\/rcomanche.com\/wp-content\/uploads\/2022\/01\/Captura1.jpg\" alt=\"\" width=\"592\" height=\"554\" \/><\/p>\n<p>\u00a0<\/p>\n<p>\u00a0<\/p>\n<p><img decoding=\"async\" class=\"alignnone size-full wp-image-13581\" src=\"http:\/\/rcomanche.com\/wp-content\/uploads\/2022\/01\/Captura-1.jpg\" alt=\"\" width=\"592\" height=\"196\" \/><\/p>\n<p>\u00a0<\/p>\n<p><img loading=\"lazy\" decoding=\"async\" class=\"alignnone size-full wp-image-13582\" src=\"http:\/\/rcomanche.com\/wp-content\/uploads\/2022\/01\/Captura1-1.jpg\" alt=\"\" width=\"607\" height=\"516\" \/><\/p>\n<p>\u00a0<\/p>\n<p>\u00a0<\/p>\n<p><img loading=\"lazy\" decoding=\"async\" class=\"alignnone size-full wp-image-13583\" src=\"http:\/\/rcomanche.com\/wp-content\/uploads\/2022\/01\/Captura-2.jpg\" alt=\"\" width=\"595\" height=\"259\" \/><\/p>\n<p>In diesem Bereich k\u00f6nnen Sie die Cookies konfigurieren, die die Website in Ihrem Browser installieren kann, mit Ausnahme von Cookies<br \/>technische oder funktionale Informationen, die f\u00fcr die Navigation und die Nutzung der verschiedenen Optionen oder Dienste erforderlich sind<br \/>werden angeboten.<\/p>\n<p><br \/>Cookies-Panel<\/p>\n<p>\u00a0<\/p>\n<p><img loading=\"lazy\" decoding=\"async\" class=\"alignnone size-full wp-image-13584\" src=\"http:\/\/rcomanche.com\/wp-content\/uploads\/2022\/01\/Captura-3.jpg\" alt=\"\" width=\"596\" height=\"329\" \/><\/p>\n\n\n<p><\/p>","protected":false},"excerpt":{"rendered":"<p>Pol\u00edtica de Cookies INFORMACI\u00d3N SOBRE COOKIESConforme con la Ley 34\/2002, de 11 de julio, de servicios de la sociedad de la informaci\u00f3n y de comercio electr\u00f3nico (LSSI), en relaci\u00f3n con el Reglamento (UE) 2016\/679 del Parlamento Europeo y del Consejo, de 27 de abril de&#8230;<\/p>","protected":false},"author":2,"featured_media":0,"parent":0,"menu_order":0,"comment_status":"closed","ping_status":"closed","template":"","meta":{"footnotes":""},"class_list":["post-9423","page","type-page","status-publish","hentry"],"_links":{"self":[{"href":"https:\/\/rcomanche.com\/de\/wp-json\/wp\/v2\/pages\/9423","targetHints":{"allow":["GET"]}}],"collection":[{"href":"https:\/\/rcomanche.com\/de\/wp-json\/wp\/v2\/pages"}],"about":[{"href":"https:\/\/rcomanche.com\/de\/wp-json\/wp\/v2\/types\/page"}],"author":[{"embeddable":true,"href":"https:\/\/rcomanche.com\/de\/wp-json\/wp\/v2\/users\/2"}],"replies":[{"embeddable":true,"href":"https:\/\/rcomanche.com\/de\/wp-json\/wp\/v2\/comments?post=9423"}],"version-history":[{"count":0,"href":"https:\/\/rcomanche.com\/de\/wp-json\/wp\/v2\/pages\/9423\/revisions"}],"wp:attachment":[{"href":"https:\/\/rcomanche.com\/de\/wp-json\/wp\/v2\/media?parent=9423"}],"curies":[{"name":"wp","href":"https:\/\/api.w.org\/{rel}","templated":true}]}}