{"id":8939,"date":"2019-08-25T14:18:33","date_gmt":"2019-08-25T14:18:33","guid":{"rendered":"http:\/\/rcomanche.com\/?page_id=8939"},"modified":"2021-07-09T07:44:07","modified_gmt":"2021-07-09T07:44:07","slug":"compact-tent-trailer","status":"publish","type":"page","link":"https:\/\/rcomanche.com\/en\/remolques-camping\/remolque-tienda-compact\/","title":{"rendered":"Compact tent trailer"},"content":{"rendered":"<p>[vc_row css_animation=\u00bb\u00bb row_type=\u00bbrow\u00bb use_row_as_full_screen_section=\u00bbno\u00bb type=\u00bbgrid\u00bb angled_section=\u00bbno\u00bb text_align=\u00bbleft\u00bb background_image_as_pattern=\u00bbwithout_pattern\u00bb css=\u00bb.vc_custom_1566712396211{padding-top: 3% !important;padding-bottom: 1% !important;}\u00bb z_index=\u00bb\u00bb][vc_column][vc_column_text]<\/p>\n<h2>Remolque tienda <span style=\"color: #96a200;\">Compact<\/span><\/h2>\n<p>[\/vc_column_text][\/vc_column][\/vc_row][vc_row css_animation=\u00bb\u00bb row_type=\u00bbrow\u00bb use_row_as_full_screen_section=\u00bbno\u00bb type=\u00bbgrid\u00bb angled_section=\u00bbno\u00bb text_align=\u00bbleft\u00bb background_image_as_pattern=\u00bbwithout_pattern\u00bb z_index=\u00bb\u00bb][vc_column offset=\u00bbvc_col-lg-9 vc_col-md-9&#8243;][vc_video link=\u00bbhttps:\/\/www.youtube.com\/watch?v=1hdZRITaAhY&amp;t=1s\u00bb align=\u00bbcenter\u00bb][vc_empty_space height=\u00bb50px\u00bb][vc_column_text]<strong><span style=\"color: #96a200;\">Un peque\u00f1o-gran remolque tienda Compact.<\/span> <\/strong><\/p>\n<p>&nbsp;<\/p>\n<p>El remolque tienda COMPACT de COMANCHE es, una vez desplegado, una gran tienda con <strong>2 dormitorios separados por un pasillo central y un gran avanc\u00e9<\/strong> con m\u00faltiples posibilidades.<\/p>\n<p>&nbsp;<\/p>\n<p>Cuando digas \u2018aqu\u00ed me planto\u2019, disfrutar\u00e1s de grandes y confortables espacios. Remolque tienda COMPACT tiene <strong>doble techo<\/strong> individual, dos camas dobles y <strong>una sala de estar<\/strong>. Un <strong>avanc\u00e9 muy amplio<\/strong> ofrece un espacio para una <strong>cocina y un ropero<\/strong>.<\/p>\n<p>&nbsp;<\/p>\n<p>Las ventanas de la tienda incluyen <strong>mosquiteras<\/strong> y tapas de lona. La zona del pasillo central puedes utilizarla como comedor o cama suplementaria.<\/p>\n<p>&nbsp;<\/p>\n<p>Es perfecto <strong>para 4 personas ampliable hasta 8<\/strong>. Para estancias de larga duraci\u00f3n con toda la familia o amigos.<\/p>\n<p>&nbsp;<\/p>\n<p>Las <strong>habitaciones interiores son de algod\u00f3n<\/strong> con cremalleras y ganchos con goma para ajustarse a la estructura del remolque.<\/p>\n<p>&nbsp;<\/p>\n<p>Los <strong>colchones de camas dobles<\/strong> est\u00e1n fabricados en espuma de alta densidad con un grosor de 70mm con funda acolchada desenfundable.<\/p>\n<p>&nbsp;<\/p>\n<p>El cuerpo del remolque est\u00e1 fabricado en poli\u00e9ster para hacerlo <strong>m\u00e1s ligero<\/strong> y reposa sobre un chasis galvanizado.[\/vc_column_text][vc_empty_space height=\u00bb50px\u00bb][vc_gallery interval=\u00bb0&#8243; images=\u00bb8953,8954,8949,8951,8955,8947,8950,8952,8948,8946&#8243; img_size=\u00bbfull\u00bb direction_nav=\u00bbyes\u00bb control_nav=\u00bbyes\u00bb show_image_description=\u00bbyes\u00bb pause_on_hover=\u00bbyes\u00bb css=\u00bb.vc_custom_1566742555632{border-top-width: 1px !important;border-right-width: 1px !important;border-bottom-width: 1px !important;border-left-width: 1px !important;border-left-color: #e0e0e0 !important;border-left-style: solid !important;border-right-color: #e0e0e0 !important;border-right-style: solid !important;border-top-color: #e0e0e0 !important;border-top-style: solid !important;border-bottom-color: #e0e0e0 !important;border-bottom-style: solid !important;}\u00bb][vc_empty_space height=\u00bb50px\u00bb]<div class='q_icon_with_title medium normal_icon '><div class=\"icon_holder \" style=\" \"><span data-icon-type=\"normal\" class=\"qode_iwt_icon_holder q_font_awsome_icon fa-3x  \"><i class=\"qode_icon_font_awesome fa fa-pagelines qode_iwt_icon_element\" style=\"color: #96a200\"><\/i><\/span><\/div><div class=\"icon_text_holder\" style=\"\"><div class=\"icon_text_inner\" style=\"\"><h3 class=\"icon_title\" style=\"\">Caracter\u00edsticas<\/h3><div class=\"separator small left\" style=\"height: 2px;background-color: #96a200;width: 500px;margin-top: 3%px;margin-bottom: 15px;\"><\/div><p style=''><\/p><\/div><\/div><\/div>[vc_column_text]<\/p>\n<ul>\n<li>Para 4 personas, ampliable a 8<\/li>\n<li>Lona 100% algod\u00f3n tejido TEN-CATE impermeable<\/li>\n<li>Habitaciones interiores de algod\u00f3n<\/li>\n<li>Colchones de espuma alta densidad, con funda acolchada (desenfundable)<\/li>\n<li>Estructura de tubos galvanizados<\/li>\n<li>Chasis galvanizado<\/li>\n<li>Ruedas 5-00-10\u201d[72N]<\/li>\n<li>Incluye:\n<ul>\n<li>Piquetas<\/li>\n<li>Rueda jockey<\/li>\n<li>Rueda de recambio<\/li>\n<li>Nivel<\/li>\n<\/ul>\n<\/li>\n<li>El remolque se entrega con ficha t\u00e9cnica y homologaci\u00f3n europea<\/li>\n<\/ul>\n<p>[\/vc_column_text][vc_empty_space height=\u00bb50px\u00bb]<div class='q_icon_with_title medium normal_icon '><div class=\"icon_holder \" style=\" \"><span data-icon-type=\"normal\" class=\"qode_iwt_icon_holder q_font_awsome_icon fa-3x  \"><i class=\"qode_icon_font_awesome fa fa-pagelines qode_iwt_icon_element\" style=\"color: #96a200\"><\/i><\/span><\/div><div class=\"icon_text_holder\" style=\"\"><div class=\"icon_text_inner\" style=\"\"><h3 class=\"icon_title\" style=\"\">Opciones<\/h3><div class=\"separator small left\" style=\"height: 2px;background-color: #96a200;width: 500px;margin-top: 3%px;margin-bottom: 15px;\"><\/div><p style=''><\/p><\/div><\/div><\/div>[vc_column_text]<\/p>\n<ul>\n<li>Freno de inercia y estacionamiento<\/li>\n<li>Ruedas 145-13\u201d<\/li>\n<\/ul>\n<p>[\/vc_column_text][\/vc_column][vc_column offset=\u00bbvc_col-lg-3 vc_col-md-3&#8243;][vc_column_text css=\u00bb.vc_custom_1566742710390{padding-top: 5% !important;padding-right: 5% !important;padding-bottom: 5% !important;padding-left: 5% !important;background-color: #96a200 !important;}\u00bb]<\/p>\n<h6><a href=\"https:\/\/tiendaonline.rcomanche.com\/es\/comprar-remolques-camping\/767-compact-i-desert-8435463600269.html\" target=\"_blank\" rel=\"noopener noreferrer\"><span style=\"color: #ffffff;\">CONSULTA PRECIOS<br \/>\nEN NUESTRA<br \/>\nTIENDA ONLINE<\/span><\/a><\/h6>\n<p>[\/vc_column_text][vc_empty_space][vc_column_text]<strong>Tama\u00f1o<\/strong>: Grande<\/p>\n<p>&nbsp;<\/p>\n<p><strong>Capacidad<\/strong>: 4-8 personas<\/p>\n<p>&nbsp;<\/p>\n<p><strong>Medidas totales<\/strong>: 3610 x 1495 x 1175 mm<\/p>\n<p>&nbsp;<\/p>\n<p><strong>Eje<\/strong>: 750kg<\/p>\n<p>&nbsp;<\/p>\n<p><strong>Ruedas<\/strong>: 5-00-10\u201d<\/p>\n<p>&nbsp;<\/p>\n<p><strong>Tara<\/strong>: 356kg<\/p>\n<p>&nbsp;<\/p>\n<p><strong>Material<\/strong>: Tienda de algod\u00f3n TEN CATE impermeabilizado, chasis de acero galvanizado, carrocer\u00eda en poli\u00e9ster<\/p>\n<p>&nbsp;<\/p>\n<p><strong>Lanza<\/strong>: En V<\/p>\n<p>&nbsp;<\/p>\n<p><strong>Rueda Jockey<\/strong>: Incluida<\/p>\n<p>&nbsp;<\/p>\n<p><strong>Freno<\/strong>: Opcional[\/vc_column_text][vc_empty_space][vc_column_text css=\u00bb.vc_custom_1568438025356{padding-top: 5% !important;padding-right: 5% !important;padding-bottom: 5% !important;padding-left: 5% !important;background-color: #96a200 !important;}\u00bb]<\/p>\n<h6><a href=\"http:\/\/rcomanche.com\/wp-content\/uploads\/2018\/01\/camping_compact.pdf\" target=\"_blank\" rel=\"noopener noreferrer\"><span style=\"color: #ffffff;\">CAT\u00c1LOGO PDF<\/span><\/a><\/h6>\n<p>[\/vc_column_text][\/vc_column][\/vc_row][vc_row css_animation=\u00bb\u00bb row_type=\u00bbrow\u00bb use_row_as_full_screen_section=\u00bbno\u00bb type=\u00bbgrid\u00bb angled_section=\u00bbno\u00bb text_align=\u00bbleft\u00bb background_image_as_pattern=\u00bbwithout_pattern\u00bb z_index=\u00bb\u00bb css=\u00bb.vc_custom_1566713605284{margin-top: 3% !important;}\u00bb][vc_column offset=\u00bbvc_col-lg-9 vc_col-md-9&#8243;]<div class='q_icon_with_title medium normal_icon '><div class=\"icon_holder \" style=\" \"><span data-icon-type=\"normal\" class=\"qode_iwt_icon_holder q_font_awsome_icon fa-3x  \"><i class=\"qode_icon_font_awesome fa fa-pagelines qode_iwt_icon_element\" style=\"color: #96a200\"><\/i><\/span><\/div><div class=\"icon_text_holder\" style=\"\"><div class=\"icon_text_inner\" style=\"\"><h3 class=\"icon_title\" style=\"\">Accesorios<\/h3><div class=\"separator small left\" style=\"height: 2px;background-color: #96a200;width: 500px;margin-top: 3%px;margin-bottom: 15px;\"><\/div><p style=''><\/p><\/div><\/div><\/div>[vc_row_inner row_type=\u00bbrow\u00bb type=\u00bbfull_width\u00bb text_align=\u00bbleft\u00bb css_animation=\u00bb\u00bb][vc_column_inner width=\u00bb1\/4&#8243;][vc_single_image image=\u00bb8897&#8243; img_size=\u00bbfull\u00bb add_caption=\u00bbyes\u00bb alignment=\u00bbcenter\u00bb qode_css_animation=\u00bb\u00bb css=\u00bb.vc_custom_1566724760038{border-top-width: 1px !important;border-right-width: 1px !important;border-bottom-width: 1px !important;border-left-width: 1px !important;border-left-color: #96a200 !important;border-left-style: solid !important;border-right-color: #96a200 !important;border-right-style: solid !important;border-top-color: #96a200 !important;border-top-style: solid !important;border-bottom-color: #96a200 !important;border-bottom-style: solid !important;}\u00bb][vc_column_text]<span style=\"color: #96a200;\">Cofre Camper<\/span>[\/vc_column_text][vc_empty_space][vc_single_image image=\u00bb8908&#8243; img_size=\u00bbfull\u00bb add_caption=\u00bbyes\u00bb alignment=\u00bbcenter\u00bb qode_css_animation=\u00bb\u00bb css=\u00bb.vc_custom_1566725329910{border-top-width: 1px !important;border-right-width: 1px !important;border-bottom-width: 1px !important;border-left-width: 1px !important;border-left-color: #96a200 !important;border-left-style: solid !important;border-right-color: #96a200 !important;border-right-style: solid !important;border-top-color: #96a200 !important;border-top-style: solid !important;border-bottom-color: #96a200 !important;border-bottom-style: solid !important;}\u00bb][vc_column_text]<span style=\"color: #96a200;\">Llav\u00edn Antirrobo<\/span>[\/vc_column_text][vc_empty_space][vc_single_image image=\u00bb8909&#8243; img_size=\u00bbfull\u00bb add_caption=\u00bbyes\u00bb alignment=\u00bbcenter\u00bb qode_css_animation=\u00bb\u00bb css=\u00bb.vc_custom_1566740842933{border-top-width: 1px !important;border-right-width: 1px !important;border-bottom-width: 1px !important;border-left-width: 1px !important;border-left-color: #96a200 !important;border-left-style: solid !important;border-right-color: #96a200 !important;border-right-style: solid !important;border-top-color: #96a200 !important;border-top-style: solid !important;border-bottom-color: #96a200 !important;border-bottom-style: solid !important;}\u00bb][vc_column_text]<span style=\"color: #96a200;\">Soporte matr\u00edcula<br \/>\n<\/span>[\/vc_column_text][\/vc_column_inner][vc_column_inner width=\u00bb1\/4&#8243;][vc_single_image image=\u00bb8940&#8243; img_size=\u00bbfull\u00bb alignment=\u00bbcenter\u00bb qode_css_animation=\u00bb\u00bb css=\u00bb.vc_custom_1566740589033{border-top-width: 1px !important;border-right-width: 1px !important;border-bottom-width: 1px !important;border-left-width: 1px !important;border-left-color: #96a200 !important;border-left-style: solid !important;border-right-color: #96a200 !important;border-right-style: solid !important;border-top-color: #96a200 !important;border-top-style: solid !important;border-bottom-color: #96a200 !important;border-bottom-style: solid !important;}\u00bb][vc_column_text]<span style=\"color: #96a200;\">Funda Portaequipajes<br \/>\n<\/span>[\/vc_column_text][vc_empty_space][vc_single_image image=\u00bb8943&#8243; img_size=\u00bbfull\u00bb alignment=\u00bbcenter\u00bb qode_css_animation=\u00bb\u00bb css=\u00bb.vc_custom_1566740766107{border-top-width: 1px !important;border-right-width: 1px !important;border-bottom-width: 1px !important;border-left-width: 1px !important;border-left-color: #96a200 !important;border-left-style: solid !important;border-right-color: #96a200 !important;border-right-style: solid !important;border-top-color: #96a200 !important;border-top-style: solid !important;border-bottom-color: #96a200 !important;border-bottom-style: solid !important;}\u00bb][vc_column_text]<span style=\"color: #96a200;\">Suelo Avanc\u00e9<br \/>\n<\/span>[\/vc_column_text][vc_empty_space][\/vc_column_inner][vc_column_inner width=\u00bb1\/4&#8243;][vc_single_image image=\u00bb8941&#8243; img_size=\u00bbfull\u00bb add_caption=\u00bbyes\u00bb alignment=\u00bbcenter\u00bb qode_css_animation=\u00bb\u00bb css=\u00bb.vc_custom_1566740628155{border-top-width: 1px !important;border-right-width: 1px !important;border-bottom-width: 1px !important;border-left-width: 1px !important;border-left-color: #96a200 !important;border-left-style: solid !important;border-right-color: #96a200 !important;border-right-style: solid !important;border-top-color: #96a200 !important;border-top-style: solid !important;border-bottom-color: #96a200 !important;border-bottom-style: solid !important;}\u00bb][vc_column_text]<span style=\"color: #96a200;\">Funda PVC Parking<br \/>\n<\/span>[\/vc_column_text][vc_empty_space][vc_single_image image=\u00bb8925&#8243; img_size=\u00bbfull\u00bb alignment=\u00bbcenter\u00bb qode_css_animation=\u00bb\u00bb css=\u00bb.vc_custom_1566728912982{border-top-width: 1px !important;border-right-width: 1px !important;border-bottom-width: 1px !important;border-left-width: 1px !important;border-left-color: #96a200 !important;border-left-style: solid !important;border-right-color: #96a200 !important;border-right-style: solid !important;border-top-color: #96a200 !important;border-top-style: solid !important;border-bottom-color: #96a200 !important;border-bottom-style: solid !important;}\u00bb][vc_column_text]<span style=\"color: #96a200;\">Portabicis<br \/>\n<\/span>[\/vc_column_text][\/vc_column_inner][vc_column_inner width=\u00bb1\/4&#8243;][vc_single_image image=\u00bb8942&#8243; img_size=\u00bbfull\u00bb alignment=\u00bbcenter\u00bb qode_css_animation=\u00bb\u00bb css=\u00bb.vc_custom_1566740690957{border-top-width: 1px !important;border-right-width: 1px !important;border-bottom-width: 1px !important;border-left-width: 1px !important;border-left-color: #96a200 !important;border-left-style: solid !important;border-right-color: #96a200 !important;border-right-style: solid !important;border-top-color: #96a200 !important;border-top-style: solid !important;border-bottom-color: #96a200 !important;border-bottom-style: solid !important;}\u00bb][vc_column_text]<span style=\"color: #96a200;\">Toldo \/ Doble Avanc\u00e9<br \/>\n<\/span>[\/vc_column_text][vc_empty_space][vc_single_image image=\u00bb8862&#8243; img_size=\u00bbfull\u00bb alignment=\u00bbcenter\u00bb qode_css_animation=\u00bb\u00bb css=\u00bb.vc_custom_1566725132129{border-top-width: 1px !important;border-right-width: 1px !important;border-bottom-width: 1px !important;border-left-width: 1px !important;border-left-color: #96a200 !important;border-left-style: solid !important;border-right-color: #96a200 !important;border-right-style: solid !important;border-top-color: #96a200 !important;border-top-style: solid !important;border-bottom-color: #96a200 !important;border-bottom-style: solid !important;}\u00bb][vc_column_text]<span style=\"color: #96a200;\">Soporte Parking<br \/>\n<\/span>[\/vc_column_text][\/vc_column_inner][\/vc_row_inner][\/vc_column][\/vc_row][vc_row css_animation=\u00bb\u00bb row_type=\u00bbrow\u00bb use_row_as_full_screen_section=\u00bbno\u00bb type=\u00bbgrid\u00bb angled_section=\u00bbno\u00bb text_align=\u00bbleft\u00bb background_image_as_pattern=\u00bbwithout_pattern\u00bb z_index=\u00bb\u00bb css=\u00bb.vc_custom_1566713605284{margin-top: 3% !important;}\u00bb][vc_column offset=\u00bbvc_col-lg-9 vc_col-md-9&#8243;][vc_empty_space height=\u00bb60px\u00bb][\/vc_column][\/vc_row]<\/p>\n","protected":false},"excerpt":{"rendered":"<p>[vc_row css_animation=\u00bb\u00bb row_type=\u00bbrow\u00bb use_row_as_full_screen_section=\u00bbno\u00bb type=\u00bbgrid\u00bb angled_section=\u00bbno\u00bb text_align=\u00bbleft\u00bb background_image_as_pattern=\u00bbwithout_pattern\u00bb css=\u00bb.vc_custom_1566712396211{padding-top: 3% !important;padding-bottom: 1% !important;}\u00bb z_index=\u00bb\u00bb][vc_column][vc_column_text] Remolque tienda Compact [\/vc_column_text][\/vc_column][\/vc_row][vc_row css_animation=\u00bb\u00bb row_type=\u00bbrow\u00bb use_row_as_full_screen_section=\u00bbno\u00bb type=\u00bbgrid\u00bb angled_section=\u00bbno\u00bb text_align=\u00bbleft\u00bb background_image_as_pattern=\u00bbwithout_pattern\u00bb z_index=\u00bb\u00bb][vc_column offset=\u00bbvc_col-lg-9 vc_col-md-9&#8243;][vc_video link=\u00bbhttps:\/\/www.youtube.com\/watch?v=1hdZRITaAhY&amp;t=1s\u00bb align=\u00bbcenter\u00bb][vc_empty_space height=\u00bb50px\u00bb][vc_column_text]Un peque\u00f1o-gran remolque tienda Compact. &nbsp; El remolque tienda COMPACT de COMANCHE es, una vez&#8230;<\/p>\n","protected":false},"author":2,"featured_media":8955,"parent":25,"menu_order":0,"comment_status":"closed","ping_status":"closed","template":"full_width.php","meta":{"footnotes":""},"class_list":["post-8939","page","type-page","status-publish","has-post-thumbnail","hentry"],"_links":{"self":[{"href":"https:\/\/rcomanche.com\/en\/wp-json\/wp\/v2\/pages\/8939","targetHints":{"allow":["GET"]}}],"collection":[{"href":"https:\/\/rcomanche.com\/en\/wp-json\/wp\/v2\/pages"}],"about":[{"href":"https:\/\/rcomanche.com\/en\/wp-json\/wp\/v2\/types\/page"}],"author":[{"embeddable":true,"href":"https:\/\/rcomanche.com\/en\/wp-json\/wp\/v2\/users\/2"}],"replies":[{"embeddable":true,"href":"https:\/\/rcomanche.com\/en\/wp-json\/wp\/v2\/comments?post=8939"}],"version-history":[{"count":0,"href":"https:\/\/rcomanche.com\/en\/wp-json\/wp\/v2\/pages\/8939\/revisions"}],"up":[{"embeddable":true,"href":"https:\/\/rcomanche.com\/en\/wp-json\/wp\/v2\/pages\/25"}],"wp:featuredmedia":[{"embeddable":true,"href":"https:\/\/rcomanche.com\/en\/wp-json\/wp\/v2\/media\/8955"}],"wp:attachment":[{"href":"https:\/\/rcomanche.com\/en\/wp-json\/wp\/v2\/media?parent=8939"}],"curies":[{"name":"wp","href":"https:\/\/api.w.org\/{rel}","templated":true}]}}