{"id":9077,"date":"2019-09-01T10:04:32","date_gmt":"2019-09-01T10:04:32","guid":{"rendered":"http:\/\/rcomanche.com\/?page_id=9077"},"modified":"2025-11-12T17:14:27","modified_gmt":"2025-11-12T16:14:27","slug":"platform-trailers","status":"publish","type":"page","link":"https:\/\/rcomanche.com\/en\/remolques-carga\/remolques-plataformas\/","title":{"rendered":"Platform trailers"},"content":{"rendered":"<p>COMANCHE PLATFORMS trailers are designed for both private and professional use.<\/p>\n<p>Trailers of robust, agile and very manageable construction. They allow the transport of all types of objects and merchandise: tools, firewood, DIY, machinery...<\/p>\n<p>No matter the weight or shape, it&#039;s a tough trailer that carries everything.<\/p>\n<p>Front and side rails are optional<\/p>","protected":false},"excerpt":{"rendered":"<p>Los remolques PLATAFORMAS de COMANCHE est\u00e1n pensados para un uso tanto particular como profesional. Remolques de construcci\u00f3n robusta, \u00e1gil y muy manejable. Permiten el transporte de todo tipo de objetos y mercanc\u00edas: herramientas, le\u00f1a, bricolaje, maquinaria\u2026 No importa el peso ni la forma, es un&#8230;<\/p>","protected":false},"author":2,"featured_media":9078,"parent":27,"menu_order":0,"comment_status":"closed","ping_status":"closed","template":"","meta":{"footnotes":""},"class_list":["post-9077","page","type-page","status-publish","has-post-thumbnail","hentry"],"_links":{"self":[{"href":"https:\/\/rcomanche.com\/en\/wp-json\/wp\/v2\/pages\/9077","targetHints":{"allow":["GET"]}}],"collection":[{"href":"https:\/\/rcomanche.com\/en\/wp-json\/wp\/v2\/pages"}],"about":[{"href":"https:\/\/rcomanche.com\/en\/wp-json\/wp\/v2\/types\/page"}],"author":[{"embeddable":true,"href":"https:\/\/rcomanche.com\/en\/wp-json\/wp\/v2\/users\/2"}],"replies":[{"embeddable":true,"href":"https:\/\/rcomanche.com\/en\/wp-json\/wp\/v2\/comments?post=9077"}],"version-history":[{"count":2,"href":"https:\/\/rcomanche.com\/en\/wp-json\/wp\/v2\/pages\/9077\/revisions"}],"predecessor-version":[{"id":35912,"href":"https:\/\/rcomanche.com\/en\/wp-json\/wp\/v2\/pages\/9077\/revisions\/35912"}],"up":[{"embeddable":true,"href":"https:\/\/rcomanche.com\/en\/wp-json\/wp\/v2\/pages\/27"}],"wp:featuredmedia":[{"embeddable":true,"href":"https:\/\/rcomanche.com\/en\/wp-json\/wp\/v2\/media\/9078"}],"wp:attachment":[{"href":"https:\/\/rcomanche.com\/en\/wp-json\/wp\/v2\/media?parent=9077"}],"curies":[{"name":"wp","href":"https:\/\/api.w.org\/{rel}","templated":true}]}}