{"id":25,"date":"2015-10-27T17:01:42","date_gmt":"2015-10-27T17:01:42","guid":{"rendered":"http:\/\/rcomanche.com\/?page_id=25"},"modified":"2025-11-13T18:19:33","modified_gmt":"2025-11-13T17:19:33","slug":"caravanes-de-camping","status":"publish","type":"page","link":"https:\/\/rcomanche.com\/fr\/remolques-camping\/","title":{"rendered":"CAMPING-ROUTES"},"content":{"rendered":"<div data-elementor-type=\"wp-page\" data-elementor-id=\"25\" class=\"elementor elementor-25\" data-elementor-post-type=\"page\">\n\t\t\t\t<div class=\"elementor-element elementor-element-1147023 e-flex e-con-boxed parallax_section_no qode_elementor_container_no e-con e-parent\" data-id=\"1147023\" data-element_type=\"container\" data-e-type=\"container\">\n\t\t\t\t\t<div class=\"e-con-inner\">\n\t\t<div class=\"elementor-element elementor-element-8f7c166 e-con-full e-flex parallax_section_no qode_elementor_container_no e-con e-child\" data-id=\"8f7c166\" data-element_type=\"container\" data-e-type=\"container\">\n\t\t\t\t<div class=\"elementor-element elementor-element-e45f369 elementor-widget elementor-widget-heading\" data-id=\"e45f369\" data-element_type=\"widget\" data-e-type=\"widget\" data-widget_type=\"heading.default\">\n\t\t\t\t<div class=\"elementor-widget-container\">\n\t\t\t\t\t<h2 class=\"elementor-heading-title elementor-size-default\">REMOLQUES CARGA<\/h2>\t\t\t\t<\/div>\n\t\t\t\t<\/div>\n\t\t\t\t<div class=\"elementor-element elementor-element-7f0b39e elementor-widget elementor-widget-image\" data-id=\"7f0b39e\" data-element_type=\"widget\" data-e-type=\"widget\" data-widget_type=\"image.default\">\n\t\t\t\t<div class=\"elementor-widget-container\">\n\t\t\t\t\t\t\t\t\t\t\t\t\t\t\t<img fetchpriority=\"high\" decoding=\"async\" width=\"1060\" height=\"189\" src=\"https:\/\/rcomanche.com\/wp-content\/uploads\/2019\/08\/LogoComanche.png\" class=\"attachment-large size-large wp-image-8745\" alt=\"\" srcset=\"https:\/\/rcomanche.com\/wp-content\/uploads\/2019\/08\/LogoComanche.png 1124w, https:\/\/rcomanche.com\/wp-content\/uploads\/2019\/08\/LogoComanche-300x53.png 300w, https:\/\/rcomanche.com\/wp-content\/uploads\/2019\/08\/LogoComanche-768x137.png 768w, https:\/\/rcomanche.com\/wp-content\/uploads\/2019\/08\/LogoComanche-700x125.png 700w\" sizes=\"(max-width: 1060px) 100vw, 1060px\" \/>\t\t\t\t\t\t\t\t\t\t\t\t\t\t\t<\/div>\n\t\t\t\t<\/div>\n\t\t\t\t<\/div>\n\t\t<div class=\"elementor-element elementor-element-86184df e-con-full e-flex parallax_section_no qode_elementor_container_no e-con e-child\" data-id=\"86184df\" data-element_type=\"container\" data-e-type=\"container\">\n\t\t\t\t<div class=\"elementor-element elementor-element-ffbd8c0 elementor-widget elementor-widget-text-editor\" data-id=\"ffbd8c0\" data-element_type=\"widget\" data-e-type=\"widget\" data-widget_type=\"text-editor.default\">\n\t\t\t\t<div class=\"elementor-widget-container\">\n\t\t\t\t\t\t\t\t\t<p>Chez COMANCHE nous mettons \u00e0 votre disposition diff\u00e9rents mod\u00e8les de camping-cars, pour vivre en pleine nature avec tout le confort d&#039;emmener \u00ab votre maison \u00bb o\u00f9 vous le souhaitez.<\/p><p>\u00a0<\/p><p>Vous souhaitez sortir de votre routine et aller dans un endroit calme ?<br \/>Ou simplement d\u00e9couvrir le monde ?<br \/>A tout moment et en toute libert\u00e9 ?<\/p><p>\u00a0<\/p><p>Confortable, facile et rapide \u00e0 assembler. De par leurs dimensions et leur poids, les camping-cars Comanche pr\u00e9sentent une grande stabilit\u00e9 et de grandes performances routi\u00e8res. COMANCHE est la meilleure fa\u00e7on de profiter du monde.<\/p>\t\t\t\t\t\t\t\t<\/div>\n\t\t\t\t<\/div>\n\t\t\t\t<\/div>\n\t\t\t\t\t<\/div>\n\t\t\t\t<\/div>\n\t\t<div class=\"elementor-element elementor-element-1d97684 e-flex e-con-boxed parallax_section_no qode_elementor_container_no e-con e-parent\" data-id=\"1d97684\" data-element_type=\"container\" data-e-type=\"container\">\n\t\t\t\t\t<div class=\"e-con-inner\">\n\t\t<div class=\"elementor-element elementor-element-112b350 e-con-full e-flex parallax_section_no qode_elementor_container_no e-con e-child\" data-id=\"112b350\" data-element_type=\"container\" data-e-type=\"container\">\n\t\t\t\t<div class=\"elementor-element elementor-element-deaa7d0 elementor-widget elementor-widget-image\" data-id=\"deaa7d0\" data-element_type=\"widget\" data-e-type=\"widget\" data-widget_type=\"image.default\">\n\t\t\t\t<div class=\"elementor-widget-container\">\n\t\t\t\t\t\t\t\t\t\t\t\t\t\t\t\t<a href=\"https:\/\/rcomanche.com\/fr\/caravanes-de-camping\/tente-roulotte-oregon\/\">\n\t\t\t\t\t\t\t<img decoding=\"async\" width=\"1060\" height=\"442\" src=\"https:\/\/rcomanche.com\/wp-content\/uploads\/2024\/05\/OREGON-COMANCHE-1.jpeg\" class=\"attachment-large size-large wp-image-34757\" alt=\"\" srcset=\"https:\/\/rcomanche.com\/wp-content\/uploads\/2024\/05\/OREGON-COMANCHE-1.jpeg 1200w, https:\/\/rcomanche.com\/wp-content\/uploads\/2024\/05\/OREGON-COMANCHE-1-300x125.jpeg 300w, https:\/\/rcomanche.com\/wp-content\/uploads\/2024\/05\/OREGON-COMANCHE-1-768x320.jpeg 768w, https:\/\/rcomanche.com\/wp-content\/uploads\/2024\/05\/OREGON-COMANCHE-1-18x8.jpeg 18w, https:\/\/rcomanche.com\/wp-content\/uploads\/2024\/05\/OREGON-COMANCHE-1-700x292.jpeg 700w\" sizes=\"(max-width: 1060px) 100vw, 1060px\" \/>\t\t\t\t\t\t\t\t<\/a>\n\t\t\t\t\t\t\t\t\t\t\t\t\t\t\t<\/div>\n\t\t\t\t<\/div>\n\t\t\t\t<\/div>\n\t\t<div class=\"elementor-element elementor-element-8a2c54e e-con-full e-flex parallax_section_no qode_elementor_container_no e-con e-child\" data-id=\"8a2c54e\" data-element_type=\"container\" data-e-type=\"container\">\n\t\t\t\t<div class=\"elementor-element elementor-element-18008b4 elementor-headline--style-highlight elementor-widget elementor-widget-animated-headline\" data-id=\"18008b4\" data-element_type=\"widget\" data-e-type=\"widget\" data-settings=\"{&quot;marker&quot;:&quot;curly&quot;,&quot;highlighted_text&quot;:&quot;OREGON&quot;,&quot;headline_style&quot;:&quot;highlight&quot;,&quot;loop&quot;:&quot;yes&quot;,&quot;highlight_animation_duration&quot;:1200,&quot;highlight_iteration_delay&quot;:8000}\" data-widget_type=\"animated-headline.default\">\n\t\t\t\t<div class=\"elementor-widget-container\">\n\t\t\t\t\t\t\t\t<a href=\"https:\/\/rcomanche.com\/fr\/caravanes-de-camping\/tente-roulotte-oregon\/\">\n\n\t\t\t\t\t<h2 class=\"elementor-headline\">\n\t\t\t\t<span class=\"elementor-headline-dynamic-wrapper elementor-headline-text-wrapper\">\n\t\t\t\t\t<span class=\"elementor-headline-dynamic-text elementor-headline-text-active\">OREGON<\/span>\n\t\t\t\t<\/span>\n\t\t\t\t<\/h2>\n\t\t<\/a>\t\t\t\t<\/div>\n\t\t\t\t<\/div>\n\t\t\t\t<div class=\"elementor-element elementor-element-43fb3bb elementor-widget elementor-widget-text-editor\" data-id=\"43fb3bb\" data-element_type=\"widget\" data-e-type=\"widget\" data-widget_type=\"text-editor.default\">\n\t\t\t\t<div class=\"elementor-widget-container\">\n\t\t\t\t\t\t\t\t\t<p><strong>Taille<\/strong>: Grand<\/p><p><strong>Capacit\u00e9<\/strong>: 4-8 personnes<\/p><p><strong>Mat\u00e9riel<\/strong>:<\/p><p>Toit et panneaux Gris fonc\u00e9 Ten Cate WM1 Polyester PVA R\u00e9sidentiel Toutes Saisons<\/p><p>Panneaux en polycoton Ten Cate KA10 gris clair<\/p><p>\u00c0 l&#039;int\u00e9rieur. Sous-r\u00e9nat de coton<\/p><p><strong>Ch\u00e2ssis<\/strong>: Acier galvanis\u00e9<\/p>\t\t\t\t\t\t\t\t<\/div>\n\t\t\t\t<\/div>\n\t\t\t\t<\/div>\n\t\t\t\t\t<\/div>\n\t\t\t\t<\/div>\n\t\t<div class=\"elementor-element elementor-element-fb7e728 e-flex e-con-boxed parallax_section_no qode_elementor_container_no e-con e-parent\" data-id=\"fb7e728\" data-element_type=\"container\" data-e-type=\"container\">\n\t\t\t\t\t<div class=\"e-con-inner\">\n\t\t<div class=\"elementor-element elementor-element-58bc04b e-con-full e-flex parallax_section_no qode_elementor_container_no e-con e-child\" data-id=\"58bc04b\" data-element_type=\"container\" data-e-type=\"container\">\n\t\t\t\t<div class=\"elementor-element elementor-element-9c84347 elementor-widget elementor-widget-image\" data-id=\"9c84347\" data-element_type=\"widget\" data-e-type=\"widget\" data-widget_type=\"image.default\">\n\t\t\t\t<div class=\"elementor-widget-container\">\n\t\t\t\t\t\t\t\t\t\t\t\t\t\t\t\t<a href=\"https:\/\/rcomanche.com\/fr\/caravanes-de-camping\/tente-roulotte-kenya\/\">\n\t\t\t\t\t\t\t<img decoding=\"async\" width=\"1060\" height=\"493\" src=\"https:\/\/rcomanche.com\/wp-content\/uploads\/2024\/08\/Montana-Grey-.jpg\" class=\"attachment-large size-large wp-image-35345\" alt=\"\" srcset=\"https:\/\/rcomanche.com\/wp-content\/uploads\/2024\/08\/Montana-Grey-.jpg 1170w, https:\/\/rcomanche.com\/wp-content\/uploads\/2024\/08\/Montana-Grey--300x139.jpg 300w, https:\/\/rcomanche.com\/wp-content\/uploads\/2024\/08\/Montana-Grey--768x357.jpg 768w, https:\/\/rcomanche.com\/wp-content\/uploads\/2024\/08\/Montana-Grey--18x8.jpg 18w, https:\/\/rcomanche.com\/wp-content\/uploads\/2024\/08\/Montana-Grey--700x325.jpg 700w\" sizes=\"(max-width: 1060px) 100vw, 1060px\" \/>\t\t\t\t\t\t\t\t<\/a>\n\t\t\t\t\t\t\t\t\t\t\t\t\t\t\t<\/div>\n\t\t\t\t<\/div>\n\t\t\t\t<\/div>\n\t\t<div class=\"elementor-element elementor-element-d86d4c3 e-con-full e-flex parallax_section_no qode_elementor_container_no e-con e-child\" data-id=\"d86d4c3\" data-element_type=\"container\" data-e-type=\"container\">\n\t\t\t\t<div class=\"elementor-element elementor-element-afb37fd elementor-headline--style-highlight elementor-widget elementor-widget-animated-headline\" data-id=\"afb37fd\" data-element_type=\"widget\" data-e-type=\"widget\" data-settings=\"{&quot;marker&quot;:&quot;curly&quot;,&quot;highlighted_text&quot;:&quot; MONTANA EXPLORER&quot;,&quot;headline_style&quot;:&quot;highlight&quot;,&quot;loop&quot;:&quot;yes&quot;,&quot;highlight_animation_duration&quot;:1200,&quot;highlight_iteration_delay&quot;:8000}\" data-widget_type=\"animated-headline.default\">\n\t\t\t\t<div class=\"elementor-widget-container\">\n\t\t\t\t\t\t\t\t<a href=\"https:\/\/rcomanche.com\/fr\/caravanes-de-camping\/tente-roulotte-kenya\/\">\n\n\t\t\t\t\t<h2 class=\"elementor-headline\">\n\t\t\t\t<span class=\"elementor-headline-dynamic-wrapper elementor-headline-text-wrapper\">\n\t\t\t\t\t<span class=\"elementor-headline-dynamic-text elementor-headline-text-active\"> MONTANA EXPLORER<\/span>\n\t\t\t\t<\/span>\n\t\t\t\t<\/h2>\n\t\t<\/a>\t\t\t\t<\/div>\n\t\t\t\t<\/div>\n\t\t\t\t<div class=\"elementor-element elementor-element-4f05567 elementor-widget elementor-widget-text-editor\" data-id=\"4f05567\" data-element_type=\"widget\" data-e-type=\"widget\" data-widget_type=\"text-editor.default\">\n\t\t\t\t<div class=\"elementor-widget-container\">\n\t\t\t\t\t\t\t\t\t<p><strong>Taille<\/strong>: Moyen<\/p><p><strong>Capacit\u00e9<\/strong>: 2-4 personnes<\/p><p><strong>Mesures<\/strong>: 3,545 x 1,65 x 1,07 m<\/p><p><strong>Mat\u00e9riel<\/strong>:<\/p><p>Toit et panneaux Gris fonc\u00e9 Ten Cate WM1 Polyester PVA R\u00e9sidentiel Toutes Saisons<\/p><p>Panneaux en polycoton Ten Cate KA10 gris clair<\/p><p>\u00c0 l&#039;int\u00e9rieur. Sous-r\u00e9nat de coton<\/p><p><strong>Ch\u00e2ssis<\/strong>: Acier galvanis\u00e9<\/p>\t\t\t\t\t\t\t\t<\/div>\n\t\t\t\t<\/div>\n\t\t\t\t<\/div>\n\t\t\t\t\t<\/div>\n\t\t\t\t<\/div>\n\t\t<div class=\"elementor-element elementor-element-6eeeacc e-flex e-con-boxed parallax_section_no qode_elementor_container_no e-con e-parent\" data-id=\"6eeeacc\" data-element_type=\"container\" data-e-type=\"container\">\n\t\t\t\t\t<div class=\"e-con-inner\">\n\t\t<div class=\"elementor-element elementor-element-e0724ca e-con-full e-flex parallax_section_no qode_elementor_container_no e-con e-child\" data-id=\"e0724ca\" data-element_type=\"container\" data-e-type=\"container\">\n\t\t\t\t<div class=\"elementor-element elementor-element-694f57c elementor-widget elementor-widget-image\" data-id=\"694f57c\" data-element_type=\"widget\" data-e-type=\"widget\" data-widget_type=\"image.default\">\n\t\t\t\t<div class=\"elementor-widget-container\">\n\t\t\t\t\t\t\t\t\t\t\t\t\t\t\t\t<a href=\"https:\/\/rcomanche.com\/fr\/caravanes-de-camping\/tente-roulotte-montana-explorer\/\">\n\t\t\t\t\t\t\t<img decoding=\"async\" src=\"http:\/\/rcomanche.com\/wp-content\/uploads\/2023\/09\/Kenya-GreyLine-Joves1.jpg\" title=\"\" alt=\"\" loading=\"lazy\" \/>\t\t\t\t\t\t\t\t<\/a>\n\t\t\t\t\t\t\t\t\t\t\t\t\t\t\t<\/div>\n\t\t\t\t<\/div>\n\t\t\t\t<\/div>\n\t\t<div class=\"elementor-element elementor-element-37f8297 e-con-full e-flex parallax_section_no qode_elementor_container_no e-con e-child\" data-id=\"37f8297\" data-element_type=\"container\" data-e-type=\"container\">\n\t\t\t\t<div class=\"elementor-element elementor-element-91fc6b9 elementor-headline--style-highlight elementor-widget elementor-widget-animated-headline\" data-id=\"91fc6b9\" data-element_type=\"widget\" data-e-type=\"widget\" data-settings=\"{&quot;marker&quot;:&quot;curly&quot;,&quot;highlighted_text&quot;:&quot; KENYA&quot;,&quot;headline_style&quot;:&quot;highlight&quot;,&quot;loop&quot;:&quot;yes&quot;,&quot;highlight_animation_duration&quot;:1200,&quot;highlight_iteration_delay&quot;:8000}\" data-widget_type=\"animated-headline.default\">\n\t\t\t\t<div class=\"elementor-widget-container\">\n\t\t\t\t\t\t\t\t<a href=\"https:\/\/rcomanche.com\/fr\/caravanes-de-camping\/tente-roulotte-montana-explorer\/\">\n\n\t\t\t\t\t<h2 class=\"elementor-headline\">\n\t\t\t\t<span class=\"elementor-headline-dynamic-wrapper elementor-headline-text-wrapper\">\n\t\t\t\t\t<span class=\"elementor-headline-dynamic-text elementor-headline-text-active\"> KENYA<\/span>\n\t\t\t\t<\/span>\n\t\t\t\t<\/h2>\n\t\t<\/a>\t\t\t\t<\/div>\n\t\t\t\t<\/div>\n\t\t\t\t<div class=\"elementor-element elementor-element-265a610 elementor-widget elementor-widget-text-editor\" data-id=\"265a610\" data-element_type=\"widget\" data-e-type=\"widget\" data-widget_type=\"text-editor.default\">\n\t\t\t\t<div class=\"elementor-widget-container\">\n\t\t\t\t\t\t\t\t\t<p><strong>Taille<\/strong>: Moyen<\/p><p><strong>Capacit\u00e9<\/strong>: 2-4 personnes<\/p><p><strong>Mesures<\/strong>: 3,54 x 1,345 x 0,97 m<\/p><p><strong>Mat\u00e9riel<\/strong>:<\/p><p>Toit et panneaux Gris fonc\u00e9 Ten Cate WM1 Polyester PVA R\u00e9sidentiel Toutes Saisons<\/p><p>Panneaux en polycoton Ten Cate KA10 gris clair<\/p><p>\u00c0 l&#039;int\u00e9rieur. Sous-r\u00e9nat de coton<\/p><p><strong>Ch\u00e2ssis<\/strong>: Acier galvanis\u00e9<\/p>\t\t\t\t\t\t\t\t<\/div>\n\t\t\t\t<\/div>\n\t\t\t\t<\/div>\n\t\t\t\t\t<\/div>\n\t\t\t\t<\/div>\n\t\t<div class=\"elementor-element elementor-element-a24bea9 e-flex e-con-boxed parallax_section_no qode_elementor_container_no e-con e-parent\" data-id=\"a24bea9\" data-element_type=\"container\" data-e-type=\"container\">\n\t\t\t\t\t<div class=\"e-con-inner\">\n\t\t<div class=\"elementor-element elementor-element-33ee6da e-con-full e-flex parallax_section_no qode_elementor_container_no e-con e-child\" data-id=\"33ee6da\" data-element_type=\"container\" data-e-type=\"container\">\n\t\t\t\t<div class=\"elementor-element elementor-element-e7600ce elementor-widget elementor-widget-image\" data-id=\"e7600ce\" data-element_type=\"widget\" data-e-type=\"widget\" data-widget_type=\"image.default\">\n\t\t\t\t<div class=\"elementor-widget-container\">\n\t\t\t\t\t\t\t\t\t\t\t\t\t\t\t\t<a href=\"https:\/\/rcomanche.com\/fr\/caravanes-de-camping\/tente-roulotte-mccamp\/\">\n\t\t\t\t\t\t\t<img loading=\"lazy\" decoding=\"async\" width=\"1060\" height=\"493\" src=\"https:\/\/rcomanche.com\/wp-content\/uploads\/2024\/08\/Mc-Camp-.jpg\" class=\"attachment-large size-large wp-image-35351\" alt=\"\" srcset=\"https:\/\/rcomanche.com\/wp-content\/uploads\/2024\/08\/Mc-Camp-.jpg 1170w, https:\/\/rcomanche.com\/wp-content\/uploads\/2024\/08\/Mc-Camp--300x139.jpg 300w, https:\/\/rcomanche.com\/wp-content\/uploads\/2024\/08\/Mc-Camp--768x357.jpg 768w, https:\/\/rcomanche.com\/wp-content\/uploads\/2024\/08\/Mc-Camp--18x8.jpg 18w, https:\/\/rcomanche.com\/wp-content\/uploads\/2024\/08\/Mc-Camp--700x325.jpg 700w\" sizes=\"(max-width: 1060px) 100vw, 1060px\" \/>\t\t\t\t\t\t\t\t<\/a>\n\t\t\t\t\t\t\t\t\t\t\t\t\t\t\t<\/div>\n\t\t\t\t<\/div>\n\t\t\t\t<\/div>\n\t\t<div class=\"elementor-element elementor-element-5981ab1 e-con-full e-flex parallax_section_no qode_elementor_container_no e-con e-child\" data-id=\"5981ab1\" data-element_type=\"container\" data-e-type=\"container\">\n\t\t\t\t<div class=\"elementor-element elementor-element-f7b58a9 elementor-headline--style-highlight elementor-widget elementor-widget-animated-headline\" data-id=\"f7b58a9\" data-element_type=\"widget\" data-e-type=\"widget\" data-settings=\"{&quot;marker&quot;:&quot;curly&quot;,&quot;highlighted_text&quot;:&quot;Mc CAMP&quot;,&quot;headline_style&quot;:&quot;highlight&quot;,&quot;loop&quot;:&quot;yes&quot;,&quot;highlight_animation_duration&quot;:1200,&quot;highlight_iteration_delay&quot;:8000}\" data-widget_type=\"animated-headline.default\">\n\t\t\t\t<div class=\"elementor-widget-container\">\n\t\t\t\t\t\t\t\t<a href=\"https:\/\/rcomanche.com\/fr\/caravanes-de-camping\/tente-roulotte-mccamp\/\">\n\n\t\t\t\t\t<h2 class=\"elementor-headline\">\n\t\t\t\t<span class=\"elementor-headline-dynamic-wrapper elementor-headline-text-wrapper\">\n\t\t\t\t\t<span class=\"elementor-headline-dynamic-text elementor-headline-text-active\">Mc CAMP<\/span>\n\t\t\t\t<\/span>\n\t\t\t\t<\/h2>\n\t\t<\/a>\t\t\t\t<\/div>\n\t\t\t\t<\/div>\n\t\t\t\t<div class=\"elementor-element elementor-element-afc77e0 elementor-widget elementor-widget-text-editor\" data-id=\"afc77e0\" data-element_type=\"widget\" data-e-type=\"widget\" data-widget_type=\"text-editor.default\">\n\t\t\t\t<div class=\"elementor-widget-container\">\n\t\t\t\t\t\t\t\t\t<p><strong>Taille<\/strong>: Petit<\/p><p><strong>Capacit\u00e9<\/strong>: 2 personnes<\/p><p><strong>Mesures<\/strong>: 2,6x0,999x1,1m<\/p><p><strong>Mat\u00e9riel<\/strong>:<\/p><p>Toit et panneaux Gris fonc\u00e9 Ten Cate WM1 Polyester PVA R\u00e9sidentiel Toutes Saisons<\/p><p>Panneaux en polycoton Ten Cate KA10 gris clair<\/p><p>\u00c0 l&#039;int\u00e9rieur. Sous-r\u00e9nat de coton<\/p><p><strong>Ch\u00e2ssis<\/strong>: Acier galvanis\u00e9<\/p>\t\t\t\t\t\t\t\t<\/div>\n\t\t\t\t<\/div>\n\t\t\t\t<\/div>\n\t\t\t\t\t<\/div>\n\t\t\t\t<\/div>\n\t\t<div class=\"elementor-element elementor-element-1f4ed44 e-flex e-con-boxed parallax_section_no qode_elementor_container_no e-con e-parent\" data-id=\"1f4ed44\" data-element_type=\"container\" data-e-type=\"container\">\n\t\t\t\t\t<div class=\"e-con-inner\">\n\t\t<div class=\"elementor-element elementor-element-d3dbeba e-con-full e-flex parallax_section_no qode_elementor_container_no e-con e-child\" data-id=\"d3dbeba\" data-element_type=\"container\" data-e-type=\"container\">\n\t\t\t\t<div class=\"elementor-element elementor-element-80445e9 elementor-widget elementor-widget-image\" data-id=\"80445e9\" data-element_type=\"widget\" data-e-type=\"widget\" data-widget_type=\"image.default\">\n\t\t\t\t<div class=\"elementor-widget-container\">\n\t\t\t\t\t\t\t\t\t\t\t\t\t\t\t\t<a href=\"https:\/\/rcomanche.com\/fr\/caravanes-de-camping\/petite-tente-roulotte\/\">\n\t\t\t\t\t\t\t<img loading=\"lazy\" decoding=\"async\" width=\"857\" height=\"300\" src=\"https:\/\/rcomanche.com\/wp-content\/uploads\/2019\/08\/remolque-camping-petit-comanche.jpg\" class=\"attachment-large size-large wp-image-8810\" alt=\"roulotte camping petit comanche\" srcset=\"https:\/\/rcomanche.com\/wp-content\/uploads\/2019\/08\/remolque-camping-petit-comanche.jpg 857w, https:\/\/rcomanche.com\/wp-content\/uploads\/2019\/08\/remolque-camping-petit-comanche-300x105.jpg 300w, https:\/\/rcomanche.com\/wp-content\/uploads\/2019\/08\/remolque-camping-petit-comanche-768x269.jpg 768w, https:\/\/rcomanche.com\/wp-content\/uploads\/2019\/08\/remolque-camping-petit-comanche-700x245.jpg 700w\" sizes=\"(max-width: 857px) 100vw, 857px\" \/>\t\t\t\t\t\t\t\t<\/a>\n\t\t\t\t\t\t\t\t\t\t\t\t\t\t\t<\/div>\n\t\t\t\t<\/div>\n\t\t\t\t<\/div>\n\t\t<div class=\"elementor-element elementor-element-47138c2 e-con-full e-flex parallax_section_no qode_elementor_container_no e-con e-child\" data-id=\"47138c2\" data-element_type=\"container\" data-e-type=\"container\">\n\t\t\t\t<div class=\"elementor-element elementor-element-9ab02a4 elementor-headline--style-highlight elementor-widget elementor-widget-animated-headline\" data-id=\"9ab02a4\" data-element_type=\"widget\" data-e-type=\"widget\" data-settings=\"{&quot;marker&quot;:&quot;curly&quot;,&quot;highlighted_text&quot;:&quot;PETIT&quot;,&quot;headline_style&quot;:&quot;highlight&quot;,&quot;loop&quot;:&quot;yes&quot;,&quot;highlight_animation_duration&quot;:1200,&quot;highlight_iteration_delay&quot;:8000}\" data-widget_type=\"animated-headline.default\">\n\t\t\t\t<div class=\"elementor-widget-container\">\n\t\t\t\t\t\t\t\t<a href=\"https:\/\/rcomanche.com\/fr\/caravanes-de-camping\/petite-tente-roulotte\/\">\n\n\t\t\t\t\t<h2 class=\"elementor-headline\">\n\t\t\t\t<span class=\"elementor-headline-dynamic-wrapper elementor-headline-text-wrapper\">\n\t\t\t\t\t<span class=\"elementor-headline-dynamic-text elementor-headline-text-active\">PETIT<\/span>\n\t\t\t\t<\/span>\n\t\t\t\t<\/h2>\n\t\t<\/a>\t\t\t\t<\/div>\n\t\t\t\t<\/div>\n\t\t\t\t<div class=\"elementor-element elementor-element-a3c0939 elementor-widget elementor-widget-text-editor\" data-id=\"a3c0939\" data-element_type=\"widget\" data-e-type=\"widget\" data-widget_type=\"text-editor.default\">\n\t\t\t\t<div class=\"elementor-widget-container\">\n\t\t\t\t\t\t\t\t\t<p><strong>Taille<\/strong>: Petit<\/p><p><strong>Capacit\u00e9<\/strong>: 2 personnes<\/p><p><strong>Mesures<\/strong>: 3,07 x 1,345 x 0,685 m<\/p><p><strong>Mat\u00e9riel<\/strong>:<\/p><p>Toit et panneaux Gris fonc\u00e9 Ten Cate WM1 Polyester PVA R\u00e9sidentiel Toutes Saisons<\/p><p>Panneaux en polycoton Ten Cate KA10 gris clair<\/p><p>\u00c0 l&#039;int\u00e9rieur. Sous-r\u00e9nat de coton<\/p><p><strong>Ch\u00e2ssis<\/strong>: Acier galvanis\u00e9<\/p>\t\t\t\t\t\t\t\t<\/div>\n\t\t\t\t<\/div>\n\t\t\t\t<\/div>\n\t\t\t\t\t<\/div>\n\t\t\t\t<\/div>\n\t\t\t\t<\/div>","protected":false},"excerpt":{"rendered":"<p>REMOLQUES CARGA En COMANCHE ponemos a tu disposici\u00f3n diferentes modelos de remolques camping, para vivir en plena naturaleza con todas las comodidades de llevar \u201ctu casa\u201d d\u00f3nde m\u00e1s te plazca. \u00a0 \u00bfQuieres salir de tu rutina hacia alg\u00fan lugar tranquilo?\u00bfO simplemente conocer mundo?\u00bfEn cualquier momento&#8230;<\/p>","protected":false},"author":2,"featured_media":0,"parent":0,"menu_order":0,"comment_status":"closed","ping_status":"closed","template":"full_width.php","meta":{"footnotes":""},"class_list":["post-25","page","type-page","status-publish","hentry"],"_links":{"self":[{"href":"https:\/\/rcomanche.com\/fr\/wp-json\/wp\/v2\/pages\/25","targetHints":{"allow":["GET"]}}],"collection":[{"href":"https:\/\/rcomanche.com\/fr\/wp-json\/wp\/v2\/pages"}],"about":[{"href":"https:\/\/rcomanche.com\/fr\/wp-json\/wp\/v2\/types\/page"}],"author":[{"embeddable":true,"href":"https:\/\/rcomanche.com\/fr\/wp-json\/wp\/v2\/users\/2"}],"replies":[{"embeddable":true,"href":"https:\/\/rcomanche.com\/fr\/wp-json\/wp\/v2\/comments?post=25"}],"version-history":[{"count":9,"href":"https:\/\/rcomanche.com\/fr\/wp-json\/wp\/v2\/pages\/25\/revisions"}],"predecessor-version":[{"id":36064,"href":"https:\/\/rcomanche.com\/fr\/wp-json\/wp\/v2\/pages\/25\/revisions\/36064"}],"wp:attachment":[{"href":"https:\/\/rcomanche.com\/fr\/wp-json\/wp\/v2\/media?parent=25"}],"curies":[{"name":"wp","href":"https:\/\/api.w.org\/{rel}","templated":true}]}}