{"id":34996,"date":"2024-06-12T14:28:34","date_gmt":"2024-06-12T13:28:34","guid":{"rendered":"http:\/\/rcomanche.com\/?page_id=34996"},"modified":"2025-05-08T16:25:00","modified_gmt":"2025-05-08T14:25:00","slug":"esprit-comanche","status":"publish","type":"page","link":"https:\/\/rcomanche.com\/fr\/espiritu-comanche\/","title":{"rendered":"Esprit Comanche"},"content":{"rendered":"\t\t<div data-elementor-type=\"wp-page\" data-elementor-id=\"34996\" class=\"elementor elementor-34996\" data-elementor-post-type=\"page\">\n\t\t\t\t<div class=\"elementor-element elementor-element-5a11ddf e-flex e-con-boxed parallax_section_no qode_elementor_container_no e-con e-parent\" data-id=\"5a11ddf\" data-element_type=\"container\" data-e-type=\"container\" data-settings=\"{&quot;background_background&quot;:&quot;classic&quot;}\">\n\t\t\t\t\t<div class=\"e-con-inner\">\n\t\t\t\t<div class=\"elementor-element elementor-element-a579b33 elementor-widget elementor-widget-heading\" data-id=\"a579b33\" data-element_type=\"widget\" data-e-type=\"widget\" data-widget_type=\"heading.default\">\n\t\t\t\t<div class=\"elementor-widget-container\">\n\t\t\t\t\t<h1 class=\"elementor-heading-title elementor-size-default\">Qui\u00e9nes s<span style=\"color: #96A203\">o<\/span>mos\n<\/h1>\t\t\t\t<\/div>\n\t\t\t\t<\/div>\n\t\t<div class=\"elementor-element elementor-element-35a51f9 e-grid e-con-boxed parallax_section_no qode_elementor_container_no e-con e-child\" data-id=\"35a51f9\" data-element_type=\"container\" data-e-type=\"container\">\n\t\t\t\t\t<div class=\"e-con-inner\">\n\t\t\t\t<div class=\"elementor-element elementor-element-92eb6e0 elementor-align-center elementor-widget-mobile__width-inherit elementor-invisible elementor-widget elementor-widget-button\" data-id=\"92eb6e0\" data-element_type=\"widget\" data-e-type=\"widget\" data-settings=\"{&quot;_animation&quot;:&quot;fadeInDown&quot;}\" data-widget_type=\"button.default\">\n\t\t\t\t<div class=\"elementor-widget-container\">\n\t\t\t\t\t\t\t\t\t<div class=\"elementor-button-wrapper\">\n\t\t\t\t\t<a class=\"elementor-button elementor-button-link elementor-size-sm\" href=\"https:\/\/rcomanche.com\/fr\/quienes-somos\/\">\n\t\t\t\t\t\t<span class=\"elementor-button-content-wrapper\">\n\t\t\t\t\t\t\t\t\t<span class=\"elementor-button-text\">Nuestros valores<\/span>\n\t\t\t\t\t<\/span>\n\t\t\t\t\t<\/a>\n\t\t\t\t<\/div>\n\t\t\t\t\t\t\t\t<\/div>\n\t\t\t\t<\/div>\n\t\t\t\t<div class=\"elementor-element elementor-element-02020f4 elementor-align-center elementor-widget-mobile__width-inherit elementor-invisible elementor-widget elementor-widget-button\" data-id=\"02020f4\" data-element_type=\"widget\" data-e-type=\"widget\" data-settings=\"{&quot;_animation&quot;:&quot;fadeInDown&quot;}\" data-widget_type=\"button.default\">\n\t\t\t\t<div class=\"elementor-widget-container\">\n\t\t\t\t\t\t\t\t\t<div class=\"elementor-button-wrapper\">\n\t\t\t\t\t<a class=\"elementor-button elementor-button-link elementor-size-sm\" href=\"#espiritu\">\n\t\t\t\t\t\t<span class=\"elementor-button-content-wrapper\">\n\t\t\t\t\t\t\t\t\t<span class=\"elementor-button-text\">Esp\u00edritu Comanche<\/span>\n\t\t\t\t\t<\/span>\n\t\t\t\t\t<\/a>\n\t\t\t\t<\/div>\n\t\t\t\t\t\t\t\t<\/div>\n\t\t\t\t<\/div>\n\t\t\t\t\t<\/div>\n\t\t\t\t<\/div>\n\t\t\t\t\t<\/div>\n\t\t\t\t<\/div>\n\t\t<div class=\"elementor-element elementor-element-da5ff04 e-flex e-con-boxed parallax_section_no qode_elementor_container_no e-con e-parent\" data-id=\"da5ff04\" data-element_type=\"container\" data-e-type=\"container\">\n\t\t\t\t\t<div class=\"e-con-inner\">\n\t\t<div class=\"elementor-element elementor-element-ce4b52d e-con-full e-flex parallax_section_no qode_elementor_container_no e-con e-child\" data-id=\"ce4b52d\" data-element_type=\"container\" data-e-type=\"container\">\n\t\t\t\t<div class=\"elementor-element elementor-element-df04d99 elementor-widget elementor-widget-image\" data-id=\"df04d99\" data-element_type=\"widget\" data-e-type=\"widget\" data-widget_type=\"image.default\">\n\t\t\t\t<div class=\"elementor-widget-container\">\n\t\t\t\t\t\t\t\t\t\t\t\t\t\t\t<img fetchpriority=\"high\" decoding=\"async\" width=\"1060\" height=\"719\" src=\"https:\/\/rcomanche.com\/wp-content\/uploads\/2024\/07\/1965.jpg\" class=\"attachment-large size-large wp-image-35252\" alt=\"\" srcset=\"https:\/\/rcomanche.com\/wp-content\/uploads\/2024\/07\/1965.jpg 1223w, https:\/\/rcomanche.com\/wp-content\/uploads\/2024\/07\/1965-300x203.jpg 300w, https:\/\/rcomanche.com\/wp-content\/uploads\/2024\/07\/1965-768x521.jpg 768w, https:\/\/rcomanche.com\/wp-content\/uploads\/2024\/07\/1965-18x12.jpg 18w, https:\/\/rcomanche.com\/wp-content\/uploads\/2024\/07\/1965-700x474.jpg 700w\" sizes=\"(max-width: 1060px) 100vw, 1060px\" \/>\t\t\t\t\t\t\t\t\t\t\t\t\t\t\t<\/div>\n\t\t\t\t<\/div>\n\t\t\t\t<\/div>\n\t\t<div class=\"elementor-element elementor-element-8421532 e-con-full e-flex parallax_section_no qode_elementor_container_no e-con e-child\" data-id=\"8421532\" data-element_type=\"container\" data-e-type=\"container\">\n\t\t\t\t<div class=\"elementor-element elementor-element-eead6f6 elementor-widget elementor-widget-heading\" data-id=\"eead6f6\" data-element_type=\"widget\" data-e-type=\"widget\" data-widget_type=\"heading.default\">\n\t\t\t\t<div class=\"elementor-widget-container\">\n\t\t\t\t\t<h3 class=\"elementor-heading-title elementor-size-default\">1965 \u2013 Las primeras huellas <\/h3>\t\t\t\t<\/div>\n\t\t\t\t<\/div>\n\t\t\t\t<div class=\"elementor-element elementor-element-c7cb735 elementor-widget elementor-widget-text-editor\" data-id=\"c7cb735\" data-element_type=\"widget\" data-e-type=\"widget\" data-widget_type=\"text-editor.default\">\n\t\t\t\t<div class=\"elementor-widget-container\">\n\t\t\t\t\t\t\t\t\t<p><span style=\"font-weight: 400;\">Joan Llopart motivado por su esp\u00edritu emprendedor decidi\u00f3 crear algo nuevo. Trabajando d\u00eda y noche, de forma bastante precaria, comenz\u00f3 a fabricar remolques agr\u00edcolas y peque\u00f1as granjas met\u00e1licas para conejos con la ayuda de un trabajador de la casa, Francisco\u00a0 Guzman \u00bb El Pacu\u201d. A<\/span><span style=\"font-weight: 400;\">s\u00ed naci\u00f3 CIAGAPA, con Jaume Moner como socio capitalista, marcando el inicio de una historia de innovaci\u00f3n y perseverancia.<\/span><\/p>\t\t\t\t\t\t\t\t<\/div>\n\t\t\t\t<\/div>\n\t\t\t\t<\/div>\n\t\t\t\t\t<\/div>\n\t\t\t\t<\/div>\n\t\t<div class=\"elementor-element elementor-element-49f47995 e-flex e-con-boxed parallax_section_no qode_elementor_container_no e-con e-parent\" data-id=\"49f47995\" data-element_type=\"container\" data-e-type=\"container\" id=\"espiritu\">\n\t\t\t\t\t<div class=\"e-con-inner\">\n\t\t<div class=\"elementor-element elementor-element-2a9fb03a e-con-full e-flex parallax_section_no qode_elementor_container_no e-con e-child\" data-id=\"2a9fb03a\" data-element_type=\"container\" data-e-type=\"container\">\n\t\t\t\t<div class=\"elementor-element elementor-element-30ddc21e elementor-widget elementor-widget-image\" data-id=\"30ddc21e\" data-element_type=\"widget\" data-e-type=\"widget\" data-widget_type=\"image.default\">\n\t\t\t\t<div class=\"elementor-widget-container\">\n\t\t\t\t\t\t\t\t\t\t\t\t\t\t\t<img decoding=\"async\" width=\"1060\" height=\"823\" src=\"https:\/\/rcomanche.com\/wp-content\/uploads\/2024\/07\/1970.jpg\" class=\"attachment-large size-large wp-image-35251\" alt=\"\" srcset=\"https:\/\/rcomanche.com\/wp-content\/uploads\/2024\/07\/1970.jpg 1183w, https:\/\/rcomanche.com\/wp-content\/uploads\/2024\/07\/1970-300x233.jpg 300w, https:\/\/rcomanche.com\/wp-content\/uploads\/2024\/07\/1970-768x596.jpg 768w, https:\/\/rcomanche.com\/wp-content\/uploads\/2024\/07\/1970-15x12.jpg 15w, https:\/\/rcomanche.com\/wp-content\/uploads\/2024\/07\/1970-700x543.jpg 700w\" sizes=\"(max-width: 1060px) 100vw, 1060px\" \/>\t\t\t\t\t\t\t\t\t\t\t\t\t\t\t<\/div>\n\t\t\t\t<\/div>\n\t\t\t\t<\/div>\n\t\t<div class=\"elementor-element elementor-element-4da46967 e-con-full e-flex parallax_section_no qode_elementor_container_no e-con e-child\" data-id=\"4da46967\" data-element_type=\"container\" data-e-type=\"container\">\n\t\t\t\t<div class=\"elementor-element elementor-element-70c210d4 elementor-widget elementor-widget-heading\" data-id=\"70c210d4\" data-element_type=\"widget\" data-e-type=\"widget\" data-widget_type=\"heading.default\">\n\t\t\t\t<div class=\"elementor-widget-container\">\n\t\t\t\t\t<h3 class=\"elementor-heading-title elementor-size-default\">1970 \u2013 Empieza la aventura<\/h3>\t\t\t\t<\/div>\n\t\t\t\t<\/div>\n\t\t\t\t<div class=\"elementor-element elementor-element-5e68c7e3 elementor-widget elementor-widget-text-editor\" data-id=\"5e68c7e3\" data-element_type=\"widget\" data-e-type=\"widget\" data-widget_type=\"text-editor.default\">\n\t\t\t\t<div class=\"elementor-widget-container\">\n\t\t\t\t\t\t\t\t\t<p><span style=\"font-weight: 400;\">Un ingeniero belga reci\u00e9n llegado a Barcelona llamado Higans, trajo consigo una oportunidad de negocio \u00fanica; la fabricaci\u00f3n de unos remolques para camping que deb\u00edan distribuirse en Europa . Una patente americana hab\u00eda dejado de producirlos y buscaban un nuevo proveedor que quisiera fabricarlos. Joan LLopart, visionario de su \u00e9poca, supo aprovechar la oportunidad y empez\u00f3 a fabricar los remolques para camping de la marca americana llamados APACHE.<\/span><\/p>\t\t\t\t\t\t\t\t<\/div>\n\t\t\t\t<\/div>\n\t\t\t\t<\/div>\n\t\t\t\t\t<\/div>\n\t\t\t\t<\/div>\n\t\t<div class=\"elementor-element elementor-element-be6f600 e-flex e-con-boxed parallax_section_no qode_elementor_container_no e-con e-parent\" data-id=\"be6f600\" data-element_type=\"container\" data-e-type=\"container\">\n\t\t\t\t\t<div class=\"e-con-inner\">\n\t\t<div class=\"elementor-element elementor-element-58d853c e-con-full e-flex parallax_section_no qode_elementor_container_no e-con e-child\" data-id=\"58d853c\" data-element_type=\"container\" data-e-type=\"container\">\n\t\t\t\t<div class=\"elementor-element elementor-element-685d591 elementor-widget elementor-widget-image\" data-id=\"685d591\" data-element_type=\"widget\" data-e-type=\"widget\" data-widget_type=\"image.default\">\n\t\t\t\t<div class=\"elementor-widget-container\">\n\t\t\t\t\t\t\t\t\t\t\t\t\t\t\t<img decoding=\"async\" width=\"1027\" height=\"835\" src=\"https:\/\/rcomanche.com\/wp-content\/uploads\/2024\/06\/1973-\u2013-El-desafio.png\" class=\"attachment-large size-large wp-image-35013\" alt=\"\" srcset=\"https:\/\/rcomanche.com\/wp-content\/uploads\/2024\/06\/1973-\u2013-El-desafio.png 1027w, https:\/\/rcomanche.com\/wp-content\/uploads\/2024\/06\/1973-\u2013-El-desafio-300x244.png 300w, https:\/\/rcomanche.com\/wp-content\/uploads\/2024\/06\/1973-\u2013-El-desafio-768x624.png 768w, https:\/\/rcomanche.com\/wp-content\/uploads\/2024\/06\/1973-\u2013-El-desafio-15x12.png 15w, https:\/\/rcomanche.com\/wp-content\/uploads\/2024\/06\/1973-\u2013-El-desafio-700x569.png 700w\" sizes=\"(max-width: 1027px) 100vw, 1027px\" \/>\t\t\t\t\t\t\t\t\t\t\t\t\t\t\t<\/div>\n\t\t\t\t<\/div>\n\t\t\t\t<\/div>\n\t\t<div class=\"elementor-element elementor-element-2a852c3 e-con-full e-flex parallax_section_no qode_elementor_container_no e-con e-child\" data-id=\"2a852c3\" data-element_type=\"container\" data-e-type=\"container\">\n\t\t\t\t<div class=\"elementor-element elementor-element-db7d853 elementor-widget elementor-widget-heading\" data-id=\"db7d853\" data-element_type=\"widget\" data-e-type=\"widget\" data-widget_type=\"heading.default\">\n\t\t\t\t<div class=\"elementor-widget-container\">\n\t\t\t\t\t<h3 class=\"elementor-heading-title elementor-size-default\">1973 \u2013 El desaf\u00edo<\/h3>\t\t\t\t<\/div>\n\t\t\t\t<\/div>\n\t\t\t\t<div class=\"elementor-element elementor-element-1d743dd elementor-widget elementor-widget-text-editor\" data-id=\"1d743dd\" data-element_type=\"widget\" data-e-type=\"widget\" data-widget_type=\"text-editor.default\">\n\t\t\t\t<div class=\"elementor-widget-container\">\n\t\t\t\t\t\t\t\t\t<p><span style=\"font-weight: 400;\">La producci\u00f3n de los remolques de camping Apache fue un \u00e9xito, superando los objetivos y alcanzando una producci\u00f3n anual de m\u00e1s de 400 unidades. Sin embargo, la crisis del petr\u00f3leo de 1973 golpe\u00f3 duro a Europa, obligando a la empresa distribuidora belga a cerrar. Joan Llopart haciendo honor a su esp\u00edritu, decidi\u00f3 seguir adelante a pesar del riesgo y abrir su propio mercado en Espa\u00f1a donde el producto era totalmente desconocido.<\/span><\/p>\t\t\t\t\t\t\t\t<\/div>\n\t\t\t\t<\/div>\n\t\t\t\t<\/div>\n\t\t\t\t\t<\/div>\n\t\t\t\t<\/div>\n\t\t<div class=\"elementor-element elementor-element-330591a e-flex e-con-boxed parallax_section_no qode_elementor_container_no e-con e-parent\" data-id=\"330591a\" data-element_type=\"container\" data-e-type=\"container\">\n\t\t\t\t\t<div class=\"e-con-inner\">\n\t\t<div class=\"elementor-element elementor-element-f724b51 e-con-full e-flex parallax_section_no qode_elementor_container_no e-con e-child\" data-id=\"f724b51\" data-element_type=\"container\" data-e-type=\"container\">\n\t\t\t\t<div class=\"elementor-element elementor-element-49f08d1 elementor-widget elementor-widget-image\" data-id=\"49f08d1\" data-element_type=\"widget\" data-e-type=\"widget\" data-widget_type=\"image.default\">\n\t\t\t\t<div class=\"elementor-widget-container\">\n\t\t\t\t\t\t\t\t\t\t\t\t\t\t\t<img loading=\"lazy\" decoding=\"async\" width=\"1060\" height=\"679\" src=\"https:\/\/rcomanche.com\/wp-content\/uploads\/2024\/07\/1974.jpg\" class=\"attachment-large size-large wp-image-35253\" alt=\"\" srcset=\"https:\/\/rcomanche.com\/wp-content\/uploads\/2024\/07\/1974.jpg 1561w, https:\/\/rcomanche.com\/wp-content\/uploads\/2024\/07\/1974-300x192.jpg 300w, https:\/\/rcomanche.com\/wp-content\/uploads\/2024\/07\/1974-768x492.jpg 768w, https:\/\/rcomanche.com\/wp-content\/uploads\/2024\/07\/1974-1536x984.jpg 1536w, https:\/\/rcomanche.com\/wp-content\/uploads\/2024\/07\/1974-18x12.jpg 18w, https:\/\/rcomanche.com\/wp-content\/uploads\/2024\/07\/1974-700x448.jpg 700w\" sizes=\"(max-width: 1060px) 100vw, 1060px\" \/>\t\t\t\t\t\t\t\t\t\t\t\t\t\t\t<\/div>\n\t\t\t\t<\/div>\n\t\t\t\t<\/div>\n\t\t<div class=\"elementor-element elementor-element-2545e73 e-con-full e-flex parallax_section_no qode_elementor_container_no e-con e-child\" data-id=\"2545e73\" data-element_type=\"container\" data-e-type=\"container\">\n\t\t\t\t<div class=\"elementor-element elementor-element-2a60348 elementor-widget elementor-widget-heading\" data-id=\"2a60348\" data-element_type=\"widget\" data-e-type=\"widget\" data-widget_type=\"heading.default\">\n\t\t\t\t<div class=\"elementor-widget-container\">\n\t\t\t\t\t<h3 class=\"elementor-heading-title elementor-size-default\">1974 \u2013 Comanche<\/h3>\t\t\t\t<\/div>\n\t\t\t\t<\/div>\n\t\t\t\t<div class=\"elementor-element elementor-element-572d32b elementor-widget elementor-widget-text-editor\" data-id=\"572d32b\" data-element_type=\"widget\" data-e-type=\"widget\" data-widget_type=\"text-editor.default\">\n\t\t\t\t<div class=\"elementor-widget-container\">\n\t\t\t\t\t\t\t\t\t<p><span style=\"font-weight: 400;\">Se decide fundar una nueva empresa llamada Compa\u00f1\u00eda industrial de Remolques SA (CIRESA) con la intenci\u00f3n de abrir una nueva etapa creando una marca propia.<\/span><\/p><p><span style=\"font-weight: 400;\">As\u00ed nace la marca COMANCHE, en honor a las ra\u00edces y el esp\u00edritu APACHE y que m\u00e1s tarde acabar\u00e1 convirti\u00e9ndose en un referente a nivel mundial en el sector del camping.\u00a0<\/span><\/p>\t\t\t\t\t\t\t\t<\/div>\n\t\t\t\t<\/div>\n\t\t\t\t<\/div>\n\t\t\t\t\t<\/div>\n\t\t\t\t<\/div>\n\t\t<div class=\"elementor-element elementor-element-b557a69 e-flex e-con-boxed parallax_section_no qode_elementor_container_no e-con e-parent\" data-id=\"b557a69\" data-element_type=\"container\" data-e-type=\"container\">\n\t\t\t\t\t<div class=\"e-con-inner\">\n\t\t<div class=\"elementor-element elementor-element-8a3aedc e-con-full e-flex parallax_section_no qode_elementor_container_no e-con e-child\" data-id=\"8a3aedc\" data-element_type=\"container\" data-e-type=\"container\">\n\t\t\t\t<div class=\"elementor-element elementor-element-8d657b6 elementor-widget elementor-widget-image\" data-id=\"8d657b6\" data-element_type=\"widget\" data-e-type=\"widget\" data-widget_type=\"image.default\">\n\t\t\t\t<div class=\"elementor-widget-container\">\n\t\t\t\t\t\t\t\t\t\t\t\t\t\t\t<img loading=\"lazy\" decoding=\"async\" width=\"1027\" height=\"835\" src=\"https:\/\/rcomanche.com\/wp-content\/uploads\/2024\/06\/1974-\u2013-El-legado.jpg\" class=\"attachment-large size-large wp-image-35012\" alt=\"\" srcset=\"https:\/\/rcomanche.com\/wp-content\/uploads\/2024\/06\/1974-\u2013-El-legado.jpg 1027w, https:\/\/rcomanche.com\/wp-content\/uploads\/2024\/06\/1974-\u2013-El-legado-300x244.jpg 300w, https:\/\/rcomanche.com\/wp-content\/uploads\/2024\/06\/1974-\u2013-El-legado-768x624.jpg 768w, https:\/\/rcomanche.com\/wp-content\/uploads\/2024\/06\/1974-\u2013-El-legado-15x12.jpg 15w, https:\/\/rcomanche.com\/wp-content\/uploads\/2024\/06\/1974-\u2013-El-legado-700x569.jpg 700w\" sizes=\"(max-width: 1027px) 100vw, 1027px\" \/>\t\t\t\t\t\t\t\t\t\t\t\t\t\t\t<\/div>\n\t\t\t\t<\/div>\n\t\t\t\t<\/div>\n\t\t<div class=\"elementor-element elementor-element-b2e6bd6 e-con-full e-flex parallax_section_no qode_elementor_container_no e-con e-child\" data-id=\"b2e6bd6\" data-element_type=\"container\" data-e-type=\"container\">\n\t\t\t\t<div class=\"elementor-element elementor-element-ad75f12 elementor-widget elementor-widget-heading\" data-id=\"ad75f12\" data-element_type=\"widget\" data-e-type=\"widget\" data-widget_type=\"heading.default\">\n\t\t\t\t<div class=\"elementor-widget-container\">\n\t\t\t\t\t<h3 class=\"elementor-heading-title elementor-size-default\">1980 - El legado<\/h3>\t\t\t\t<\/div>\n\t\t\t\t<\/div>\n\t\t\t\t<div class=\"elementor-element elementor-element-166b161 elementor-widget elementor-widget-text-editor\" data-id=\"166b161\" data-element_type=\"widget\" data-e-type=\"widget\" data-widget_type=\"text-editor.default\">\n\t\t\t\t<div class=\"elementor-widget-container\">\n\t\t\t\t\t\t\t\t\t<p><span style=\"font-weight: 400;\">Comanche es la \u00fanica empresa de su sector que ha estado presente desde los inicios de la feria del caravaning en el sal\u00f3n de Barcelona para llevar su mensaje de aventura y conexi\u00f3n con la naturaleza y su ESPIRITU COMANCHE.\u00a0<\/span><\/p><p><span style=\"font-weight: 400;\">Nuestra innovaci\u00f3n constante en el dise\u00f1o, la calidad y la facilidad de manejo es un testimonio de nuestro legado y la visi\u00f3n de crear productos que no solo cumplan con las expectativas de nuestros clientes, sino que las superen.<\/span><\/p>\t\t\t\t\t\t\t\t<\/div>\n\t\t\t\t<\/div>\n\t\t\t\t<\/div>\n\t\t\t\t\t<\/div>\n\t\t\t\t<\/div>\n\t\t<div class=\"elementor-element elementor-element-74d6a2d e-flex e-con-boxed parallax_section_no qode_elementor_container_no e-con e-parent\" data-id=\"74d6a2d\" data-element_type=\"container\" data-e-type=\"container\" data-settings=\"{&quot;background_background&quot;:&quot;classic&quot;}\">\n\t\t\t\t\t<div class=\"e-con-inner\">\n\t\t\t\t<div class=\"elementor-element elementor-element-694ee48 elementor-widget elementor-widget-heading\" data-id=\"694ee48\" data-element_type=\"widget\" data-e-type=\"widget\" data-widget_type=\"heading.default\">\n\t\t\t\t<div class=\"elementor-widget-container\">\n\t\t\t\t\t<h2 class=\"elementor-heading-title elementor-size-default\">Esp\u00edritu C<span style=\"color: #96A203\">o<\/span>manche una historia de sue\u00f1os y aventura\n\n<\/h2>\t\t\t\t<\/div>\n\t\t\t\t<\/div>\n\t\t<div class=\"elementor-element elementor-element-fe1c009 e-flex e-con-boxed parallax_section_no qode_elementor_container_no e-con e-child\" data-id=\"fe1c009\" data-element_type=\"container\" data-e-type=\"container\">\n\t\t\t\t\t<div class=\"e-con-inner\">\n\t\t\t\t<div class=\"elementor-element elementor-element-8873999 elementor-widget elementor-widget-text-editor\" data-id=\"8873999\" data-element_type=\"widget\" data-e-type=\"widget\" data-widget_type=\"text-editor.default\">\n\t\t\t\t<div class=\"elementor-widget-container\">\n\t\t\t\t\t\t\t\t\t<div class=\"flex flex-grow flex-col max-w-full\"><div class=\"min-h-[20px] text-message flex flex-col items-start whitespace-pre-wrap break-words [.text-message+&amp;]:mt-5 juice:w-full juice:items-end overflow-x-auto gap-2\" dir=\"auto\" data-message-author-role=\"assistant\" data-message-id=\"57928500-e862-4e85-ab00-9549967bb359\"><div class=\"flex w-full flex-col gap-1 juice:empty:hidden juice:first:pt-[3px]\"><div class=\"markdown prose w-full break-words dark:prose-invert light\"><p><span style=\"font-weight: 400;\">Hoy Comanche es m\u00e1s que una marca; es un s\u00edmbolo de aventura, libertad y conexi\u00f3n con la naturaleza. Cada remolque que fabricamos lleva consigo el ESP\u00cdRITU COMANCHE de Joan Llopart y el legado de aquellos que creyeron en su esp\u00edritu.\u00a0<\/span><\/p><p>\u00a0<\/p><p><span style=\"font-weight: 400;\">Al relevo generacional nos enorgullece continuar con este apasionante viaje, invit\u00e1ndote a descubrir la verdadera esencia de la vida.\u00a0<\/span><\/p><p>\u00a0<\/p><p><span style=\"font-weight: 400;\">\u00danete a nosotros y deja que el esp\u00edritu Comanche te gu\u00ede en tu propia aventura. Porque con Comanche, cada viaje es una oportunidad para transformar el mundo.<\/span><\/p><\/div><\/div><\/div><\/div>\t\t\t\t\t\t\t\t<\/div>\n\t\t\t\t<\/div>\n\t\t\t\t<div class=\"elementor-element elementor-element-0c4795d elementor-widget elementor-widget-heading\" data-id=\"0c4795d\" data-element_type=\"widget\" data-e-type=\"widget\" data-widget_type=\"heading.default\">\n\t\t\t\t<div class=\"elementor-widget-container\">\n\t\t\t\t\t<h4 class=\"elementor-heading-title elementor-size-default\">Enjoy the world<\/h4>\t\t\t\t<\/div>\n\t\t\t\t<\/div>\n\t\t\t\t\t<\/div>\n\t\t\t\t<\/div>\n\t\t\t\t\t<\/div>\n\t\t\t\t<\/div>\n\t\t<div class=\"elementor-element elementor-element-6d9bbad e-flex e-con-boxed parallax_section_no qode_elementor_container_no e-con e-parent\" data-id=\"6d9bbad\" data-element_type=\"container\" data-e-type=\"container\">\n\t\t\t\t\t<div class=\"e-con-inner\">\n\t\t\t\t<div class=\"elementor-element elementor-element-e5a5cad elementor-widget elementor-widget-image\" data-id=\"e5a5cad\" data-element_type=\"widget\" data-e-type=\"widget\" data-widget_type=\"image.default\">\n\t\t\t\t<div class=\"elementor-widget-container\">\n\t\t\t\t\t\t\t\t\t\t\t\t\t\t\t<img loading=\"lazy\" decoding=\"async\" width=\"1920\" height=\"818\" src=\"https:\/\/rcomanche.com\/wp-content\/uploads\/2024\/06\/historia-de-suenos-y-aventura.jpg\" class=\"attachment-full size-full wp-image-35024\" alt=\"\" srcset=\"https:\/\/rcomanche.com\/wp-content\/uploads\/2024\/06\/historia-de-suenos-y-aventura.jpg 1920w, https:\/\/rcomanche.com\/wp-content\/uploads\/2024\/06\/historia-de-suenos-y-aventura-300x128.jpg 300w, https:\/\/rcomanche.com\/wp-content\/uploads\/2024\/06\/historia-de-suenos-y-aventura-768x327.jpg 768w, https:\/\/rcomanche.com\/wp-content\/uploads\/2024\/06\/historia-de-suenos-y-aventura-1536x654.jpg 1536w, https:\/\/rcomanche.com\/wp-content\/uploads\/2024\/06\/historia-de-suenos-y-aventura-18x8.jpg 18w, https:\/\/rcomanche.com\/wp-content\/uploads\/2024\/06\/historia-de-suenos-y-aventura-700x298.jpg 700w\" sizes=\"(max-width: 1920px) 100vw, 1920px\" \/>\t\t\t\t\t\t\t\t\t\t\t\t\t\t\t<\/div>\n\t\t\t\t<\/div>\n\t\t\t\t\t<\/div>\n\t\t\t\t<\/div>\n\t\t\t\t<\/div>\n\t\t","protected":false},"excerpt":{"rendered":"<p>Qui\u00e9nes somos Nuestros valores Esp\u00edritu Comanche 1965 \u2013 Las primeras huellas Joan Llopart motivado por su esp\u00edritu emprendedor decidi\u00f3 crear algo nuevo. Trabajando d\u00eda y noche, de forma bastante precaria, comenz\u00f3 a fabricar remolques agr\u00edcolas y peque\u00f1as granjas met\u00e1licas para conejos con la ayuda de&#8230;<\/p>","protected":false},"author":6,"featured_media":0,"parent":0,"menu_order":0,"comment_status":"closed","ping_status":"closed","template":"","meta":{"footnotes":""},"class_list":["post-34996","page","type-page","status-publish","hentry"],"_links":{"self":[{"href":"https:\/\/rcomanche.com\/fr\/wp-json\/wp\/v2\/pages\/34996","targetHints":{"allow":["GET"]}}],"collection":[{"href":"https:\/\/rcomanche.com\/fr\/wp-json\/wp\/v2\/pages"}],"about":[{"href":"https:\/\/rcomanche.com\/fr\/wp-json\/wp\/v2\/types\/page"}],"author":[{"embeddable":true,"href":"https:\/\/rcomanche.com\/fr\/wp-json\/wp\/v2\/users\/6"}],"replies":[{"embeddable":true,"href":"https:\/\/rcomanche.com\/fr\/wp-json\/wp\/v2\/comments?post=34996"}],"version-history":[{"count":3,"href":"https:\/\/rcomanche.com\/fr\/wp-json\/wp\/v2\/pages\/34996\/revisions"}],"predecessor-version":[{"id":35639,"href":"https:\/\/rcomanche.com\/fr\/wp-json\/wp\/v2\/pages\/34996\/revisions\/35639"}],"wp:attachment":[{"href":"https:\/\/rcomanche.com\/fr\/wp-json\/wp\/v2\/media?parent=34996"}],"curies":[{"name":"wp","href":"https:\/\/api.w.org\/{rel}","templated":true}]}}