{"id":8991,"date":"2019-08-26T03:55:41","date_gmt":"2019-08-26T03:55:41","guid":{"rendered":"http:\/\/rcomanche.com\/?page_id=8991"},"modified":"2025-11-12T14:37:33","modified_gmt":"2025-11-12T13:37:33","slug":"petite-tente-roulotte","status":"publish","type":"page","link":"https:\/\/rcomanche.com\/fr\/remolques-camping\/remolque-tienda-petit\/","title":{"rendered":"Petite tente-roulotte"},"content":{"rendered":"<div data-elementor-type=\"wp-page\" data-elementor-id=\"8991\" class=\"elementor elementor-8991\" data-elementor-post-type=\"page\">\n\t\t\t\t<div class=\"elementor-element elementor-element-4050366 e-flex e-con-boxed parallax_section_no qode_elementor_container_no e-con e-parent\" data-id=\"4050366\" data-element_type=\"container\" data-e-type=\"container\">\n\t\t\t\t\t<div class=\"e-con-inner\">\n\t\t<div class=\"elementor-element elementor-element-b855940 e-con-full e-flex parallax_section_no qode_elementor_container_no e-con e-child\" data-id=\"b855940\" data-element_type=\"container\" data-e-type=\"container\">\n\t\t\t\t<div class=\"elementor-element elementor-element-901914d elementor-headline--style-highlight elementor-widget elementor-widget-animated-headline\" data-id=\"901914d\" data-element_type=\"widget\" data-e-type=\"widget\" data-settings=\"{&quot;marker&quot;:&quot;curly&quot;,&quot;highlighted_text&quot;:&quot;Petit&quot;,&quot;headline_style&quot;:&quot;highlight&quot;,&quot;loop&quot;:&quot;yes&quot;,&quot;highlight_animation_duration&quot;:1200,&quot;highlight_iteration_delay&quot;:8000}\" data-widget_type=\"animated-headline.default\">\n\t\t\t\t<div class=\"elementor-widget-container\">\n\t\t\t\t\t\t\t<h1 class=\"elementor-headline\">\n\t\t\t\t\t<span class=\"elementor-headline-plain-text elementor-headline-text-wrapper\">tente-roulotte <\/span>\n\t\t\t\t<span class=\"elementor-headline-dynamic-wrapper elementor-headline-text-wrapper\">\n\t\t\t\t\t<span class=\"elementor-headline-dynamic-text elementor-headline-text-active\">Petit<\/span>\n\t\t\t\t<\/span>\n\t\t\t\t<\/h1>\n\t\t\t\t\t\t<\/div>\n\t\t\t\t<\/div>\n\t\t\t\t<div class=\"elementor-element elementor-element-e322799 elementor-widget elementor-widget-video\" data-id=\"e322799\" data-element_type=\"widget\" data-e-type=\"widget\" data-settings=\"{&quot;youtube_url&quot;:&quot;https:\\\/\\\/youtu.be\\\/FCVheaLd0_4&quot;,&quot;video_type&quot;:&quot;youtube&quot;,&quot;controls&quot;:&quot;yes&quot;}\" data-widget_type=\"video.default\">\n\t\t\t\t<div class=\"elementor-widget-container\">\n\t\t\t\t\t\t\t<div class=\"elementor-wrapper elementor-open-inline\">\n\t\t\t<div class=\"elementor-video\"><\/div>\t\t<\/div>\n\t\t\t\t\t\t<\/div>\n\t\t\t\t<\/div>\n\t\t\t\t<div class=\"elementor-element elementor-element-042e44e elementor-widget elementor-widget-text-editor\" data-id=\"042e44e\" data-element_type=\"widget\" data-e-type=\"widget\" data-widget_type=\"text-editor.default\">\n\t\t\t\t<div class=\"elementor-widget-container\">\n\t\t\t\t\t\t\t\t\t<p><strong>La tente-roulotte PETIT de COMANCHE est id\u00e9ale pour une ou deux personnes qui souhaitent voyager, sans se soucier de rien.<\/strong><\/p><p>\u00a0<\/p><p>Une tente-roulotte\u00a0<strong>l\u00e9ger, tr\u00e8s facile \u00e0 monter et simple \u00e0 entretenir<\/strong>.<\/p><p>\u00a0<\/p><p>Il vous offre le\u00a0<strong>espace couchage et une petite avance<\/strong>\u00a0avec diff\u00e9rentes ouvertures pour mieux profiter de votre espace.<\/p><p>\u00a0<\/p><p>C&#039;est aussi simple que de retirer la b\u00e2che en PVC, d&#039;\u00e9tirer la tente et d&#039;attacher les haubans. Enfin, vous clouez les piquets et vous disposez d\u00e9j\u00e0 de votre espace pour vous reposer.<\/p><p>\u00a0<\/p><p>Comme ses compagnons COMANCHE, il appr\u00e9cie\u00a0<strong>des rideaux, des moustiquaires et un matelas<\/strong>\u00a0Mousse haute densit\u00e9 pour un repos parfait.<\/p><p>\u00a0<\/p><p>La tente est en coton imperm\u00e9abilis\u00e9 100%, de chez TEN-CATE, avec une pi\u00e8ce s\u00e9par\u00e9e, des rideaux et diff\u00e9rentes ouvertures pour ajuster la pi\u00e8ce \u00e0 vos go\u00fbts.<\/p>\t\t\t\t\t\t\t\t<\/div>\n\t\t\t\t<\/div>\n\t\t\t\t<div class=\"elementor-element elementor-element-32369a3 elementor-arrows-position-inside elementor-pagination-position-outside elementor-widget elementor-widget-image-carousel\" data-id=\"32369a3\" data-element_type=\"widget\" data-e-type=\"widget\" data-settings=\"{&quot;slides_to_show&quot;:&quot;1&quot;,&quot;navigation&quot;:&quot;both&quot;,&quot;autoplay&quot;:&quot;yes&quot;,&quot;pause_on_hover&quot;:&quot;yes&quot;,&quot;pause_on_interaction&quot;:&quot;yes&quot;,&quot;autoplay_speed&quot;:5000,&quot;infinite&quot;:&quot;yes&quot;,&quot;effect&quot;:&quot;slide&quot;,&quot;speed&quot;:500}\" data-widget_type=\"image-carousel.default\">\n\t\t\t\t<div class=\"elementor-widget-container\">\n\t\t\t\t\t\t\t<div class=\"elementor-image-carousel-wrapper swiper\" role=\"region\" aria-roledescription=\"carousel\" aria-label=\"Carrusel de im\u00e1genes\" dir=\"ltr\">\n\t\t\t<div class=\"elementor-image-carousel swiper-wrapper\" aria-live=\"off\">\n\t\t\t\t\t\t\t\t<div class=\"swiper-slide\" role=\"group\" aria-roledescription=\"slide\" aria-label=\"1 de 5\"><figure class=\"swiper-slide-inner\"><img decoding=\"async\" class=\"swiper-slide-image\" src=\"https:\/\/rcomanche.com\/wp-content\/uploads\/2019\/08\/remolque-tienda-petit-cerrado-comanche.jpg\" alt=\"Petite tente-roulotte\" \/><\/figure><\/div><div class=\"swiper-slide\" role=\"group\" aria-roledescription=\"slide\" aria-label=\"2 de 5\"><figure class=\"swiper-slide-inner\"><img decoding=\"async\" class=\"swiper-slide-image\" src=\"https:\/\/rcomanche.com\/wp-content\/uploads\/2019\/08\/remolque-tienda-petit-comanche.jpg\" alt=\"Remorque Petit magasin ferm\u00e9e\" \/><\/figure><\/div><div class=\"swiper-slide\" role=\"group\" aria-roledescription=\"slide\" aria-label=\"3 de 5\"><figure class=\"swiper-slide-inner\"><img decoding=\"async\" class=\"swiper-slide-image\" src=\"https:\/\/rcomanche.com\/wp-content\/uploads\/2019\/08\/remolque-tienda-petit-desplegado-comanche.jpg\" alt=\"Petite tente-roulotte d\u00e9ploy\u00e9e\" \/><\/figure><\/div><div class=\"swiper-slide\" role=\"group\" aria-roledescription=\"slide\" aria-label=\"4 de 5\"><figure class=\"swiper-slide-inner\"><img decoding=\"async\" class=\"swiper-slide-image\" src=\"https:\/\/rcomanche.com\/wp-content\/uploads\/2019\/08\/remolque-tienda-petit-interior-comanche.jpg\" alt=\"Petite tente-roulotte int\u00e9rieure\" \/><\/figure><\/div><div class=\"swiper-slide\" role=\"group\" aria-roledescription=\"slide\" aria-label=\"5 de 5\"><figure class=\"swiper-slide-inner\"><img decoding=\"async\" class=\"swiper-slide-image\" src=\"https:\/\/rcomanche.com\/wp-content\/uploads\/2019\/08\/remolque-tienda-petit-producto.jpg\" alt=\"Petite tente roulotte \u00e0 tracter\" \/><\/figure><\/div>\t\t\t<\/div>\n\t\t\t\t\t\t\t\t\t\t\t\t<div class=\"elementor-swiper-button elementor-swiper-button-prev\" role=\"button\" tabindex=\"0\">\n\t\t\t\t\t\t<svg aria-hidden=\"true\" class=\"e-font-icon-svg e-eicon-chevron-left\" viewbox=\"0 0 1000 1000\" xmlns=\"http:\/\/www.w3.org\/2000\/svg\"><path d=\"M646 125C629 125 613 133 604 142L308 442C296 454 292 471 292 487 292 504 296 521 308 533L604 854C617 867 629 875 646 875 663 875 679 871 692 858 704 846 713 829 713 812 713 796 708 779 692 767L438 487 692 225C700 217 708 204 708 187 708 171 704 154 692 142 675 129 663 125 646 125Z\"><\/path><\/svg>\t\t\t\t\t<\/div>\n\t\t\t\t\t<div class=\"elementor-swiper-button elementor-swiper-button-next\" role=\"button\" tabindex=\"0\">\n\t\t\t\t\t\t<svg aria-hidden=\"true\" class=\"e-font-icon-svg e-eicon-chevron-right\" viewbox=\"0 0 1000 1000\" xmlns=\"http:\/\/www.w3.org\/2000\/svg\"><path d=\"M696 533C708 521 713 504 713 487 713 471 708 454 696 446L400 146C388 133 375 125 354 125 338 125 325 129 313 142 300 154 292 171 292 187 292 204 296 221 308 233L563 492 304 771C292 783 288 800 288 817 288 833 296 850 308 863 321 871 338 875 354 875 371 875 388 867 400 854L696 533Z\"><\/path><\/svg>\t\t\t\t\t<\/div>\n\t\t\t\t\n\t\t\t\t\t\t\t\t\t<div class=\"swiper-pagination\"><\/div>\n\t\t\t\t\t\t\t\t\t<\/div>\n\t\t\t\t\t\t<\/div>\n\t\t\t\t<\/div>\n\t\t\t\t<div class=\"elementor-element elementor-element-893704d elementor-position-inline-start elementor-view-default elementor-mobile-position-block-start elementor-widget elementor-widget-icon-box\" data-id=\"893704d\" data-element_type=\"widget\" data-e-type=\"widget\" data-widget_type=\"icon-box.default\">\n\t\t\t\t<div class=\"elementor-widget-container\">\n\t\t\t\t\t\t\t<div class=\"elementor-icon-box-wrapper\">\n\n\t\t\t\t\t\t<div class=\"elementor-icon-box-icon\">\n\t\t\t\t<span  class=\"elementor-icon\">\n\t\t\t\t<svg aria-hidden=\"true\" class=\"e-font-icon-svg e-fab-pagelines\" viewbox=\"0 0 384 512\" xmlns=\"http:\/\/www.w3.org\/2000\/svg\"><path d=\"M384 312.7c-55.1 136.7-187.1 54-187.1 54-40.5 81.8-107.4 134.4-184.6 134.7-16.1 0-16.6-24.4 0-24.4 64.4-.3 120.5-42.7 157.2-110.1-41.1 15.9-118.6 27.9-161.6-82.2 109-44.9 159.1 11.2 178.3 45.5 9.9-24.4 17-50.9 21.6-79.7 0 0-139.7 21.9-149.5-98.1 119.1-47.9 152.6 76.7 152.6 76.7 1.6-16.7 3.3-52.6 3.3-53.4 0 0-106.3-73.7-38.1-165.2 124.6 43 61.4 162.4 61.4 162.4.5 1.6.5 23.8 0 33.4 0 0 45.2-89 136.4-57.5-4.2 134-141.9 106.4-141.9 106.4-4.4 27.4-11.2 53.4-20 77.5 0 0 83-91.8 172-20z\"><\/path><\/svg>\t\t\t\t<\/span>\n\t\t\t<\/div>\n\t\t\t\n\t\t\t\t\t\t<div class=\"elementor-icon-box-content\">\n\n\t\t\t\t\t\t\t\t\t<h2 class=\"elementor-icon-box-title\">\n\t\t\t\t\t\t<span  >\n\t\t\t\t\t\t\tCaract\u00e9ristiques\t\t\t\t\t\t<\/span>\n\t\t\t\t\t<\/h2>\n\t\t\t\t\n\t\t\t\t\n\t\t\t<\/div>\n\t\t\t\n\t\t<\/div>\n\t\t\t\t\t\t<\/div>\n\t\t\t\t<\/div>\n\t\t\t\t<div class=\"elementor-element elementor-element-0bd09b0 elementor-widget elementor-widget-text-editor\" data-id=\"0bd09b0\" data-element_type=\"widget\" data-e-type=\"widget\" data-widget_type=\"text-editor.default\">\n\t\t\t\t<div class=\"elementor-widget-container\">\n\t\t\t\t\t\t\t\t\t<ul><li>Pour 2 personnes<\/li><li>Comprend des piquets<\/li><li>B\u00e2che 100% imperm\u00e9able en coton tiss\u00e9 TEN-CATE<\/li><li>Pi\u00e8ces int\u00e9rieures en coton<\/li><li>Matelas en mousse haute densit\u00e9, d\u00e9houssables<\/li><li>Structure en tube galvanis\u00e9 100%<\/li><li>Ch\u00e2ssis galvanis\u00e9<\/li><li>Comprend\u00a0:<ul><li>roue jockey<\/li><li>Roue de secours et niveau<\/li><li>4 pieds de caravane pour la stabilisation<\/li><\/ul><\/li><li>La remorque est livr\u00e9e avec une fiche technique et un agr\u00e9ment europ\u00e9en<\/li><\/ul>\t\t\t\t\t\t\t\t<\/div>\n\t\t\t\t<\/div>\n\t\t\t\t<div class=\"elementor-element elementor-element-a4ccf24 elementor-position-inline-start elementor-view-default elementor-mobile-position-block-start elementor-widget elementor-widget-icon-box\" data-id=\"a4ccf24\" data-element_type=\"widget\" data-e-type=\"widget\" data-widget_type=\"icon-box.default\">\n\t\t\t\t<div class=\"elementor-widget-container\">\n\t\t\t\t\t\t\t<div class=\"elementor-icon-box-wrapper\">\n\n\t\t\t\t\t\t<div class=\"elementor-icon-box-icon\">\n\t\t\t\t<span  class=\"elementor-icon\">\n\t\t\t\t<svg aria-hidden=\"true\" class=\"e-font-icon-svg e-fab-pagelines\" viewbox=\"0 0 384 512\" xmlns=\"http:\/\/www.w3.org\/2000\/svg\"><path d=\"M384 312.7c-55.1 136.7-187.1 54-187.1 54-40.5 81.8-107.4 134.4-184.6 134.7-16.1 0-16.6-24.4 0-24.4 64.4-.3 120.5-42.7 157.2-110.1-41.1 15.9-118.6 27.9-161.6-82.2 109-44.9 159.1 11.2 178.3 45.5 9.9-24.4 17-50.9 21.6-79.7 0 0-139.7 21.9-149.5-98.1 119.1-47.9 152.6 76.7 152.6 76.7 1.6-16.7 3.3-52.6 3.3-53.4 0 0-106.3-73.7-38.1-165.2 124.6 43 61.4 162.4 61.4 162.4.5 1.6.5 23.8 0 33.4 0 0 45.2-89 136.4-57.5-4.2 134-141.9 106.4-141.9 106.4-4.4 27.4-11.2 53.4-20 77.5 0 0 83-91.8 172-20z\"><\/path><\/svg>\t\t\t\t<\/span>\n\t\t\t<\/div>\n\t\t\t\n\t\t\t\t\t\t<div class=\"elementor-icon-box-content\">\n\n\t\t\t\t\t\t\t\t\t<h2 class=\"elementor-icon-box-title\">\n\t\t\t\t\t\t<span  >\n\t\t\t\t\t\t\tAccessoires\t\t\t\t\t\t<\/span>\n\t\t\t\t\t<\/h2>\n\t\t\t\t\n\t\t\t\t\n\t\t\t<\/div>\n\t\t\t\n\t\t<\/div>\n\t\t\t\t\t\t<\/div>\n\t\t\t\t<\/div>\n\t\t\t\t<div class=\"elementor-element elementor-element-9b5ca86 elementor-widget elementor-widget-gallery\" data-id=\"9b5ca86\" data-element_type=\"widget\" data-e-type=\"widget\" data-settings=\"{&quot;columns_mobile&quot;:2,&quot;overlay_title&quot;:&quot;alt&quot;,&quot;lazyload&quot;:&quot;yes&quot;,&quot;gallery_layout&quot;:&quot;grid&quot;,&quot;columns&quot;:4,&quot;columns_tablet&quot;:2,&quot;gap&quot;:{&quot;unit&quot;:&quot;px&quot;,&quot;size&quot;:10,&quot;sizes&quot;:[]},&quot;gap_tablet&quot;:{&quot;unit&quot;:&quot;px&quot;,&quot;size&quot;:10,&quot;sizes&quot;:[]},&quot;gap_mobile&quot;:{&quot;unit&quot;:&quot;px&quot;,&quot;size&quot;:10,&quot;sizes&quot;:[]},&quot;link_to&quot;:&quot;file&quot;,&quot;aspect_ratio&quot;:&quot;3:2&quot;,&quot;overlay_background&quot;:&quot;yes&quot;,&quot;content_hover_animation&quot;:&quot;fade-in&quot;}\" data-widget_type=\"gallery.default\">\n\t\t\t\t<div class=\"elementor-widget-container\">\n\t\t\t\t\t\t\t<div class=\"elementor-gallery__container\">\n\t\t\t\t\t\t\t<a class=\"e-gallery-item elementor-gallery-item elementor-animated-content\" href=\"https:\/\/rcomanche.com\/wp-content\/uploads\/2019\/08\/cofre-camper.jpg\" data-elementor-open-lightbox=\"yes\" data-elementor-lightbox-slideshow=\"9b5ca86\" data-elementor-lightbox-title=\"cofre camper\" data-e-action-hash=\"#elementor-action%3Aaction%3Dlightbox%26settings%3DeyJpZCI6ODg5NywidXJsIjoiaHR0cHM6XC9cL3Jjb21hbmNoZS5jb21cL3dwLWNvbnRlbnRcL3VwbG9hZHNcLzIwMTlcLzA4XC9jb2ZyZS1jYW1wZXIuanBnIiwic2xpZGVzaG93IjoiOWI1Y2E4NiJ9\">\n\t\t\t\t\t<div class=\"e-gallery-image elementor-gallery-item__image\" data-thumbnail=\"https:\/\/rcomanche.com\/wp-content\/uploads\/2019\/08\/cofre-camper-300x300.jpg\" data-width=\"300\" data-height=\"300\" aria-label=\"coffre de camping-car\" role=\"img\" ><\/div>\n\t\t\t\t\t\t\t\t\t\t\t<div class=\"elementor-gallery-item__overlay\"><\/div>\n\t\t\t\t\t\t\t\t\t\t\t\t\t\t\t<div class=\"elementor-gallery-item__content\">\n\t\t\t\t\t\t\t\t\t\t\t\t\t\t<div class=\"elementor-gallery-item__title\">\n\t\t\t\t\t\t\t\t\t\t\t\t\t\t\t\t\t\tcoffre de camping-car\t\t\t\t\t\t\t\t<\/div>\n\t\t\t\t\t\t\t\t\t\t\t\t<\/div>\n\t\t\t\t\t\t\t\t\t<\/a>\n\t\t\t\t\t\t\t<a class=\"e-gallery-item elementor-gallery-item elementor-animated-content\" href=\"https:\/\/rcomanche.com\/wp-content\/uploads\/2019\/08\/soporte-parking-montana.jpg\" data-elementor-open-lightbox=\"yes\" data-elementor-lightbox-slideshow=\"9b5ca86\" data-elementor-lightbox-title=\"soporte-parking-montana\" data-e-action-hash=\"#elementor-action%3Aaction%3Dlightbox%26settings%3DeyJpZCI6ODg2MiwidXJsIjoiaHR0cHM6XC9cL3Jjb21hbmNoZS5jb21cL3dwLWNvbnRlbnRcL3VwbG9hZHNcLzIwMTlcLzA4XC9zb3BvcnRlLXBhcmtpbmctbW9udGFuYS5qcGciLCJzbGlkZXNob3ciOiI5YjVjYTg2In0%3D\">\n\t\t\t\t\t<div class=\"e-gallery-image elementor-gallery-item__image\" data-thumbnail=\"https:\/\/rcomanche.com\/wp-content\/uploads\/2019\/08\/soporte-parking-montana-300x300.jpg\" data-width=\"300\" data-height=\"300\" aria-label=\"Aide au stationnement\" role=\"img\" ><\/div>\n\t\t\t\t\t\t\t\t\t\t\t<div class=\"elementor-gallery-item__overlay\"><\/div>\n\t\t\t\t\t\t\t\t\t\t\t\t\t\t\t<div class=\"elementor-gallery-item__content\">\n\t\t\t\t\t\t\t\t\t\t\t\t\t\t<div class=\"elementor-gallery-item__title\">\n\t\t\t\t\t\t\t\t\t\t\t\t\t\t\t\t\t\tAide au stationnement\t\t\t\t\t\t\t\t<\/div>\n\t\t\t\t\t\t\t\t\t\t\t\t<\/div>\n\t\t\t\t\t\t\t\t\t<\/a>\n\t\t\t\t\t\t\t<a class=\"e-gallery-item elementor-gallery-item elementor-animated-content\" href=\"https:\/\/rcomanche.com\/wp-content\/uploads\/2019\/08\/antirrobo.jpg\" data-elementor-open-lightbox=\"yes\" data-elementor-lightbox-slideshow=\"9b5ca86\" data-elementor-lightbox-title=\"antirrobo\" data-e-action-hash=\"#elementor-action%3Aaction%3Dlightbox%26settings%3DeyJpZCI6ODkwOCwidXJsIjoiaHR0cHM6XC9cL3Jjb21hbmNoZS5jb21cL3dwLWNvbnRlbnRcL3VwbG9hZHNcLzIwMTlcLzA4XC9hbnRpcnJvYm8uanBnIiwic2xpZGVzaG93IjoiOWI1Y2E4NiJ9\">\n\t\t\t\t\t<div class=\"e-gallery-image elementor-gallery-item__image\" data-thumbnail=\"https:\/\/rcomanche.com\/wp-content\/uploads\/2019\/08\/antirrobo-300x300.jpg\" data-width=\"300\" data-height=\"300\" aria-label=\"Cl\u00e9 antivol\" role=\"img\" ><\/div>\n\t\t\t\t\t\t\t\t\t\t\t<div class=\"elementor-gallery-item__overlay\"><\/div>\n\t\t\t\t\t\t\t\t\t\t\t\t\t\t\t<div class=\"elementor-gallery-item__content\">\n\t\t\t\t\t\t\t\t\t\t\t\t\t\t<div class=\"elementor-gallery-item__title\">\n\t\t\t\t\t\t\t\t\t\t\t\t\t\t\t\t\t\tCl\u00e9 antivol\t\t\t\t\t\t\t\t<\/div>\n\t\t\t\t\t\t\t\t\t\t\t\t<\/div>\n\t\t\t\t\t\t\t\t\t<\/a>\n\t\t\t\t\t\t\t<a class=\"e-gallery-item elementor-gallery-item elementor-animated-content\" href=\"https:\/\/rcomanche.com\/wp-content\/uploads\/2019\/08\/soporte-matricula.jpg\" data-elementor-open-lightbox=\"yes\" data-elementor-lightbox-slideshow=\"9b5ca86\" data-elementor-lightbox-title=\"soporte-matricula\" data-e-action-hash=\"#elementor-action%3Aaction%3Dlightbox%26settings%3DeyJpZCI6ODkwOSwidXJsIjoiaHR0cHM6XC9cL3Jjb21hbmNoZS5jb21cL3dwLWNvbnRlbnRcL3VwbG9hZHNcLzIwMTlcLzA4XC9zb3BvcnRlLW1hdHJpY3VsYS5qcGciLCJzbGlkZXNob3ciOiI5YjVjYTg2In0%3D\">\n\t\t\t\t\t<div class=\"e-gallery-image elementor-gallery-item__image\" data-thumbnail=\"https:\/\/rcomanche.com\/wp-content\/uploads\/2019\/08\/soporte-matricula-300x300.jpg\" data-width=\"300\" data-height=\"300\" aria-label=\"Support de plaque d&#039;immatriculation\" role=\"img\" ><\/div>\n\t\t\t\t\t\t\t\t\t\t\t<div class=\"elementor-gallery-item__overlay\"><\/div>\n\t\t\t\t\t\t\t\t\t\t\t\t\t\t\t<div class=\"elementor-gallery-item__content\">\n\t\t\t\t\t\t\t\t\t\t\t\t\t\t<div class=\"elementor-gallery-item__title\">\n\t\t\t\t\t\t\t\t\t\t\t\t\t\t\t\t\t\tSupport de plaque d&#039;immatriculation\t\t\t\t\t\t\t\t<\/div>\n\t\t\t\t\t\t\t\t\t\t\t\t<\/div>\n\t\t\t\t\t\t\t\t\t<\/a>\n\t\t\t\t\t<\/div>\n\t\t\t\t\t<\/div>\n\t\t\t\t<\/div>\n\t\t\t\t<\/div>\n\t\t<div class=\"elementor-element elementor-element-293e182 e-con-full e-flex parallax_section_no qode_elementor_container_no e-con e-child\" data-id=\"293e182\" data-element_type=\"container\" data-e-type=\"container\">\n\t\t\t\t<div class=\"elementor-element elementor-element-e79abea elementor-align-justify elementor-widget elementor-widget-button\" data-id=\"e79abea\" data-element_type=\"widget\" data-e-type=\"widget\" data-widget_type=\"button.default\">\n\t\t\t\t<div class=\"elementor-widget-container\">\n\t\t\t\t\t\t\t\t\t<div class=\"elementor-button-wrapper\">\n\t\t\t\t\t<a class=\"elementor-button elementor-button-link elementor-size-sm\" href=\"https:\/\/tiendaonline.rcomanche.com\/es\/comprar-remolques-camping\/9-petit-azul-8435463600245.html\">\n\t\t\t\t\t\t<span class=\"elementor-button-content-wrapper\">\n\t\t\t\t\t\t<span class=\"elementor-button-icon\">\n\t\t\t\t<svg aria-hidden=\"true\" class=\"e-font-icon-svg e-fas-angle-double-right\" viewbox=\"0 0 448 512\" xmlns=\"http:\/\/www.w3.org\/2000\/svg\"><path d=\"M224.3 273l-136 136c-9.4 9.4-24.6 9.4-33.9 0l-22.6-22.6c-9.4-9.4-9.4-24.6 0-33.9l96.4-96.4-96.4-96.4c-9.4-9.4-9.4-24.6 0-33.9L54.3 103c9.4-9.4 24.6-9.4 33.9 0l136 136c9.5 9.4 9.5 24.6.1 34zm192-34l-136-136c-9.4-9.4-24.6-9.4-33.9 0l-22.6 22.6c-9.4 9.4-9.4 24.6 0 33.9l96.4 96.4-96.4 96.4c-9.4 9.4-9.4 24.6 0 33.9l22.6 22.6c9.4 9.4 24.6 9.4 33.9 0l136-136c9.4-9.2 9.4-24.4 0-33.8z\"><\/path><\/svg>\t\t\t<\/span>\n\t\t\t\t\t\t\t\t\t<span class=\"elementor-button-text\">CONSULTA PRECIOS  EN NUESTRA  TIENDA ONLINE<\/span>\n\t\t\t\t\t<\/span>\n\t\t\t\t\t<\/a>\n\t\t\t\t<\/div>\n\t\t\t\t\t\t\t\t<\/div>\n\t\t\t\t<\/div>\n\t\t\t\t<div class=\"elementor-element elementor-element-6ef3674 elementor-widget elementor-widget-text-editor\" data-id=\"6ef3674\" data-element_type=\"widget\" data-e-type=\"widget\" data-widget_type=\"text-editor.default\">\n\t\t\t\t<div class=\"elementor-widget-container\">\n\t\t\t\t\t\t\t\t\t<p><strong>Taille<\/strong>: Petit<\/p><p>\u00a0<\/p><p><strong>Capacit\u00e9<\/strong>: 2 personnes<\/p><p>\u00a0<\/p><p><strong>Mesures totales<\/strong>: 3070x1345x685mm<\/p><p>\u00a0<\/p><p><strong>Axe<\/strong>: 500kg<\/p><p>\u00a0<\/p><p><strong>roues<\/strong>: 4-50-10\u2033<\/p><p>\u00a0<\/p><p><strong>Tare<\/strong>: 200kg<\/p><p>\u00a0<\/p><p><strong>Mat\u00e9riel<\/strong>: Tente en coton imperm\u00e9abilis\u00e9e TEN CATE, ch\u00e2ssis en acier galvanis\u00e9<\/p><p>\u00a0<\/p><p><strong>Lance<\/strong>:V<\/p><p>\u00a0<\/p><p><strong>Roue Jockey<\/strong>: Inclus<\/p><p>\u00a0<\/p><p><strong>Frein<\/strong>: Facultatif<\/p>\t\t\t\t\t\t\t\t<\/div>\n\t\t\t\t<\/div>\n\t\t\t\t<div class=\"elementor-element elementor-element-668f11d elementor-align-justify elementor-widget elementor-widget-button\" data-id=\"668f11d\" data-element_type=\"widget\" data-e-type=\"widget\" data-widget_type=\"button.default\">\n\t\t\t\t<div class=\"elementor-widget-container\">\n\t\t\t\t\t\t\t\t\t<div class=\"elementor-button-wrapper\">\n\t\t\t\t\t<a class=\"elementor-button elementor-button-link elementor-size-sm\" href=\"https:\/\/rcomanche.com\/wp-content\/uploads\/2018\/01\/camping_petit.pdf\" target=\"_blank\">\n\t\t\t\t\t\t<span class=\"elementor-button-content-wrapper\">\n\t\t\t\t\t\t<span class=\"elementor-button-icon\">\n\t\t\t\t<svg aria-hidden=\"true\" class=\"e-font-icon-svg e-fas-angle-double-right\" viewbox=\"0 0 448 512\" xmlns=\"http:\/\/www.w3.org\/2000\/svg\"><path d=\"M224.3 273l-136 136c-9.4 9.4-24.6 9.4-33.9 0l-22.6-22.6c-9.4-9.4-9.4-24.6 0-33.9l96.4-96.4-96.4-96.4c-9.4-9.4-9.4-24.6 0-33.9L54.3 103c9.4-9.4 24.6-9.4 33.9 0l136 136c9.5 9.4 9.5 24.6.1 34zm192-34l-136-136c-9.4-9.4-24.6-9.4-33.9 0l-22.6 22.6c-9.4 9.4-9.4 24.6 0 33.9l96.4 96.4-96.4 96.4c-9.4 9.4-9.4 24.6 0 33.9l22.6 22.6c9.4 9.4 24.6 9.4 33.9 0l136-136c9.4-9.2 9.4-24.4 0-33.8z\"><\/path><\/svg>\t\t\t<\/span>\n\t\t\t\t\t\t\t\t\t<span class=\"elementor-button-text\">Catalogo  PDF<\/span>\n\t\t\t\t\t<\/span>\n\t\t\t\t\t<\/a>\n\t\t\t\t<\/div>\n\t\t\t\t\t\t\t\t<\/div>\n\t\t\t\t<\/div>\n\t\t\t\t<\/div>\n\t\t\t\t\t<\/div>\n\t\t\t\t<\/div>\n\t\t\t\t<\/div>","protected":false},"excerpt":{"rendered":"<p>Remolque tienda Petit https:\/\/youtu.be\/FCVheaLd0_4 El remolque tienda PETIT de COMANCHE es ideal para una o dos personas que desean viajar, sin preocuparse de nada. \u00a0 Un remolque tienda\u00a0ligero, de muy f\u00e1cil montaje y de mantenimiento simple. \u00a0 Te ofrece el\u00a0espacio para dormir y un peque\u00f1o&#8230;<\/p>","protected":false},"author":2,"featured_media":8998,"parent":25,"menu_order":0,"comment_status":"closed","ping_status":"closed","template":"full_width.php","meta":{"footnotes":""},"class_list":["post-8991","page","type-page","status-publish","has-post-thumbnail","hentry"],"_links":{"self":[{"href":"https:\/\/rcomanche.com\/fr\/wp-json\/wp\/v2\/pages\/8991","targetHints":{"allow":["GET"]}}],"collection":[{"href":"https:\/\/rcomanche.com\/fr\/wp-json\/wp\/v2\/pages"}],"about":[{"href":"https:\/\/rcomanche.com\/fr\/wp-json\/wp\/v2\/types\/page"}],"author":[{"embeddable":true,"href":"https:\/\/rcomanche.com\/fr\/wp-json\/wp\/v2\/users\/2"}],"replies":[{"embeddable":true,"href":"https:\/\/rcomanche.com\/fr\/wp-json\/wp\/v2\/comments?post=8991"}],"version-history":[{"count":6,"href":"https:\/\/rcomanche.com\/fr\/wp-json\/wp\/v2\/pages\/8991\/revisions"}],"predecessor-version":[{"id":35872,"href":"https:\/\/rcomanche.com\/fr\/wp-json\/wp\/v2\/pages\/8991\/revisions\/35872"}],"up":[{"embeddable":true,"href":"https:\/\/rcomanche.com\/fr\/wp-json\/wp\/v2\/pages\/25"}],"wp:featuredmedia":[{"embeddable":true,"href":"https:\/\/rcomanche.com\/fr\/wp-json\/wp\/v2\/media\/8998"}],"wp:attachment":[{"href":"https:\/\/rcomanche.com\/fr\/wp-json\/wp\/v2\/media?parent=8991"}],"curies":[{"name":"wp","href":"https:\/\/api.w.org\/{rel}","templated":true}]}}