{"id":9027,"date":"2019-09-01T06:33:05","date_gmt":"2019-09-01T06:33:05","guid":{"rendered":"http:\/\/rcomanche.com\/?page_id=9027"},"modified":"2025-11-12T17:31:14","modified_gmt":"2025-11-12T16:31:14","slug":"remorques-de-fret-leger","status":"publish","type":"page","link":"https:\/\/rcomanche.com\/fr\/remolques-carga\/remolques-carga-ligera\/","title":{"rendered":"Remorques l\u00e9g\u00e8res"},"content":{"rendered":"<p>Les remorques COMANCHE LIGHT LOAD sont con\u00e7ues aussi bien pour un usage priv\u00e9 que professionnel. Les remorques cargo l\u00e9g\u00e8res sont de construction robuste, agile et tr\u00e8s maniable, permettant le transport de tous types d&#039;objets et de marchandises : outils, bois de chauffage, bricolage, machinerie...<\/p>\n<p>Peu importe le poids ou la forme, c&#039;est une remorque robuste qui transporte tout.<\/p>","protected":false},"excerpt":{"rendered":"<p>Los remolques CARGA LIGERA de COMANCHE est\u00e1n pensados para un uso tanto particular como profesional.\u00a0Los remolques carga ligera son de construcci\u00f3n robusta, \u00e1gil y muy manejable, que permiten el transporte de todo tipo de objetos y mercanc\u00edas: herramientas, le\u00f1a, bricolaje, maquinaria\u2026 No importa el peso&#8230;<\/p>","protected":false},"author":2,"featured_media":9007,"parent":27,"menu_order":0,"comment_status":"closed","ping_status":"closed","template":"","meta":{"footnotes":""},"class_list":["post-9027","page","type-page","status-publish","has-post-thumbnail","hentry"],"_links":{"self":[{"href":"https:\/\/rcomanche.com\/fr\/wp-json\/wp\/v2\/pages\/9027","targetHints":{"allow":["GET"]}}],"collection":[{"href":"https:\/\/rcomanche.com\/fr\/wp-json\/wp\/v2\/pages"}],"about":[{"href":"https:\/\/rcomanche.com\/fr\/wp-json\/wp\/v2\/types\/page"}],"author":[{"embeddable":true,"href":"https:\/\/rcomanche.com\/fr\/wp-json\/wp\/v2\/users\/2"}],"replies":[{"embeddable":true,"href":"https:\/\/rcomanche.com\/fr\/wp-json\/wp\/v2\/comments?post=9027"}],"version-history":[{"count":1,"href":"https:\/\/rcomanche.com\/fr\/wp-json\/wp\/v2\/pages\/9027\/revisions"}],"predecessor-version":[{"id":35892,"href":"https:\/\/rcomanche.com\/fr\/wp-json\/wp\/v2\/pages\/9027\/revisions\/35892"}],"up":[{"embeddable":true,"href":"https:\/\/rcomanche.com\/fr\/wp-json\/wp\/v2\/pages\/27"}],"wp:featuredmedia":[{"embeddable":true,"href":"https:\/\/rcomanche.com\/fr\/wp-json\/wp\/v2\/media\/9007"}],"wp:attachment":[{"href":"https:\/\/rcomanche.com\/fr\/wp-json\/wp\/v2\/media?parent=9027"}],"curies":[{"name":"wp","href":"https:\/\/api.w.org\/{rel}","templated":true}]}}