{"id":9062,"date":"2019-09-01T08:25:54","date_gmt":"2019-09-01T08:25:54","guid":{"rendered":"http:\/\/rcomanche.com\/?page_id=9062"},"modified":"2025-11-12T17:15:10","modified_gmt":"2025-11-12T16:15:10","slug":"remorques-isothermes","status":"publish","type":"page","link":"https:\/\/rcomanche.com\/fr\/remolques-carga\/remolques-isotermos\/","title":{"rendered":"Remorques Isothermes"},"content":{"rendered":"<p>Les remorques COMANCHE ISOTERM sont con\u00e7ues aussi bien pour un usage priv\u00e9 que professionnel.<\/p>\n<p>Remorques de construction robuste, agile et tr\u00e8s maniable, qui permettent le transport de tous types d&#039;objets et de marchandises : outils, bois de chauffage, bricolage, machines...<\/p>\n<p>Peu importe le poids ou la forme, c&#039;est une remorque robuste qui transporte tout.<\/p>","protected":false},"excerpt":{"rendered":"<p>Los remolques ISOTERMOS de COMANCHE est\u00e1n pensados para un uso tanto particular como profesional. Remolques de construcci\u00f3n robusta, \u00e1gil y muy manejable, que permiten el transporte de todo tipo de objetos y mercanc\u00edas: herramientas, le\u00f1a, bricolaje, maquinaria\u2026 No importa el peso ni la forma, es&#8230;<\/p>","protected":false},"author":2,"featured_media":9063,"parent":27,"menu_order":0,"comment_status":"closed","ping_status":"closed","template":"","meta":{"footnotes":""},"class_list":["post-9062","page","type-page","status-publish","has-post-thumbnail","hentry"],"_links":{"self":[{"href":"https:\/\/rcomanche.com\/fr\/wp-json\/wp\/v2\/pages\/9062","targetHints":{"allow":["GET"]}}],"collection":[{"href":"https:\/\/rcomanche.com\/fr\/wp-json\/wp\/v2\/pages"}],"about":[{"href":"https:\/\/rcomanche.com\/fr\/wp-json\/wp\/v2\/types\/page"}],"author":[{"embeddable":true,"href":"https:\/\/rcomanche.com\/fr\/wp-json\/wp\/v2\/users\/2"}],"replies":[{"embeddable":true,"href":"https:\/\/rcomanche.com\/fr\/wp-json\/wp\/v2\/comments?post=9062"}],"version-history":[{"count":2,"href":"https:\/\/rcomanche.com\/fr\/wp-json\/wp\/v2\/pages\/9062\/revisions"}],"predecessor-version":[{"id":35908,"href":"https:\/\/rcomanche.com\/fr\/wp-json\/wp\/v2\/pages\/9062\/revisions\/35908"}],"up":[{"embeddable":true,"href":"https:\/\/rcomanche.com\/fr\/wp-json\/wp\/v2\/pages\/27"}],"wp:featuredmedia":[{"embeddable":true,"href":"https:\/\/rcomanche.com\/fr\/wp-json\/wp\/v2\/media\/9063"}],"wp:attachment":[{"href":"https:\/\/rcomanche.com\/fr\/wp-json\/wp\/v2\/media?parent=9062"}],"curies":[{"name":"wp","href":"https:\/\/api.w.org\/{rel}","templated":true}]}}