{"id":9260,"date":"2019-09-08T14:19:34","date_gmt":"2019-09-08T14:19:34","guid":{"rendered":"http:\/\/rcomanche.com\/?page_id=9260"},"modified":"2025-11-12T17:14:09","modified_gmt":"2025-11-12T16:14:09","slug":"remorques-quad","status":"publish","type":"page","link":"https:\/\/rcomanche.com\/fr\/remolques-moto\/remolques-quads\/","title":{"rendered":"Remorques Quad"},"content":{"rendered":"<p>Remorques QUADS COMANCHE.<\/p>\n<p>Seul ou accompagn\u00e9, ne vous trompez pas de transport.<\/p>\n<p>COMANCHE vous propose des remorques pour que le transfert se d\u00e9roule sans incident et que vous voyagiez en toute s\u00e9curit\u00e9.<\/p>\n<p>Quel que soit le mod\u00e8le de moto, nous avons une remorque adapt\u00e9e.<\/p>\n\n\n<p><\/p>","protected":false},"excerpt":{"rendered":"<p>Remolques QUADS de COMANCHE. Solo o acompa\u00f1ado, en el transporte no te equivoques. COMANCHE te ofrece los remolques para que el traslado no tenga incidencias y circules con seguridad. Sea el modelo de moto que sea, tenemos un remolque adecuado a ella.<\/p>","protected":false},"author":2,"featured_media":9261,"parent":29,"menu_order":0,"comment_status":"closed","ping_status":"closed","template":"","meta":{"footnotes":""},"class_list":["post-9260","page","type-page","status-publish","has-post-thumbnail","hentry"],"_links":{"self":[{"href":"https:\/\/rcomanche.com\/fr\/wp-json\/wp\/v2\/pages\/9260","targetHints":{"allow":["GET"]}}],"collection":[{"href":"https:\/\/rcomanche.com\/fr\/wp-json\/wp\/v2\/pages"}],"about":[{"href":"https:\/\/rcomanche.com\/fr\/wp-json\/wp\/v2\/types\/page"}],"author":[{"embeddable":true,"href":"https:\/\/rcomanche.com\/fr\/wp-json\/wp\/v2\/users\/2"}],"replies":[{"embeddable":true,"href":"https:\/\/rcomanche.com\/fr\/wp-json\/wp\/v2\/comments?post=9260"}],"version-history":[{"count":2,"href":"https:\/\/rcomanche.com\/fr\/wp-json\/wp\/v2\/pages\/9260\/revisions"}],"predecessor-version":[{"id":35891,"href":"https:\/\/rcomanche.com\/fr\/wp-json\/wp\/v2\/pages\/9260\/revisions\/35891"}],"up":[{"embeddable":true,"href":"https:\/\/rcomanche.com\/fr\/wp-json\/wp\/v2\/pages\/29"}],"wp:featuredmedia":[{"embeddable":true,"href":"https:\/\/rcomanche.com\/fr\/wp-json\/wp\/v2\/media\/9261"}],"wp:attachment":[{"href":"https:\/\/rcomanche.com\/fr\/wp-json\/wp\/v2\/media?parent=9260"}],"curies":[{"name":"wp","href":"https:\/\/api.w.org\/{rel}","templated":true}]}}