{"id":9413,"date":"2019-09-16T04:17:28","date_gmt":"2019-09-16T04:17:28","guid":{"rendered":"http:\/\/rcomanche.com\/?page_id=9413"},"modified":"2022-01-07T16:06:46","modified_gmt":"2022-01-07T16:06:46","slug":"politique-de-confidentialite","status":"publish","type":"page","link":"https:\/\/rcomanche.com\/fr\/politica-de-privacidad\/","title":{"rendered":"politique de confidentialit\u00e9"},"content":{"rendered":"<h2>politique de confidentialit\u00e9<\/h2>\n<p><strong>1. INFORMATION \u00c0 L&#039;UTILISATEUR<\/strong><br \/>\n<strong>Qui est responsable du traitement de vos donn\u00e9es personnelles ?<\/strong><br \/>\nCOMPA\u00d1IA INDUSTRIAL REMOLQUES, SL est responsable du traitement des donn\u00e9es personnelles de l&#039;UTILISATEUR et vous informe que ces donn\u00e9es seront trait\u00e9es conform\u00e9ment aux dispositions du r\u00e8glement (UE) 2016\/679 du 27 avril (RGPD) et de la loi organique 3. \/2018, du 5 d\u00e9cembre (LOPDGDD).<br \/>\n<strong>Pourquoi traitons-nous vos donn\u00e9es personnelles et pourquoi le faisons-nous ?<\/strong><br \/>\nEn fonction de la forme sous laquelle nous avons obtenu vos donn\u00e9es personnelles, nous les traiterons de mani\u00e8re confidentielle pour atteindre les finalit\u00e9s suivantes :<br \/>\nDedans <strong>Formulaire de contact <\/strong><\/p>\n<p>R\u00e9pondre aux requ\u00eates ou \u00e0 tout type de demande formul\u00e9e par l&#039;utilisateur via n&#039;importe quel<br \/>\ndes formulaires de contact mis \u00e0 disposition sur le site Internet du responsable.<br \/>\n(pour l&#039;int\u00e9r\u00eat l\u00e9gitime du responsable, art. 6.1.f RGPD)<br \/>\nR\u00e9aliser des analyses statistiques et des \u00e9tudes de march\u00e9.<br \/>\n(pour l&#039;int\u00e9r\u00eat l\u00e9gitime du responsable, art. 6.1.f RGPD)<br \/>\n<strong>Combien de temps conserverons-nous vos donn\u00e9es personnelles ?<\/strong><br \/>\nElles ne seront pas conserv\u00e9es plus longtemps que n\u00e9cessaire pour maintenir la finalit\u00e9 du traitement ou s&#039;il existe des exigences l\u00e9gales qui dictent leur conservation et lorsque cela n&#039;est plus n\u00e9cessaire, elles seront supprim\u00e9es avec des mesures de s\u00e9curit\u00e9 appropri\u00e9es pour garantir l&#039;anonymisation des donn\u00e9es. ou la destruction totale de ceux-ci.<br \/>\n<strong>\u00c0 qui fournissons-nous vos donn\u00e9es personnelles ?<\/strong><br \/>\nAucune communication de donn\u00e9es personnelles \u00e0 des tiers n&#039;est pr\u00e9vue sauf, si cela est n\u00e9cessaire au d\u00e9veloppement et \u00e0 l&#039;ex\u00e9cution des finalit\u00e9s du traitement, \u00e0 nos prestataires de services li\u00e9s aux communications, avec lesquels le RESPONSABLE a sign\u00e9 les contrats de confidentialit\u00e9 et de traitement de donn\u00e9es requis par les pr\u00e9sentes. r\u00e8gles de confidentialit\u00e9.<br \/>\n<strong>Quels sont vos droits ?<\/strong><br \/>\n<strong>Les droits qui assistent l&#039;UTILISATEUR sont\u00a0:<\/strong><br \/>\nDroit de retirer son consentement \u00e0 tout moment.<br \/>\nDroit d&#039;acc\u00e8s, de rectification, de portabilit\u00e9 et de suppression de vos donn\u00e9es, et limitation ou opposition \u00e0 leur traitement.<\/p>\n<p>Droit de d\u00e9poser une r\u00e9clamation aupr\u00e8s de l&#039;autorit\u00e9 de contr\u00f4le (www.aepd.es) si vous estimez que le traitement n&#039;est pas conforme \u00e0 la r\u00e9glementation en vigueur.<\/p>\n<p>Coordonn\u00e9es pour exercer vos droits :<br \/>\nCOMPA\u00d1IA INDUSTRIAL REMOLQUES, SL. C\/ Sis, 9 \u2013 08794 Les Cabanyes (Barcelone). Courriel : info@rcomanche.com<\/p>\n<p><strong>2. CARACT\u00c8RE OBLIGATOIRE OU OPTIONNEL DES INFORMATIONS FOURNIES PAR L&#039;UTILISATEUR<\/strong><br \/>\nLes UTILISATEURS, en cochant les cases correspondantes et en saisissant les donn\u00e9es dans les champs marqu\u00e9s d&#039;un ast\u00e9risque (*) dans le formulaire de contact ou pr\u00e9sent\u00e9s dans les formulaires de t\u00e9l\u00e9chargement, acceptent express\u00e9ment et librement et sans \u00e9quivoque que leurs donn\u00e9es soient n\u00e9cessaires pour r\u00e9pondre \u00e0 votre demande, sur de la part du fournisseur, l&#039;inclusion des donn\u00e9es dans les autres champs \u00e9tant volontaire. L&#039;UTILISATEUR garantit que les donn\u00e9es personnelles fournies au RESPONSABLE sont v\u00e9ridiques et est responsable de communiquer toute modification de celles-ci.<br \/>\nLe RESPONSABLE informe que toutes les donn\u00e9es demand\u00e9es via le site Web sont obligatoires, car elles sont n\u00e9cessaires pour fournir un service optimal \u00e0 l&#039;UTILISATEUR. Si toutes les donn\u00e9es ne sont pas fournies, il n&#039;est pas garanti que les informations et les services fournis soient enti\u00e8rement adapt\u00e9s \u00e0 vos besoins.<\/p>\n<p><strong>3. MESURES DE S\u00c9CURIT\u00c9<\/strong><br \/>\nQue conform\u00e9ment aux dispositions de la r\u00e9glementation en vigueur sur la protection des donn\u00e9es personnelles, le RESPONSABLE respecte toutes les dispositions de la r\u00e9glementation RGPD et LOPDGDD pour le traitement des donn\u00e9es personnelles sous sa responsabilit\u00e9, et manifestement aux principes d\u00e9crits dans l&#039;article. 5 du RGPD, par lequel ils sont trait\u00e9s de mani\u00e8re licite, \u00e9quitable et transparente \u00e0 l&#039;\u00e9gard de l&#039;int\u00e9ress\u00e9 et ad\u00e9quate, pertinente et limit\u00e9e \u00e0 ce qui est n\u00e9cessaire au regard des finalit\u00e9s pour lesquelles ils sont trait\u00e9s.<br \/>\nLe RESPONSABLE garantit avoir mis en \u0153uvre des politiques techniques et organisationnelles appropri\u00e9es pour appliquer les mesures de s\u00e9curit\u00e9 \u00e9tablies par le RGPD et la LOPDGDD afin de prot\u00e9ger les droits et libert\u00e9s des UTILISATEURS et leur avoir communiqu\u00e9 les informations appropri\u00e9es afin qu&#039;ils puissent les exercer.<br \/>\nPour plus d&#039;informations sur les garanties de confidentialit\u00e9, vous pouvez contacter le RESPONSABLE via COMPA\u00d1IA INDUSTRIAL REMOLQUES, SL. C\/ Sis, 9 \u2013 08794 Les Cabanyes (Barcelone). Courriel : info@rcomanche.com<\/p>\n<p><span style=\"color: #ffffff;\"><strong>POLITIQUE DE CONFIDENTIALIT\u00c9 DES R\u00c9SEAUX SOCIAUX<\/strong><\/span><\/p>\n<p><strong>POLITIQUE DE CONFIDENTIALIT\u00c9 DES R\u00c9SEAUX SOCIAUX<\/strong><\/p>\n<p><strong>1. INFORMATION \u00c0 L&#039;UTILISATEUR<\/strong><br \/>\n<strong>Qui est responsable du traitement de vos donn\u00e9es personnelles ?<\/strong><br \/>\nCOMPA\u00d1IA INDUSTRIAL REMOLQUES, SL, ci-apr\u00e8s, RESPONSABLE, informe l&#039;UTILISATEUR qu&#039;elle a proc\u00e9d\u00e9 \u00e0 la cr\u00e9ation d&#039;un profil sur les r\u00e9seaux sociaux Facebook, Instagram, Twitter, LinkedIn, Youtube, Vimeo et Google+, responsable du traitement des donn\u00e9es personnelles. l&#039;utilisateur qui a lieu sur lesdits r\u00e9seaux sociaux et vous informe que ces donn\u00e9es seront trait\u00e9es conform\u00e9ment aux dispositions du r\u00e8glement (UE) 2016\/679 du 27 avril (RGPD) et de la loi organique 3\/2018 du 5 d\u00e9cembre ( LOPDGDD), pour lequel les informations de traitement suivantes sont fournies\u00a0:<br \/>\n<strong>Pourquoi traitons-nous vos donn\u00e9es personnelles ?<\/strong><br \/>\nFin du traitement : entretenir une relation entre l&#039;UTILISATEUR et le RESPONSABLE qui peut comprendre les op\u00e9rations suivantes :<br \/>\nTraiter les demandes et les interrogations adress\u00e9es au responsable<br \/>\nInformer sur les activit\u00e9s et \u00e9v\u00e9nements organis\u00e9s par le responsable<br \/>\nInformer sur les produits ou services offerts par la personne responsable<br \/>\nInteragissez via les profils officiels<br \/>\n<strong>Pour quelle raison pouvons-nous traiter vos donn\u00e9es personnelles ?<\/strong><br \/>\nBase juridique du traitement : article 6.1.a du RGPD, l&#039;int\u00e9ress\u00e9 a donn\u00e9 son consentement au traitement de ses donn\u00e9es personnelles pour une ou plusieurs finalit\u00e9s sp\u00e9cifiques. L&#039;UTILISATEUR dispose d&#039;un profil sur le m\u00eame r\u00e9seau social et a d\u00e9cid\u00e9 de rejoindre le r\u00e9seau social du RESPONSABLE, manifestant ainsi son int\u00e9r\u00eat pour les informations qui y sont publi\u00e9es. Par cons\u00e9quent, lorsqu&#039;il demande \u00e0 suivre nos profils officiels, il nous donne son consentement au traitement. des donn\u00e9es personnelles publi\u00e9es dans votre profil.<br \/>\nL&#039;UTILISATEUR peut acc\u00e9der \u00e0 tout moment aux politiques de confidentialit\u00e9 du r\u00e9seau social lui-m\u00eame, ainsi que configurer son profil pour garantir sa confidentialit\u00e9.<br \/>\nLe RESPONSABLE a acc\u00e8s et traite les informations publiques de l&#039;UTILISATEUR, notamment son nom de contact. Ces donn\u00e9es ne sont utilis\u00e9es qu&#039;au sein du r\u00e9seau social lui-m\u00eame et ne seront incorpor\u00e9es dans un fichier du RESPONSABLE que lorsque cela est n\u00e9cessaire pour traiter la demande de l&#039;UTILISATEUR.<br \/>\n<strong>Combien de temps conserverons-nous vos donn\u00e9es personnelles ?<\/strong><br \/>\nCrit\u00e8res de conservation des donn\u00e9es : elles seront conserv\u00e9es tant que l&#039;UTILISATEUR ne r\u00e9voque pas le consentement donn\u00e9 comme indiqu\u00e9 dans la pr\u00e9sente politique de confidentialit\u00e9.<br \/>\n<strong>\u00c0 qui fournissons-nous vos donn\u00e9es personnelles ?<\/strong><br \/>\nCommunication de donn\u00e9es : les informations fournies par l&#039;UTILISATEUR \u00e0 travers les r\u00e9seaux sociaux du RESPONSABLE, y compris ses donn\u00e9es personnelles, peuvent \u00eatre publi\u00e9es, toujours en fonction des services que l&#039;UTILISATEUR utilise, afin d&#039;\u00eatre rendues publiques \u00e0 d&#039;autres utilisateurs. des r\u00e9seaux sociaux. Depuis le profil de chaque r\u00e9seau social, l&#039;UTILISATEUR peut configurer les informations qu&#039;il souhaite rendre publiques dans chaque cas, voir les autorisations qui ont \u00e9t\u00e9 accord\u00e9es, les supprimer ou les d\u00e9sactiver, comme toute application tierce qu&#039;il ne souhaite plus utiliser. .<br \/>\nAucune communication de donn\u00e9es personnelles \u00e0 des tiers en dehors du r\u00e9seau social n&#039;est pr\u00e9vue sauf, si elle est indispensable au d\u00e9veloppement et \u00e0 l&#039;ex\u00e9cution des finalit\u00e9s du traitement, \u00e0 nos prestataires de services li\u00e9s aux communications, avec lesquels le RESPONSABLE a sign\u00e9 les contrats de confidentialit\u00e9. et processeur de donn\u00e9es requis par les r\u00e9glementations en vigueur sur la confidentialit\u00e9.<\/p>\n<p><strong>Quels sont vos droits ?<\/strong><br \/>\nDroits qui assistent l&#039;UTILISATEUR : ils ne peuvent \u00eatre satisfaits que par rapport aux informations qui sont sous le contr\u00f4le du RESPONSABLE.<br \/>\nDroit de retirer son consentement \u00e0 tout moment<br \/>\nDroit d&#039;acc\u00e8s, de rectification, de portabilit\u00e9 et de suppression de vos donn\u00e9es, et limitation ou opposition \u00e0 leur traitement<br \/>\nDroit de d\u00e9poser une r\u00e9clamation aupr\u00e8s de l&#039;autorit\u00e9 de contr\u00f4le (www.aepd.es) si vous estimez que le traitement n&#039;est pas conforme \u00e0 la r\u00e9glementation en vigueur<br \/>\nCoordonn\u00e9es pour exercer vos droits :<br \/>\nCOMPA\u00d1IA INDUSTRIAL REMOLQUES, SL. C\/ Sis, 9 \u2013 08794 Les Cabanyes (Barcelone). Courriel : info@rcomanche.com<\/p>\n<p><strong>2. UTILISATION DU PROFIL<\/strong><br \/>\nLe CONTROLEUR effectuera les actions suivantes :<br \/>\nAcc\u00e8s aux informations de profil public<br \/>\nPublication dans le profil de l&#039;UTILISATEUR de toutes les informations d\u00e9j\u00e0 publi\u00e9es sur le r\u00e9seau social du CONTROLEUR<br \/>\nEnvoyer des messages personnels et individuels via les r\u00e9seaux sociaux<br \/>\nMises \u00e0 jour du statut de la page \u00e0 publier sur le profil de l&#039;UTILISATEUR<br \/>\nL&#039;UTILISATEUR peut \u00e0 tout moment contr\u00f4ler ses connexions, \u00e9liminer les contenus qui ne l&#039;int\u00e9ressent plus et restreindre les personnes qu&#039;il peut utiliser.<br \/>\npartagez vos connexions\u00a0; Pour ce faire, vous devez acc\u00e9der \u00e0 vos param\u00e8tres de confidentialit\u00e9.<\/p>\n<p><strong>3. PUBLICATIONS<\/strong><br \/>\nL&#039;UTILISATEUR, une fois qu&#039;il est abonn\u00e9 ou qu&#039;il a rejoint le r\u00e9seau social du CONTR\u00d4LEUR, peut publier des commentaires, des liens, des images, des photographies ou tout autre type de contenu multim\u00e9dia pris en charge par celui-ci. L&#039;UTILISATEUR, dans tous les cas, doit \u00eatre propri\u00e9taire du contenu publi\u00e9, jouir des droits d&#039;auteur et de propri\u00e9t\u00e9 intellectuelle ou avoir le consentement des tiers concern\u00e9s.<br \/>\nToute publication sur le r\u00e9seau social, qu&#039;il s&#039;agisse de textes, graphiques, photographies, vid\u00e9os, etc., est express\u00e9ment interdite. qui portent atteinte ou sont susceptibles de porter atteinte aux bonnes m\u0153urs, \u00e0 l&#039;\u00e9thique, au bon go\u00fbt ou \u00e0 la biens\u00e9ance, et\/ou qui portent atteinte, portent ou portent atteinte aux droits de propri\u00e9t\u00e9 intellectuelle ou industrielle, au droit \u00e0 l&#039;image ou \u00e0 la Loi.<br \/>\nDans ces cas, le RESPONSABLE se r\u00e9serve le droit de supprimer imm\u00e9diatement le contenu, sans communication pr\u00e9alable, et peut demander le blocage permanent de l&#039;UTILISATEUR.<br \/>\nLe RESPONSABLE ne sera pas responsable du contenu librement publi\u00e9 par un UTILISATEUR.<br \/>\nL&#039;UTILISATEUR doit garder \u00e0 l&#039;esprit que ses publications seront connues des autres utilisateurs, c&#039;est pourquoi il est lui-m\u00eame le principal<br \/>\nresponsable de votre vie priv\u00e9e.<br \/>\nLes images qui pourraient \u00eatre publi\u00e9es sur le r\u00e9seau social ne seront stock\u00e9es dans aucun fichier par le RESPONSABLE, mais elles seront<br \/>\nqui restera sur le r\u00e9seau social.<\/p>\n<p><strong>4. DONN\u00c9ES DES MINEURS OU DES PERSONNES \u00c0 CAPACIT\u00c9S SP\u00c9CIALES<\/strong><\/p>\n<p>L&#039;acc\u00e8s et l&#039;inscription via les r\u00e9seaux sociaux du RESPONSABLE sont interdits aux mineurs de moins de 18 ans. De son c\u00f4t\u00e9, si l&#039;UTILISATEUR dispose de capacit\u00e9s particuli\u00e8res, l&#039;intervention du titulaire de son autorit\u00e9 parentale ou de sa tutelle, ou de son repr\u00e9sentant l\u00e9gal au travers d&#039;un document valable prouvant sa repr\u00e9sentation sera n\u00e9cessaire.<br \/>\nLe RESPONSABLE sera express\u00e9ment exon\u00e9r\u00e9 de toute responsabilit\u00e9 pouvant d\u00e9couler de l&#039;utilisation des r\u00e9seaux sociaux par des mineurs ou des personnes ayant des capacit\u00e9s particuli\u00e8res. Les r\u00e9seaux sociaux du RESPONSABLE ne collectent sciemment aucune information personnelle aupr\u00e8s de mineurs, par cons\u00e9quent, si l&#039;UTILISATEUR est mineur, il ne doit pas s&#039;inscrire, utiliser les r\u00e9seaux sociaux DU RESPONSABLE ou fournir des informations personnelles.<\/p>","protected":false},"excerpt":{"rendered":"<p>Politique de confidentialit\u00e9 1. INFORMATIONS UTILISATEUR Qui est responsable du traitement de vos donn\u00e9es personnelles ? COMPA\u00d1IA INDUSTRIAL REMOLQUES, SL est responsable du traitement des donn\u00e9es personnelles de l&#039;UTILISATEUR et vous informe que ces donn\u00e9es seront trait\u00e9es conform\u00e9ment \u00e0 la\u2026<\/p>","protected":false},"author":2,"featured_media":0,"parent":0,"menu_order":0,"comment_status":"closed","ping_status":"closed","template":"","meta":{"footnotes":""},"class_list":["post-9413","page","type-page","status-publish","hentry"],"_links":{"self":[{"href":"https:\/\/rcomanche.com\/fr\/wp-json\/wp\/v2\/pages\/9413","targetHints":{"allow":["GET"]}}],"collection":[{"href":"https:\/\/rcomanche.com\/fr\/wp-json\/wp\/v2\/pages"}],"about":[{"href":"https:\/\/rcomanche.com\/fr\/wp-json\/wp\/v2\/types\/page"}],"author":[{"embeddable":true,"href":"https:\/\/rcomanche.com\/fr\/wp-json\/wp\/v2\/users\/2"}],"replies":[{"embeddable":true,"href":"https:\/\/rcomanche.com\/fr\/wp-json\/wp\/v2\/comments?post=9413"}],"version-history":[{"count":0,"href":"https:\/\/rcomanche.com\/fr\/wp-json\/wp\/v2\/pages\/9413\/revisions"}],"wp:attachment":[{"href":"https:\/\/rcomanche.com\/fr\/wp-json\/wp\/v2\/media?parent=9413"}],"curies":[{"name":"wp","href":"https:\/\/api.w.org\/{rel}","templated":true}]}}