{"id":9423,"date":"2019-09-16T04:51:44","date_gmt":"2019-09-16T04:51:44","guid":{"rendered":"http:\/\/rcomanche.com\/?page_id=9423"},"modified":"2022-01-07T14:41:00","modified_gmt":"2022-01-07T14:41:00","slug":"politique-de-cookies","status":"publish","type":"page","link":"https:\/\/rcomanche.com\/fr\/politica-de-cookies\/","title":{"rendered":"Politique de cookies"},"content":{"rendered":"<h2>Politique de cookies<\/h2>\n<p><strong>INFORMATIONS SUR LES COOKIES<\/strong><br \/>Conform\u00e9ment \u00e0 la loi 34\/2002 du 11 juillet sur les services de la soci\u00e9t\u00e9 de l&#039;information et du commerce \u00e9lectronique (LSSI), en relation avec le r\u00e8glement (UE) 2016\/679 du Parlement europ\u00e9en et du Conseil du 27 avril 2016, protection g\u00e9n\u00e9rale des donn\u00e9es. (RGPD) et la loi organique 3\/2018 du 5 d\u00e9cembre sur la protection des donn\u00e9es et la garantie des droits num\u00e9riques (LOPDGDD), il est obligatoire d&#039;obtenir le consentement expr\u00e8s de l&#039;utilisateur de toutes les pages Web qui utilisent des cookies dispensables, avant de naviguer sur eux.<\/p>\n<p><br \/><strong>QUE SONT LES COOKIES ?<\/strong><br \/>Les cookies et autres technologies similaires, telles que les objets locaux partag\u00e9s, les cookies flash ou les pixels, sont des outils utilis\u00e9s par les serveurs Web pour stocker et r\u00e9cup\u00e9rer des informations sur leurs visiteurs, ainsi que pour assurer le bon fonctionnement du site. Gr\u00e2ce \u00e0 l&#039;utilisation de ces appareils, le serveur Web est autoris\u00e9 \u00e0 m\u00e9moriser certaines donn\u00e9es concernant l&#039;utilisateur, telles que ses pr\u00e9f\u00e9rences pour visualiser les pages de ce serveur, son nom et son mot de passe, les produits qui l&#039;int\u00e9ressent le plus, etc.<br \/><strong>COOKIES CONCERN\u00c9S PAR LA R\u00c9GLEMENTATION ET COOKIES EXCEPT\u00c9S<\/strong><br \/>Selon la directive europ\u00e9enne, les cookies qui n\u00e9cessitent le consentement \u00e9clair\u00e9 de l&#039;utilisateur sont les cookies analytiques et les cookies publicitaires et d&#039;affiliation, \u00e0 l&#039;exception de ceux de nature technique et ceux n\u00e9cessaires au fonctionnement du site Internet ou \u00e0 la fourniture des services express\u00e9ment demand\u00e9s. par l&#039;utilisateur.<br \/><strong>TYPES DE COOKIES<\/strong><br \/><strong>SELON LE BUT<\/strong><br \/><strong>Cookies techniques et fonctionnels :<\/strong> sont ceux qui permettent \u00e0 l&#039;utilisateur de naviguer sur une page Web, une plateforme ou une application et d&#039;utiliser les diff\u00e9rentes options ou services qui y existent.<br \/><strong>Cookies analytiques\u00a0:<\/strong> Ce sont ceux qui permettent \u00e0 leur responsable de surveiller et d&#039;analyser le comportement des utilisateurs des sites Internet auxquels ils sont li\u00e9s. Les informations collect\u00e9es via ce type de cookies sont utilis\u00e9es pour mesurer l&#039;activit\u00e9 des sites Internet, applications ou plateformes et pour \u00e9laborer des profils de navigation des utilisateurs de ces sites, applications et plateformes, afin d&#039;introduire des am\u00e9liorations bas\u00e9es sur l&#039;analyse des donn\u00e9es d&#039;utilisation. effectu\u00e9s par les utilisateurs du service.<br \/><strong>Cookies publicitaires :<\/strong> sont ceux qui permettent la gestion, de la mani\u00e8re la plus efficace possible, des espaces publicitaires que, le cas \u00e9ch\u00e9ant, l&#039;\u00e9diteur a inclus dans une page Web, une application ou une plateforme \u00e0 partir de laquelle le service demand\u00e9 est fourni en fonction de crit\u00e8res tels que le contenu \u00e9dit\u00e9. ou la fr\u00e9quence \u00e0 laquelle les annonces sont diffus\u00e9es.<br \/><strong>Cookies de publicit\u00e9 comportementale :<\/strong> Ils collectent des informations sur les pr\u00e9f\u00e9rences et choix personnels de l&#039;utilisateur (retargeting) pour permettre la gestion, de la mani\u00e8re la plus efficace possible, des espaces publicitaires que, le cas \u00e9ch\u00e9ant, l&#039;\u00e9diteur a inclus dans une page web, une application ou une plateforme \u00e0 partir de laquelle il fournit la prestation demand\u00e9e.<br \/><strong>Cookies sociaux\u00a0:<\/strong> sont d\u00e9finis par les plateformes de m\u00e9dias sociaux sur les Services pour vous permettre de partager du contenu avec vos amis et vos r\u00e9seaux. Les plateformes de r\u00e9seaux sociaux ont la capacit\u00e9 de suivre votre activit\u00e9 en ligne en dehors des Services. Cela peut affecter le contenu et les messages que vous voyez sur les autres services que vous visitez.<br \/><strong>Cookies d&#039;affiliation\u00a0:<\/strong> Ils permettent de suivre les visites d&#039;autres sites Internet, avec lesquels le site Internet \u00e9tablit un contrat d&#039;affiliation (soci\u00e9t\u00e9s affili\u00e9es).<br \/><strong>Cookies de s\u00e9curit\u00e9\u00a0:<\/strong> Ils stockent des informations crypt\u00e9es pour \u00e9viter que les donn\u00e9es qui y sont stock\u00e9es ne soient vuln\u00e9rables aux attaques malveillantes de tiers.\u00a0<\/p>\n<p>\u00a0<\/p>\n<p><strong>SELON LA PROPRI\u00c9T\u00c9<\/strong><br \/><strong>Propres cookies\u00a0:<\/strong> sont ceux qui sont envoy\u00e9s \u00e0 l&#039;\u00e9quipement terminal de l&#039;utilisateur depuis un ordinateur ou un domaine g\u00e9r\u00e9 par l&#039;\u00e9diteur lui-m\u00eame et \u00e0 partir duquel est fourni le service demand\u00e9 par l&#039;utilisateur.<br \/><strong>Cookies tiers :<\/strong> sont ceux qui sont envoy\u00e9s \u00e0 l&#039;\u00e9quipement terminal de l&#039;utilisateur depuis un ordinateur ou un domaine qui<br \/>Elles ne sont pas g\u00e9r\u00e9es par l&#039;\u00e9diteur, mais par une autre entit\u00e9 qui traite les donn\u00e9es obtenues gr\u00e2ce aux cookies.<\/p>\n<p><br \/><strong>SELON LA P\u00c9RIODE DE CONSERVATION<\/strong><br \/><strong>Cookies de session\u00a0:<\/strong> Il s&#039;agit d&#039;un type de cookies con\u00e7us pour collecter et stocker des donn\u00e9es lorsque l&#039;utilisateur acc\u00e8de \u00e0 une page Web.<br \/><strong>Cookies persistants\u00a0:<\/strong> Il s&#039;agit d&#039;un type de cookies dans lesquels les donn\u00e9es continuent \u00e0 \u00eatre stock\u00e9es dans le terminal et peuvent \u00eatre consult\u00e9es et trait\u00e9es pendant une dur\u00e9e d\u00e9finie par le responsable du cookie, qui peut aller de quelques minutes \u00e0 plusieurs ann\u00e9es.<\/p>\n<p>\u00a0<\/p>\n<p><strong>TRAITEMENT DES DONN\u00c9ES PERSONNELLES<\/strong><br \/>COMPA\u00d1IA INDUSTRIAL REMOLQUES, SL est responsable du traitement des donn\u00e9es personnelles de l&#039;int\u00e9ress\u00e9 et vous informe que ces donn\u00e9es seront trait\u00e9es conform\u00e9ment aux dispositions du r\u00e8glement (UE) 2016\/679 du 27 avril 2016 (RGPD), Par cons\u00e9quent, les informations de traitement suivantes vous sont fournies\u00a0:<br \/><strong>Finalit\u00e9s du traitement\u00a0:<\/strong> comme sp\u00e9cifi\u00e9 dans la section cookies utilis\u00e9s sur ce site Web.<br \/><strong>L\u00e9gitimation du traitement :<\/strong> avec le consentement de l&#039;int\u00e9ress\u00e9 (art. 6.1 RGPD).<br \/><strong>Crit\u00e8res de conservation des donn\u00e9es\u00a0:<\/strong> comme pr\u00e9cis\u00e9 dans la section relative aux cookies utilis\u00e9s sur le site Internet.<br \/><strong>Communication de donn\u00e9es\u00a0:<\/strong> Les donn\u00e9es ne seront pas communiqu\u00e9es \u00e0 des tiers, sauf dans les cookies d\u00e9tenus par des tiers ou par<br \/>obligation l\u00e9gale.<br \/>Droits qui assistent l&#039;int\u00e9ress\u00e9\u00a0:<br \/>\u2013 Droit de retirer son consentement \u00e0 tout moment.<br \/>\u2013 Droit d\u2019acc\u00e8s, de rectification, de portabilit\u00e9 et de suppression de vos donn\u00e9es, et limitation ou opposition \u00e0 leur traitement.<br \/>\u2013 Droit de d\u00e9poser une r\u00e9clamation aupr\u00e8s de l\u2019Autorit\u00e9 de Contr\u00f4le (www.aepd.es) si vous consid\u00e9rez que le traitement n\u2019est pas<br \/>est conforme \u00e0 la r\u00e9glementation en vigueur.<\/p>\n<p>\u00a0<\/p>\n<p>Coordonn\u00e9es pour exercer vos droits :<br \/>COMPA\u00d1IA INDUSTRIAL REMOLQUES, SL. C\/ Sis, 9 \u2013 08794 Les Cabanyes (Barcelone). Courriel : info@rcomanche.com.<\/p>\n<p>\u00a0<\/p>\n<p><strong>COOKIES UTILIS\u00c9S SUR CE SITE WEB<\/strong><\/p>\n<p>\u00a0<\/p>\n<p><strong>COOKIES CONTR\u00d4L\u00c9S PAR L&#039;\u00c9DITEUR<\/strong><\/p>\n<p>\u00a0<\/p>\n<p><img fetchpriority=\"high\" decoding=\"async\" class=\"alignnone size-full wp-image-13579\" src=\"http:\/\/rcomanche.com\/wp-content\/uploads\/2022\/01\/Captura.jpg\" alt=\"\" width=\"582\" height=\"598\" \/><\/p>\n<p><img decoding=\"async\" class=\"alignnone size-full wp-image-13580\" src=\"http:\/\/rcomanche.com\/wp-content\/uploads\/2022\/01\/Captura1.jpg\" alt=\"\" width=\"592\" height=\"554\" \/><\/p>\n<p>\u00a0<\/p>\n<p>\u00a0<\/p>\n<p><img decoding=\"async\" class=\"alignnone size-full wp-image-13581\" src=\"http:\/\/rcomanche.com\/wp-content\/uploads\/2022\/01\/Captura-1.jpg\" alt=\"\" width=\"592\" height=\"196\" \/><\/p>\n<p>\u00a0<\/p>\n<p><img loading=\"lazy\" decoding=\"async\" class=\"alignnone size-full wp-image-13582\" src=\"http:\/\/rcomanche.com\/wp-content\/uploads\/2022\/01\/Captura1-1.jpg\" alt=\"\" width=\"607\" height=\"516\" \/><\/p>\n<p>\u00a0<\/p>\n<p>\u00a0<\/p>\n<p><img loading=\"lazy\" decoding=\"async\" class=\"alignnone size-full wp-image-13583\" src=\"http:\/\/rcomanche.com\/wp-content\/uploads\/2022\/01\/Captura-2.jpg\" alt=\"\" width=\"595\" height=\"259\" \/><\/p>\n<p>Depuis ce panneau, vous pouvez configurer les cookies que le site Web peut installer dans votre navigateur, \u00e0 l&#039;exception des cookies<br \/>techniques ou fonctionnels n\u00e9cessaires \u00e0 la navigation et \u00e0 l&#039;utilisation des diff\u00e9rentes options ou services qui<br \/>sont propos\u00e9s.<\/p>\n<p><br \/>Panneau des cookies<\/p>\n<p>\u00a0<\/p>\n<p><img loading=\"lazy\" decoding=\"async\" class=\"alignnone size-full wp-image-13584\" src=\"http:\/\/rcomanche.com\/wp-content\/uploads\/2022\/01\/Captura-3.jpg\" alt=\"\" width=\"596\" height=\"329\" \/><\/p>\n\n\n<p><\/p>","protected":false},"excerpt":{"rendered":"<p>Politique de cookies INFORMATIONS SUR LES COOKIES Conform\u00e9ment \u00e0 la loi 34\/2002 du 11 juillet sur les services de la soci\u00e9t\u00e9 de l&#039;information et du commerce \u00e9lectronique (LSSI), en relation avec le r\u00e8glement (UE) 2016\/679 du Parlement europ\u00e9en et du Conseil du 27 avril\u2026<\/p>","protected":false},"author":2,"featured_media":0,"parent":0,"menu_order":0,"comment_status":"closed","ping_status":"closed","template":"","meta":{"footnotes":""},"class_list":["post-9423","page","type-page","status-publish","hentry"],"_links":{"self":[{"href":"https:\/\/rcomanche.com\/fr\/wp-json\/wp\/v2\/pages\/9423","targetHints":{"allow":["GET"]}}],"collection":[{"href":"https:\/\/rcomanche.com\/fr\/wp-json\/wp\/v2\/pages"}],"about":[{"href":"https:\/\/rcomanche.com\/fr\/wp-json\/wp\/v2\/types\/page"}],"author":[{"embeddable":true,"href":"https:\/\/rcomanche.com\/fr\/wp-json\/wp\/v2\/users\/2"}],"replies":[{"embeddable":true,"href":"https:\/\/rcomanche.com\/fr\/wp-json\/wp\/v2\/comments?post=9423"}],"version-history":[{"count":0,"href":"https:\/\/rcomanche.com\/fr\/wp-json\/wp\/v2\/pages\/9423\/revisions"}],"wp:attachment":[{"href":"https:\/\/rcomanche.com\/fr\/wp-json\/wp\/v2\/media?parent=9423"}],"curies":[{"name":"wp","href":"https:\/\/api.w.org\/{rel}","templated":true}]}}